{"id":1347,"date":"2024-10-09T10:48:32","date_gmt":"2024-10-09T08:48:32","guid":{"rendered":"https:\/\/europhras.cuco.dev\/mentions-legals\/"},"modified":"2025-05-18T16:39:14","modified_gmt":"2025-05-18T14:39:14","slug":"mentions-legals","status":"publish","type":"page","link":"https:\/\/europhras.org\/fr\/mentions-legals\/","title":{"rendered":"Mentions l\u00e9gals"},"content":{"rendered":"[vc_row type=\u00a0\u00bbin_container\u00a0\u00bb full_screen_row_position=\u00a0\u00bbmiddle\u00a0\u00bb column_margin=\u00a0\u00bbdefault\u00a0\u00bb column_direction=\u00a0\u00bbdefault\u00a0\u00bb column_direction_tablet=\u00a0\u00bbdefault\u00a0\u00bb column_direction_phone=\u00a0\u00bbdefault\u00a0\u00bb scene_position=\u00a0\u00bbcenter\u00a0\u00bb text_color=\u00a0\u00bbdark\u00a0\u00bb text_align=\u00a0\u00bbleft\u00a0\u00bb row_border_radius=\u00a0\u00bbnone\u00a0\u00bb row_border_radius_applies=\u00a0\u00bbbg\u00a0\u00bb overflow=\u00a0\u00bbvisible\u00a0\u00bb overlay_strength=\u00a0\u00bb0.3&Prime; gradient_direction=\u00a0\u00bbleft_to_right\u00a0\u00bb shape_divider_position=\u00a0\u00bbbottom\u00a0\u00bb bg_image_animation=\u00a0\u00bbnone\u00a0\u00bb][vc_column column_padding=\u00a0\u00bbno-extra-padding\u00a0\u00bb column_padding_tablet=\u00a0\u00bbinherit\u00a0\u00bb column_padding_phone=\u00a0\u00bbinherit\u00a0\u00bb column_padding_position=\u00a0\u00bball\u00a0\u00bb column_element_direction_desktop=\u00a0\u00bbdefault\u00a0\u00bb column_element_spacing=\u00a0\u00bbdefault\u00a0\u00bb desktop_text_alignment=\u00a0\u00bbdefault\u00a0\u00bb tablet_text_alignment=\u00a0\u00bbdefault\u00a0\u00bb phone_text_alignment=\u00a0\u00bbdefault\u00a0\u00bb background_color_opacity=\u00a0\u00bb1&Prime; background_hover_color_opacity=\u00a0\u00bb1&Prime; column_backdrop_filter=\u00a0\u00bbnone\u00a0\u00bb column_shadow=\u00a0\u00bbnone\u00a0\u00bb column_border_radius=\u00a0\u00bbnone\u00a0\u00bb column_link_target=\u00a0\u00bb_self\u00a0\u00bb column_position=\u00a0\u00bbdefault\u00a0\u00bb gradient_direction=\u00a0\u00bbleft_to_right\u00a0\u00bb overlay_strength=\u00a0\u00bb0.3&Prime; width=\u00a0\u00bb1\/1&Prime; tablet_width_inherit=\u00a0\u00bbdefault\u00a0\u00bb animation_type=\u00a0\u00bbdefault\u00a0\u00bb bg_image_animation=\u00a0\u00bbnone\u00a0\u00bb border_type=\u00a0\u00bbsimple\u00a0\u00bb column_border_width=\u00a0\u00bbnone\u00a0\u00bb column_border_style=\u00a0\u00bbsolid\u00a0\u00bb][split_line_heading animation_type=\u00a0\u00bbline-reveal-by-space\u00a0\u00bb font_style=\u00a0\u00bbh1&Prime; text_color=\u00a0\u00bb#062c80&Prime; line_reveal_by_space_text_effect=\u00a0\u00bbdefault\u00a0\u00bb content_alignment=\u00a0\u00bbdefault\u00a0\u00bb mobile_content_alignment=\u00a0\u00bbinherit\u00a0\u00bb link_target=\u00a0\u00bb_self\u00a0\u00bb text_content=\u00a0\u00bbMentions l\u00e9gals\u00a0\u00bb text_direction=\u00a0\u00bbdefault\u00a0\u00bb][\/split_line_heading][\/vc_column][\/vc_row][vc_row type=\u00a0\u00bbin_container\u00a0\u00bb full_screen_row_position=\u00a0\u00bbmiddle\u00a0\u00bb column_margin=\u00a0\u00bbdefault\u00a0\u00bb column_direction=\u00a0\u00bbdefault\u00a0\u00bb column_direction_tablet=\u00a0\u00bbdefault\u00a0\u00bb column_direction_phone=\u00a0\u00bbdefault\u00a0\u00bb scene_position=\u00a0\u00bbcenter\u00a0\u00bb text_color=\u00a0\u00bbdark\u00a0\u00bb text_align=\u00a0\u00bbleft\u00a0\u00bb row_border_radius=\u00a0\u00bbnone\u00a0\u00bb row_border_radius_applies=\u00a0\u00bbbg\u00a0\u00bb overflow=\u00a0\u00bbvisible\u00a0\u00bb overlay_strength=\u00a0\u00bb0.3&Prime; gradient_direction=\u00a0\u00bbleft_to_right\u00a0\u00bb shape_divider_position=\u00a0\u00bbbottom\u00a0\u00bb bg_image_animation=\u00a0\u00bbnone\u00a0\u00bb][vc_column column_padding=\u00a0\u00bbno-extra-padding\u00a0\u00bb column_padding_tablet=\u00a0\u00bbinherit\u00a0\u00bb column_padding_phone=\u00a0\u00bbinherit\u00a0\u00bb column_padding_position=\u00a0\u00bball\u00a0\u00bb column_element_direction_desktop=\u00a0\u00bbdefault\u00a0\u00bb column_element_spacing=\u00a0\u00bbdefault\u00a0\u00bb desktop_text_alignment=\u00a0\u00bbdefault\u00a0\u00bb tablet_text_alignment=\u00a0\u00bbdefault\u00a0\u00bb phone_text_alignment=\u00a0\u00bbdefault\u00a0\u00bb background_color_opacity=\u00a0\u00bb1&Prime; background_hover_color_opacity=\u00a0\u00bb1&Prime; column_backdrop_filter=\u00a0\u00bbnone\u00a0\u00bb column_shadow=\u00a0\u00bbnone\u00a0\u00bb column_border_radius=\u00a0\u00bbnone\u00a0\u00bb column_link_target=\u00a0\u00bb_self\u00a0\u00bb column_position=\u00a0\u00bbdefault\u00a0\u00bb gradient_direction=\u00a0\u00bbleft_to_right\u00a0\u00bb overlay_strength=\u00a0\u00bb0.3&Prime; width=\u00a0\u00bb1\/1&Prime; tablet_width_inherit=\u00a0\u00bbdefault\u00a0\u00bb animation_type=\u00a0\u00bbdefault\u00a0\u00bb bg_image_animation=\u00a0\u00bbnone\u00a0\u00bb border_type=\u00a0\u00bbsimple\u00a0\u00bb column_border_width=\u00a0\u00bbnone\u00a0\u00bb column_border_style=\u00a0\u00bbsolid\u00a0\u00bb][vc_column_text css=\u00a0\u00bb\u00a0\u00bb text_direction=\u00a0\u00bbdefault\u00a0\u00bb]Europ\u00e4ische Gesellschaft f\u00fcr Phraseologie (EUROPHRAS)<br \/>\nEuropean Society of Phraseology,<br \/>\nSoci\u00e9t\u00e9 Europ\u00e9enne de Phraseologie<br \/>\nSociedad Europea de Fraseolog\u00eda<\/p>\n<h3>Si\u00e8ge<\/h3>\n<p>Zurich (Suisse)<\/p>\n<h3>Forme juridique<\/h3>\n<p>Association (enregistr\u00e9e au registre du commerce de Zurich)<\/p>\n<h3>Num\u00e9ro d\u2019enregistrement au registre du commerce<\/h3>\n<p>KM\/6:2\/CHE-255.282.665\/ZH-55669-2016-0002\/CH-020.6.001.677-0<\/p>\n<h3>Pr\u00e9sidente<\/h3>\n<p>Univ.-Prof. Dr. Natalia Filatkina<\/p>\n<h3>Adresse<\/h3>\n<p>Fakult\u00e4t der Geisteswissenschaften<br \/>\nSLM I, Institut f\u00fcr Germanistik<br \/>\nLinguistik des Deutschen<br \/>\nDigitale historische Sprachwissenschaft<br \/>\n\u00dcberseering 35, Postfach #15<br \/>\n22297 Hamburg<br \/>\nRaum 8054 S\u00fcd<\/p>\n<p>T\u00e9l.: +49 (0)40 42838-6163<\/p>\n<h3>E-Mail<\/h3>\n<p><span id=\"cloaka3b708d9915bc5806f7bc770f9ab2c27\"><a href=\"&#x6d;&#x61;&#x69;&#x6c;&#x74;&#x6f;&#x3a;&#x6e;&#x61;&#x74;&#x61;&#x6c;&#x69;&#x61;&#x2e;&#x66;&#x69;&#x6c;&#x61;&#x74;&#x6b;&#x69;&#x6e;&#x61;&#x40;&#x75;&#x6e;&#x69;&#x2d;&#x68;&#x61;&#x6d;&#x62;&#x75;&#x72;&#x67;&#x2e;&#x64;&#x65;\">n&#97;&#116;&#x61;&#x6c;i&#97;&#46;&#x66;&#x69;&#x6c;a&#116;&#107;&#x69;&#x6e;a&#64;&#117;&#x6e;&#x69;&#x2d;h&#97;&#109;&#x62;&#x75;rg&#46;&#x64;&#x65;<\/a><\/span><\/p>\n<h3>Site Internet d\u2019EUROPHRAS<\/h3>\n<p>Le site Internet de l\u2019association est g\u00e9r\u00e9 par l\u2019Institut f\u00fcr Deutsche Sprachen de Mannheim (Allemagne) qui en assure la maintenance.<\/p>\n<p><strong>Equipe de r\u00e9daction :<\/strong> Kathrin Steyer (responsable des contenus), Annelen Brunner (assistance technique)<\/p>\n<p><strong>E-Mail<\/strong>: <span id=\"cloak5caebe75b06463d95ab18ff0c8088b8a\"><a href=\"m&#97;&#x69;&#x6c;t&#111;&#x3a;&#x72;e&#100;&#x61;&#x6b;t&#105;&#x6f;&#x6e;&#64;&#101;&#x75;&#x72;o&#112;&#104;&#x72;&#x61;s&#46;&#x6f;&#x72;g\">r&#101;&#x64;&#x61;k&#116;&#x69;&#x6f;n&#64;&#x65;&#x75;r&#111;&#x70;&#x68;r&#97;&#x73;&#x2e;o&#114;&#103;<\/a><\/span><\/p>\n<h3>Exclusion de responsabilit\u00e9 pour les renvois et liens pr\u00e9sents sur le site<\/h3>\n<p>Il convient de distinguer les contenus qui sont ceux du site Internet d\u2019Europhras des renvois (liens externes) vers des contenus propos\u00e9s par des tiers. Ces contenus exog\u00e8nes ne sont pas le fait d\u2019Europhras qui n\u2019a pas non plus la possibilit\u00e9 d\u2019exercer quelque influence que ce soit sur ces pages tiers. Le contenu des pages externes au site indiqu\u00e9es en lien ne refl\u00e8te pas les positions d\u2019Europhras, ils ont pour seule fonction de fournir des informations suppl\u00e9mentaires et de pr\u00e9senter des \u00e9l\u00e9ments de contextualisation.  <\/p>\n<p>Le tiers \u00e0 l\u2019origine des pages vers lesquelles renvoie le site d\u2019Europhras est seul responsable de contenus ill\u00e9gaux, erron\u00e9s ou incomplets et en particulier de dommages pouvant \u00eatre occasionn\u00e9s par l\u2019utilisation ou la non-utilisation des informations qu\u2019il pr\u00e9sente sur ces pages.[\/vc_column_text][\/vc_column][\/vc_row][vc_row type=\u00a0\u00bbin_container\u00a0\u00bb full_screen_row_position=\u00a0\u00bbmiddle\u00a0\u00bb column_margin=\u00a0\u00bbdefault\u00a0\u00bb column_direction=\u00a0\u00bbdefault\u00a0\u00bb column_direction_tablet=\u00a0\u00bbdefault\u00a0\u00bb column_direction_phone=\u00a0\u00bbdefault\u00a0\u00bb scene_position=\u00a0\u00bbcenter\u00a0\u00bb bottom_padding=\u00a0\u00bb10%\u00a0\u00bb text_color=\u00a0\u00bbdark\u00a0\u00bb text_align=\u00a0\u00bbleft\u00a0\u00bb row_border_radius=\u00a0\u00bbnone\u00a0\u00bb row_border_radius_applies=\u00a0\u00bbbg\u00a0\u00bb overflow=\u00a0\u00bbvisible\u00a0\u00bb overlay_strength=\u00a0\u00bb0.3&Prime; gradient_direction=\u00a0\u00bbleft_to_right\u00a0\u00bb shape_divider_position=\u00a0\u00bbbottom\u00a0\u00bb bg_image_animation=\u00a0\u00bbnone\u00a0\u00bb gradient_type=\u00a0\u00bbdefault\u00a0\u00bb shape_type=\u00a0\u00bb\u00a0\u00bb][vc_column column_padding=\u00a0\u00bbno-extra-padding\u00a0\u00bb column_padding_tablet=\u00a0\u00bbinherit\u00a0\u00bb column_padding_phone=\u00a0\u00bbinherit\u00a0\u00bb column_padding_position=\u00a0\u00bball\u00a0\u00bb column_element_direction_desktop=\u00a0\u00bbdefault\u00a0\u00bb column_element_spacing=\u00a0\u00bbdefault\u00a0\u00bb desktop_text_alignment=\u00a0\u00bbdefault\u00a0\u00bb tablet_text_alignment=\u00a0\u00bbdefault\u00a0\u00bb phone_text_alignment=\u00a0\u00bbdefault\u00a0\u00bb background_color_opacity=\u00a0\u00bb1&Prime; background_hover_color_opacity=\u00a0\u00bb1&Prime; column_backdrop_filter=\u00a0\u00bbnone\u00a0\u00bb column_shadow=\u00a0\u00bbnone\u00a0\u00bb column_border_radius=\u00a0\u00bbnone\u00a0\u00bb column_link_target=\u00a0\u00bb_self\u00a0\u00bb column_position=\u00a0\u00bbdefault\u00a0\u00bb gradient_direction=\u00a0\u00bbleft_to_right\u00a0\u00bb overlay_strength=\u00a0\u00bb0.3&Prime; width=\u00a0\u00bb1\/1&Prime; tablet_width_inherit=\u00a0\u00bbdefault\u00a0\u00bb animation_type=\u00a0\u00bbdefault\u00a0\u00bb bg_image_animation=\u00a0\u00bbnone\u00a0\u00bb border_type=\u00a0\u00bbsimple\u00a0\u00bb column_border_width=\u00a0\u00bbnone\u00a0\u00bb column_border_style=\u00a0\u00bbsolid\u00a0\u00bb][\/vc_column][\/vc_row]\n","protected":false},"excerpt":{"rendered":"<p>[vc_row type=\u00a0\u00bbin_container\u00a0\u00bb full_screen_row_position=\u00a0\u00bbmiddle\u00a0\u00bb column_margin=\u00a0\u00bbdefault\u00a0\u00bb column_direction=\u00a0\u00bbdefault\u00a0\u00bb column_direction_tablet=\u00a0\u00bbdefault\u00a0\u00bb column_direction_phone=\u00a0\u00bbdefault\u00a0\u00bb scene_position=\u00a0\u00bbcenter\u00a0\u00bb text_color=\u00a0\u00bbdark\u00a0\u00bb text_align=\u00a0\u00bbleft\u00a0\u00bb row_border_radius=\u00a0\u00bbnone\u00a0\u00bb row_border_radius_applies=\u00a0\u00bbbg\u00a0\u00bb overflow=\u00a0\u00bbvisible\u00a0\u00bb overlay_strength=\u00a0\u00bb0.3&Prime; gradient_direction=\u00a0\u00bbleft_to_right\u00a0\u00bb shape_divider_position=\u00a0\u00bbbottom\u00a0\u00bb bg_image_animation=\u00a0\u00bbnone\u00a0\u00bb][vc_column column_padding=\u00a0\u00bbno-extra-padding\u00a0\u00bb column_padding_tablet=\u00a0\u00bbinherit\u00a0\u00bb column_padding_phone=\u00a0\u00bbinherit\u00a0\u00bb column_padding_position=\u00a0\u00bball\u00a0\u00bb column_element_direction_desktop=\u00a0\u00bbdefault\u00a0\u00bb column_element_spacing=\u00a0\u00bbdefault\u00a0\u00bb desktop_text_alignment=\u00a0\u00bbdefault\u00a0\u00bb tablet_text_alignment=\u00a0\u00bbdefault\u00a0\u00bb phone_text_alignment=\u00a0\u00bbdefault\u00a0\u00bb background_color_opacity=\u00a0\u00bb1&Prime; background_hover_color_opacity=\u00a0\u00bb1&Prime; column_backdrop_filter=\u00a0\u00bbnone\u00a0\u00bb column_shadow=\u00a0\u00bbnone\u00a0\u00bb&#8230;<\/p>\n","protected":false},"author":1,"featured_media":0,"parent":0,"menu_order":0,"comment_status":"closed","ping_status":"closed","template":"","meta":{"_acf_changed":false,"inline_featured_image":false,"footnotes":""},"class_list":["post-1347","page","type-page","status-publish"],"acf":[],"yoast_head":"<!-- This site is optimized with the Yoast SEO plugin v26.6 - https:\/\/yoast.com\/wordpress\/plugins\/seo\/ -->\n<title>Mentions l\u00e9gals - Europhras<\/title>\n<meta name=\"robots\" content=\"index, follow, max-snippet:-1, max-image-preview:large, max-video-preview:-1\" \/>\n<link rel=\"canonical\" href=\"https:\/\/europhras.org\/fr\/mentions-legals\/\" \/>\n<meta property=\"og:locale\" content=\"fr_FR\" \/>\n<meta property=\"og:type\" content=\"article\" \/>\n<meta property=\"og:title\" content=\"Mentions l\u00e9gals - Europhras\" \/>\n<meta property=\"og:description\" content=\"[vc_row type=\u00a0\u00bbin_container\u00a0\u00bb full_screen_row_position=\u00a0\u00bbmiddle\u00a0\u00bb column_margin=\u00a0\u00bbdefault\u00a0\u00bb column_direction=\u00a0\u00bbdefault\u00a0\u00bb column_direction_tablet=\u00a0\u00bbdefault\u00a0\u00bb column_direction_phone=\u00a0\u00bbdefault\u00a0\u00bb scene_position=\u00a0\u00bbcenter\u00a0\u00bb text_color=\u00a0\u00bbdark\u00a0\u00bb text_align=\u00a0\u00bbleft\u00a0\u00bb row_border_radius=\u00a0\u00bbnone\u00a0\u00bb row_border_radius_applies=\u00a0\u00bbbg\u00a0\u00bb overflow=\u00a0\u00bbvisible\u00a0\u00bb overlay_strength=\u00a0\u00bb0.3&Prime; gradient_direction=\u00a0\u00bbleft_to_right\u00a0\u00bb shape_divider_position=\u00a0\u00bbbottom\u00a0\u00bb bg_image_animation=\u00a0\u00bbnone\u00a0\u00bb][vc_column column_padding=\u00a0\u00bbno-extra-padding\u00a0\u00bb column_padding_tablet=\u00a0\u00bbinherit\u00a0\u00bb column_padding_phone=\u00a0\u00bbinherit\u00a0\u00bb column_padding_position=\u00a0\u00bball\u00a0\u00bb column_element_direction_desktop=\u00a0\u00bbdefault\u00a0\u00bb column_element_spacing=\u00a0\u00bbdefault\u00a0\u00bb desktop_text_alignment=\u00a0\u00bbdefault\u00a0\u00bb tablet_text_alignment=\u00a0\u00bbdefault\u00a0\u00bb phone_text_alignment=\u00a0\u00bbdefault\u00a0\u00bb background_color_opacity=\u00a0\u00bb1&Prime; background_hover_color_opacity=\u00a0\u00bb1&Prime; column_backdrop_filter=\u00a0\u00bbnone\u00a0\u00bb column_shadow=\u00a0\u00bbnone\u00a0\u00bb...\" \/>\n<meta property=\"og:url\" content=\"https:\/\/europhras.org\/fr\/mentions-legals\/\" \/>\n<meta property=\"og:site_name\" content=\"Europhras\" \/>\n<meta property=\"article:modified_time\" content=\"2025-05-18T14:39:14+00:00\" \/>\n<meta name=\"twitter:card\" content=\"summary_large_image\" \/>\n<meta name=\"twitter:label1\" content=\"Dur\u00e9e de lecture estim\u00e9e\" \/>\n\t<meta name=\"twitter:data1\" content=\"4 minutes\" \/>\n<script type=\"application\/ld+json\" class=\"yoast-schema-graph\">{\"@context\":\"https:\/\/schema.org\",\"@graph\":[{\"@type\":\"WebPage\",\"@id\":\"https:\/\/europhras.org\/fr\/mentions-legals\/\",\"url\":\"https:\/\/europhras.org\/fr\/mentions-legals\/\",\"name\":\"Mentions l\u00e9gals - Europhras\",\"isPartOf\":{\"@id\":\"https:\/\/europhras.org\/fr\/#website\"},\"datePublished\":\"2024-10-09T08:48:32+00:00\",\"dateModified\":\"2025-05-18T14:39:14+00:00\",\"breadcrumb\":{\"@id\":\"https:\/\/europhras.org\/fr\/mentions-legals\/#breadcrumb\"},\"inLanguage\":\"fr-FR\",\"potentialAction\":[{\"@type\":\"ReadAction\",\"target\":[\"https:\/\/europhras.org\/fr\/mentions-legals\/\"]}]},{\"@type\":\"BreadcrumbList\",\"@id\":\"https:\/\/europhras.org\/fr\/mentions-legals\/#breadcrumb\",\"itemListElement\":[{\"@type\":\"ListItem\",\"position\":1,\"name\":\"Accueil\",\"item\":\"https:\/\/europhras.org\/fr\/page-daccueil\/\"},{\"@type\":\"ListItem\",\"position\":2,\"name\":\"Mentions l\u00e9gals\"}]},{\"@type\":\"WebSite\",\"@id\":\"https:\/\/europhras.org\/fr\/#website\",\"url\":\"https:\/\/europhras.org\/fr\/\",\"name\":\"Europhras\",\"description\":\"\",\"publisher\":{\"@id\":\"https:\/\/europhras.org\/fr\/#organization\"},\"potentialAction\":[{\"@type\":\"SearchAction\",\"target\":{\"@type\":\"EntryPoint\",\"urlTemplate\":\"https:\/\/europhras.org\/fr\/?s={search_term_string}\"},\"query-input\":{\"@type\":\"PropertyValueSpecification\",\"valueRequired\":true,\"valueName\":\"search_term_string\"}}],\"inLanguage\":\"fr-FR\"},{\"@type\":\"Organization\",\"@id\":\"https:\/\/europhras.org\/fr\/#organization\",\"name\":\"Europhras\",\"url\":\"https:\/\/europhras.org\/fr\/\",\"logo\":{\"@type\":\"ImageObject\",\"inLanguage\":\"fr-FR\",\"@id\":\"https:\/\/europhras.org\/fr\/#\/schema\/logo\/image\/\",\"url\":\"https:\/\/europhras.org\/wp-content\/uploads\/2024\/10\/ep-logo_2x.png\",\"contentUrl\":\"https:\/\/europhras.org\/wp-content\/uploads\/2024\/10\/ep-logo_2x.png\",\"width\":1231,\"height\":220,\"caption\":\"Europhras\"},\"image\":{\"@id\":\"https:\/\/europhras.org\/fr\/#\/schema\/logo\/image\/\"}}]}<\/script>\n<!-- \/ Yoast SEO plugin. -->","yoast_head_json":{"title":"Mentions l\u00e9gals - Europhras","robots":{"index":"index","follow":"follow","max-snippet":"max-snippet:-1","max-image-preview":"max-image-preview:large","max-video-preview":"max-video-preview:-1"},"canonical":"https:\/\/europhras.org\/fr\/mentions-legals\/","og_locale":"fr_FR","og_type":"article","og_title":"Mentions l\u00e9gals - Europhras","og_description":"[vc_row type=\u00a0\u00bbin_container\u00a0\u00bb full_screen_row_position=\u00a0\u00bbmiddle\u00a0\u00bb column_margin=\u00a0\u00bbdefault\u00a0\u00bb column_direction=\u00a0\u00bbdefault\u00a0\u00bb column_direction_tablet=\u00a0\u00bbdefault\u00a0\u00bb column_direction_phone=\u00a0\u00bbdefault\u00a0\u00bb scene_position=\u00a0\u00bbcenter\u00a0\u00bb text_color=\u00a0\u00bbdark\u00a0\u00bb text_align=\u00a0\u00bbleft\u00a0\u00bb row_border_radius=\u00a0\u00bbnone\u00a0\u00bb row_border_radius_applies=\u00a0\u00bbbg\u00a0\u00bb overflow=\u00a0\u00bbvisible\u00a0\u00bb overlay_strength=\u00a0\u00bb0.3&Prime; gradient_direction=\u00a0\u00bbleft_to_right\u00a0\u00bb shape_divider_position=\u00a0\u00bbbottom\u00a0\u00bb bg_image_animation=\u00a0\u00bbnone\u00a0\u00bb][vc_column column_padding=\u00a0\u00bbno-extra-padding\u00a0\u00bb column_padding_tablet=\u00a0\u00bbinherit\u00a0\u00bb column_padding_phone=\u00a0\u00bbinherit\u00a0\u00bb column_padding_position=\u00a0\u00bball\u00a0\u00bb column_element_direction_desktop=\u00a0\u00bbdefault\u00a0\u00bb column_element_spacing=\u00a0\u00bbdefault\u00a0\u00bb desktop_text_alignment=\u00a0\u00bbdefault\u00a0\u00bb tablet_text_alignment=\u00a0\u00bbdefault\u00a0\u00bb phone_text_alignment=\u00a0\u00bbdefault\u00a0\u00bb background_color_opacity=\u00a0\u00bb1&Prime; background_hover_color_opacity=\u00a0\u00bb1&Prime; column_backdrop_filter=\u00a0\u00bbnone\u00a0\u00bb column_shadow=\u00a0\u00bbnone\u00a0\u00bb...","og_url":"https:\/\/europhras.org\/fr\/mentions-legals\/","og_site_name":"Europhras","article_modified_time":"2025-05-18T14:39:14+00:00","twitter_card":"summary_large_image","twitter_misc":{"Dur\u00e9e de lecture estim\u00e9e":"4 minutes"},"schema":{"@context":"https:\/\/schema.org","@graph":[{"@type":"WebPage","@id":"https:\/\/europhras.org\/fr\/mentions-legals\/","url":"https:\/\/europhras.org\/fr\/mentions-legals\/","name":"Mentions l\u00e9gals - Europhras","isPartOf":{"@id":"https:\/\/europhras.org\/fr\/#website"},"datePublished":"2024-10-09T08:48:32+00:00","dateModified":"2025-05-18T14:39:14+00:00","breadcrumb":{"@id":"https:\/\/europhras.org\/fr\/mentions-legals\/#breadcrumb"},"inLanguage":"fr-FR","potentialAction":[{"@type":"ReadAction","target":["https:\/\/europhras.org\/fr\/mentions-legals\/"]}]},{"@type":"BreadcrumbList","@id":"https:\/\/europhras.org\/fr\/mentions-legals\/#breadcrumb","itemListElement":[{"@type":"ListItem","position":1,"name":"Accueil","item":"https:\/\/europhras.org\/fr\/page-daccueil\/"},{"@type":"ListItem","position":2,"name":"Mentions l\u00e9gals"}]},{"@type":"WebSite","@id":"https:\/\/europhras.org\/fr\/#website","url":"https:\/\/europhras.org\/fr\/","name":"Europhras","description":"","publisher":{"@id":"https:\/\/europhras.org\/fr\/#organization"},"potentialAction":[{"@type":"SearchAction","target":{"@type":"EntryPoint","urlTemplate":"https:\/\/europhras.org\/fr\/?s={search_term_string}"},"query-input":{"@type":"PropertyValueSpecification","valueRequired":true,"valueName":"search_term_string"}}],"inLanguage":"fr-FR"},{"@type":"Organization","@id":"https:\/\/europhras.org\/fr\/#organization","name":"Europhras","url":"https:\/\/europhras.org\/fr\/","logo":{"@type":"ImageObject","inLanguage":"fr-FR","@id":"https:\/\/europhras.org\/fr\/#\/schema\/logo\/image\/","url":"https:\/\/europhras.org\/wp-content\/uploads\/2024\/10\/ep-logo_2x.png","contentUrl":"https:\/\/europhras.org\/wp-content\/uploads\/2024\/10\/ep-logo_2x.png","width":1231,"height":220,"caption":"Europhras"},"image":{"@id":"https:\/\/europhras.org\/fr\/#\/schema\/logo\/image\/"}}]}},"_links":{"self":[{"href":"https:\/\/europhras.org\/fr\/wp-json\/wp\/v2\/pages\/1347","targetHints":{"allow":["GET"]}}],"collection":[{"href":"https:\/\/europhras.org\/fr\/wp-json\/wp\/v2\/pages"}],"about":[{"href":"https:\/\/europhras.org\/fr\/wp-json\/wp\/v2\/types\/page"}],"author":[{"embeddable":true,"href":"https:\/\/europhras.org\/fr\/wp-json\/wp\/v2\/users\/1"}],"replies":[{"embeddable":true,"href":"https:\/\/europhras.org\/fr\/wp-json\/wp\/v2\/comments?post=1347"}],"version-history":[{"count":0,"href":"https:\/\/europhras.org\/fr\/wp-json\/wp\/v2\/pages\/1347\/revisions"}],"wp:attachment":[{"href":"https:\/\/europhras.org\/fr\/wp-json\/wp\/v2\/media?parent=1347"}],"curies":[{"name":"wp","href":"https:\/\/api.w.org\/{rel}","templated":true}]}}