{"id":1216,"date":"2024-10-09T10:45:50","date_gmt":"2024-10-09T08:45:50","guid":{"rendered":"https:\/\/europhras.cuco.dev\/conferences\/passe\/"},"modified":"2025-05-18T15:44:03","modified_gmt":"2025-05-18T13:44:03","slug":"passe","status":"publish","type":"page","link":"https:\/\/europhras.org\/fr\/conferences\/passe\/","title":{"rendered":"Pass\u00e9"},"content":{"rendered":"[vc_row type=\u00a0\u00bbin_container\u00a0\u00bb full_screen_row_position=\u00a0\u00bbmiddle\u00a0\u00bb column_margin=\u00a0\u00bbdefault\u00a0\u00bb column_direction=\u00a0\u00bbdefault\u00a0\u00bb column_direction_tablet=\u00a0\u00bbdefault\u00a0\u00bb column_direction_phone=\u00a0\u00bbdefault\u00a0\u00bb scene_position=\u00a0\u00bbcenter\u00a0\u00bb text_color=\u00a0\u00bbdark\u00a0\u00bb text_align=\u00a0\u00bbleft\u00a0\u00bb row_border_radius=\u00a0\u00bbnone\u00a0\u00bb row_border_radius_applies=\u00a0\u00bbbg\u00a0\u00bb overflow=\u00a0\u00bbvisible\u00a0\u00bb overlay_strength=\u00a0\u00bb0.3&Prime; gradient_direction=\u00a0\u00bbleft_to_right\u00a0\u00bb shape_divider_position=\u00a0\u00bbbottom\u00a0\u00bb bg_image_animation=\u00a0\u00bbnone\u00a0\u00bb][vc_column column_padding=\u00a0\u00bbno-extra-padding\u00a0\u00bb column_padding_tablet=\u00a0\u00bbinherit\u00a0\u00bb column_padding_phone=\u00a0\u00bbinherit\u00a0\u00bb column_padding_position=\u00a0\u00bball\u00a0\u00bb column_element_direction_desktop=\u00a0\u00bbdefault\u00a0\u00bb column_element_spacing=\u00a0\u00bbdefault\u00a0\u00bb desktop_text_alignment=\u00a0\u00bbdefault\u00a0\u00bb tablet_text_alignment=\u00a0\u00bbdefault\u00a0\u00bb phone_text_alignment=\u00a0\u00bbdefault\u00a0\u00bb background_color_opacity=\u00a0\u00bb1&Prime; background_hover_color_opacity=\u00a0\u00bb1&Prime; column_backdrop_filter=\u00a0\u00bbnone\u00a0\u00bb column_shadow=\u00a0\u00bbnone\u00a0\u00bb column_border_radius=\u00a0\u00bbnone\u00a0\u00bb column_link_target=\u00a0\u00bb_self\u00a0\u00bb column_position=\u00a0\u00bbdefault\u00a0\u00bb gradient_direction=\u00a0\u00bbleft_to_right\u00a0\u00bb overlay_strength=\u00a0\u00bb0.3&Prime; width=\u00a0\u00bb1\/1&Prime; tablet_width_inherit=\u00a0\u00bbdefault\u00a0\u00bb animation_type=\u00a0\u00bbdefault\u00a0\u00bb bg_image_animation=\u00a0\u00bbnone\u00a0\u00bb border_type=\u00a0\u00bbsimple\u00a0\u00bb column_border_width=\u00a0\u00bbnone\u00a0\u00bb column_border_style=\u00a0\u00bbsolid\u00a0\u00bb][split_line_heading animation_type=\u00a0\u00bbline-reveal-by-space\u00a0\u00bb font_style=\u00a0\u00bbh1&Prime; text_color=\u00a0\u00bb#062c80&Prime; line_reveal_by_space_text_effect=\u00a0\u00bbdefault\u00a0\u00bb content_alignment=\u00a0\u00bbdefault\u00a0\u00bb mobile_content_alignment=\u00a0\u00bbinherit\u00a0\u00bb link_target=\u00a0\u00bb_self\u00a0\u00bb text_content=\u00a0\u00bbConf\u00e9rences pass\u00e9es\u00a0\u00bb text_direction=\u00a0\u00bbdefault\u00a0\u00bb][\/split_line_heading][\/vc_column][\/vc_row][vc_row type=\u00a0\u00bbin_container\u00a0\u00bb full_screen_row_position=\u00a0\u00bbmiddle\u00a0\u00bb column_margin=\u00a0\u00bbdefault\u00a0\u00bb column_direction=\u00a0\u00bbdefault\u00a0\u00bb column_direction_tablet=\u00a0\u00bbdefault\u00a0\u00bb column_direction_phone=\u00a0\u00bbdefault\u00a0\u00bb scene_position=\u00a0\u00bbcenter\u00a0\u00bb text_color=\u00a0\u00bbdark\u00a0\u00bb text_align=\u00a0\u00bbleft\u00a0\u00bb row_border_radius=\u00a0\u00bbnone\u00a0\u00bb row_border_radius_applies=\u00a0\u00bbbg\u00a0\u00bb overflow=\u00a0\u00bbvisible\u00a0\u00bb overlay_strength=\u00a0\u00bb0.3&Prime; gradient_direction=\u00a0\u00bbleft_to_right\u00a0\u00bb shape_divider_position=\u00a0\u00bbbottom\u00a0\u00bb bg_image_animation=\u00a0\u00bbnone\u00a0\u00bb][vc_column column_padding=\u00a0\u00bbno-extra-padding\u00a0\u00bb column_padding_tablet=\u00a0\u00bbinherit\u00a0\u00bb column_padding_phone=\u00a0\u00bbinherit\u00a0\u00bb column_padding_position=\u00a0\u00bball\u00a0\u00bb column_element_direction_desktop=\u00a0\u00bbdefault\u00a0\u00bb column_element_spacing=\u00a0\u00bbdefault\u00a0\u00bb desktop_text_alignment=\u00a0\u00bbdefault\u00a0\u00bb tablet_text_alignment=\u00a0\u00bbdefault\u00a0\u00bb phone_text_alignment=\u00a0\u00bbdefault\u00a0\u00bb background_color_opacity=\u00a0\u00bb1&Prime; background_hover_color_opacity=\u00a0\u00bb1&Prime; column_backdrop_filter=\u00a0\u00bbnone\u00a0\u00bb column_shadow=\u00a0\u00bbnone\u00a0\u00bb column_border_radius=\u00a0\u00bbnone\u00a0\u00bb column_link_target=\u00a0\u00bb_self\u00a0\u00bb column_position=\u00a0\u00bbdefault\u00a0\u00bb gradient_direction=\u00a0\u00bbleft_to_right\u00a0\u00bb overlay_strength=\u00a0\u00bb0.3&Prime; width=\u00a0\u00bb1\/1&Prime; tablet_width_inherit=\u00a0\u00bbdefault\u00a0\u00bb animation_type=\u00a0\u00bbdefault\u00a0\u00bb bg_image_animation=\u00a0\u00bbnone\u00a0\u00bb border_type=\u00a0\u00bbsimple\u00a0\u00bb column_border_width=\u00a0\u00bbnone\u00a0\u00bb column_border_style=\u00a0\u00bbsolid\u00a0\u00bb][vc_column_text css=\u00a0\u00bb\u00a0\u00bb text_direction=\u00a0\u00bbdefault\u00a0\u00bb]<div id=\"vsel\" class=\"vsel-shortcode vsel-shortcode-past-events\"><div id=\"event-814\" class=\"vsel-content vsel-past\"><div class=\"vsel-meta vsel-alignleft\" style=\"width:36%;\"><div class=\"vsel-meta-combine\"><div class=\"vsel-meta-date-icon vsel-meta-combined-date-icon\"><div class=\"vsel-start-icon\"><span class=\"vsel-month vsel-month-top\">Mai<\/span><span class=\"vsel-day\">19<\/span><span class=\"vsel-year\">2025<\/span><\/div><div class=\"vsel-end-icon\"><span class=\"vsel-month vsel-month-top\">Mai<\/span><span class=\"vsel-day\">22<\/span><span class=\"vsel-year\">2025<\/span><\/div><\/div><h3 class=\"vsel-meta-title\"><a href=\"https:\/\/europhras.org\/fr\/event\/europhras-2025-phraseologie-und-kommunikation-formelhafte-sprache-in-der-kommunikation\/\" rel=\"bookmark\" title=\"EUROPHRAS 2025: Phraseologie und Kommunikation \u2013 Formelhafte Sprache in der Kommunikation\">EUROPHRAS 2025: Phraseologie und Kommunikation \u2013 Formelhafte Sprache in der Kommunikation<\/a><\/h3><div class=\"vsel-meta-time vsel-meta-all-day\">\u00c9v\u00e8nement sur toute la journ\u00e9e<\/div><div class=\"vsel-meta-location\">Lieu: <span>Aarhus<\/span><\/div><\/div><\/div><div class=\"vsel-info vsel-alignright\" style=\"width:60%;\"><div class=\"vsel-text\"><a class=\"vsel-read-more\" href=\"https:\/\/europhras.org\/fr\/event\/europhras-2025-phraseologie-und-kommunikation-formelhafte-sprache-in-der-kommunikation\/\" rel=\"bookmark\">Read more<\/a><\/div><\/div><\/div><div id=\"event-930\" class=\"vsel-content vsel-past\"><div class=\"vsel-meta vsel-alignleft\" style=\"width:36%;\"><div class=\"vsel-meta-combine\"><div class=\"vsel-meta-date-icon vsel-meta-combined-date-icon\"><div class=\"vsel-start-icon\"><span class=\"vsel-month vsel-month-top\">Mai<\/span><span class=\"vsel-day\">29<\/span><span class=\"vsel-year\">2023<\/span><\/div><div class=\"vsel-end-icon\"><span class=\"vsel-month vsel-month-top\">Juin<\/span><span class=\"vsel-day\">1<\/span><span class=\"vsel-year\">2023<\/span><\/div><\/div><h3 class=\"vsel-meta-title\"><a href=\"https:\/\/europhras.org\/fr\/event\/europhras-2023-new-trends-in-phraseology-languages-and-cultures-in-comparison\/\" rel=\"bookmark\" title=\"EUROPHRAS 2023: New Trends in Phraseology: Languages and Cultures in Comparison\">EUROPHRAS 2023: New Trends in Phraseology: Languages and Cultures in Comparison<\/a><\/h3><div class=\"vsel-meta-time vsel-meta-all-day\">\u00c9v\u00e8nement sur toute la journ\u00e9e<\/div><div class=\"vsel-meta-location\">Lieu: <span>Mailand<\/span><\/div><\/div><\/div><div class=\"vsel-info vsel-alignright\" style=\"width:60%;\"><div class=\"vsel-text\"><a class=\"vsel-read-more\" href=\"https:\/\/europhras.org\/fr\/event\/europhras-2023-new-trends-in-phraseology-languages-and-cultures-in-comparison\/\" rel=\"bookmark\">Read more<\/a><\/div><\/div><\/div><div id=\"event-936\" class=\"vsel-content vsel-past\"><div class=\"vsel-meta vsel-alignleft\" style=\"width:36%;\"><div class=\"vsel-meta-combine\"><div class=\"vsel-meta-date-icon vsel-meta-combined-date-icon\"><div class=\"vsel-start-icon\"><span class=\"vsel-month vsel-month-top\">Mar<\/span><span class=\"vsel-day\">23<\/span><span class=\"vsel-year\">2023<\/span><\/div><div class=\"vsel-end-icon\"><span class=\"vsel-month vsel-month-top\">Mar<\/span><span class=\"vsel-day\">25<\/span><span class=\"vsel-year\">2023<\/span><\/div><\/div><h3 class=\"vsel-meta-title\"><a href=\"https:\/\/europhras.org\/fr\/event\/interkulturelles-und-interdisziplinaeres-in-der-phraseologie-und-paroemiologie\/\" rel=\"bookmark\" title=\"Interkulturelles und Interdisziplin\u00e4res in der Phraseologie und Par\u00f6miologie\">Interkulturelles und Interdisziplin\u00e4res in der Phraseologie und Par\u00f6miologie<\/a><\/h3><div class=\"vsel-meta-time vsel-meta-all-day\">\u00c9v\u00e8nement sur toute la journ\u00e9e<\/div><div class=\"vsel-meta-location\">Lieu: <span>Wroclaw<\/span><\/div><\/div><\/div><div class=\"vsel-info vsel-alignright\" style=\"width:60%;\"><div class=\"vsel-text\"><p>Sehr geehrte Damen und Herren, mit gro\u00dfer Freude teilen wir Ihnen mit, dass unsere f\u00fcr M\u00e4rz 2023 an der Universit\u00e4t Wroclaw in Polen geplante 4. Tagung zur Phraseologie und Par\u00f6miologie&#8230;<\/p>\n<a class=\"vsel-read-more\" href=\"https:\/\/europhras.org\/fr\/event\/interkulturelles-und-interdisziplinaeres-in-der-phraseologie-und-paroemiologie\/\" rel=\"bookmark\">Read more<\/a><\/div><\/div><\/div><div id=\"event-929\" class=\"vsel-content vsel-past\"><div class=\"vsel-meta vsel-alignleft\" style=\"width:36%;\"><div class=\"vsel-meta-combine\"><div class=\"vsel-meta-date-icon vsel-meta-combined-date-icon\"><div class=\"vsel-start-icon\"><span class=\"vsel-month vsel-month-top\">Sep<\/span><span class=\"vsel-day\">28<\/span><span class=\"vsel-year\">2022<\/span><\/div><div class=\"vsel-end-icon\"><span class=\"vsel-month vsel-month-top\">Sep<\/span><span class=\"vsel-day\">30<\/span><span class=\"vsel-year\">2022<\/span><\/div><\/div><h3 class=\"vsel-meta-title\"><a href=\"https:\/\/europhras.org\/fr\/event\/europhras-2022-international-conference-computational-and-corpus-based-phraseology\/\" rel=\"bookmark\" title=\"EUROPHRAS 2022: International Conference \u2018Computational and Corpus-based Phraseology\u2019\">EUROPHRAS 2022: International Conference \u2018Computational and Corpus-based Phraseology\u2019<\/a><\/h3><div class=\"vsel-meta-time vsel-meta-all-day\">\u00c9v\u00e8nement sur toute la journ\u00e9e<\/div><div class=\"vsel-meta-location\">Lieu: <span>M\u00e1laga<\/span><\/div><\/div><\/div><div class=\"vsel-info vsel-alignright\" style=\"width:60%;\"><div class=\"vsel-text\"><p>Conference topics The conference will focus on interdisciplinary approaches to phraseology and invites submissions on a wide range of topics, covering, but not limited to: computational, corpus-based, psycholinguistic and cognitive&#8230;<\/p>\n<a class=\"vsel-read-more\" href=\"https:\/\/europhras.org\/fr\/event\/europhras-2022-international-conference-computational-and-corpus-based-phraseology\/\" rel=\"bookmark\">Read more<\/a><\/div><\/div><\/div><div id=\"event-928\" class=\"vsel-content vsel-past\"><div class=\"vsel-meta vsel-alignleft\" style=\"width:36%;\"><div class=\"vsel-meta-combine\"><div class=\"vsel-meta-date-icon vsel-meta-combined-date-icon\"><div class=\"vsel-start-icon\"><span class=\"vsel-month vsel-month-top\">Sep<\/span><span class=\"vsel-day\">6<\/span><span class=\"vsel-year\">2021<\/span><\/div><div class=\"vsel-end-icon\"><span class=\"vsel-month vsel-month-top\">Sep<\/span><span class=\"vsel-day\">9<\/span><span class=\"vsel-year\">2021<\/span><\/div><\/div><h3 class=\"vsel-meta-title\"><a href=\"https:\/\/europhras.org\/fr\/event\/europhras-2021\/\" rel=\"bookmark\" title=\"EUROPHRAS 2021\">EUROPHRAS 2021<\/a><\/h3><div class=\"vsel-meta-time vsel-meta-all-day\">\u00c9v\u00e8nement sur toute la journ\u00e9e<\/div><div class=\"vsel-meta-location\">Lieu: <span>online<\/span><\/div><\/div><\/div><div class=\"vsel-info vsel-alignright\" style=\"width:60%;\"><div class=\"vsel-text\"><a class=\"vsel-read-more\" href=\"https:\/\/europhras.org\/fr\/event\/europhras-2021\/\" rel=\"bookmark\">Read more<\/a><\/div><\/div><\/div><div id=\"event-935\" class=\"vsel-content vsel-past\"><div class=\"vsel-meta vsel-alignleft\" style=\"width:36%;\"><div class=\"vsel-meta-combine\"><div class=\"vsel-meta-date-icon vsel-meta-combined-date-icon\"><div class=\"vsel-start-icon\"><span class=\"vsel-month vsel-month-top\">Sep<\/span><span class=\"vsel-day\">25<\/span><span class=\"vsel-year\">2019<\/span><\/div><div class=\"vsel-end-icon\"><span class=\"vsel-month vsel-month-top\">Sep<\/span><span class=\"vsel-day\">27<\/span><span class=\"vsel-year\">2019<\/span><\/div><\/div><h3 class=\"vsel-meta-title\"><a href=\"https:\/\/europhras.org\/fr\/event\/europhras-malaga-2019\/\" rel=\"bookmark\" title=\"EUROPHRAS M\u00e1laga 2019\">EUROPHRAS M\u00e1laga 2019<\/a><\/h3><div class=\"vsel-meta-time vsel-meta-all-day\">\u00c9v\u00e8nement sur toute la journ\u00e9e<\/div><div class=\"vsel-meta-location\">Lieu: <span>M\u00e1laga<\/span><\/div><\/div><\/div><div class=\"vsel-info vsel-alignright\" style=\"width:60%;\"><div class=\"vsel-text\"><a class=\"vsel-read-more\" href=\"https:\/\/europhras.org\/fr\/event\/europhras-malaga-2019\/\" rel=\"bookmark\">Read more<\/a><\/div><\/div><\/div><div class=\"vsel-nav\"><a href=\"https:\/\/europhras.org\/fr\/wp-json\/wp\/v2\/pages\/1216\/page\/2\/\" class=\"vsel-next\">Suivant &raquo;<\/a><\/div><\/div>[\/vc_column_text][\/vc_column][\/vc_row][vc_row type=\u00a0\u00bbin_container\u00a0\u00bb full_screen_row_position=\u00a0\u00bbmiddle\u00a0\u00bb column_margin=\u00a0\u00bbdefault\u00a0\u00bb column_direction=\u00a0\u00bbdefault\u00a0\u00bb column_direction_tablet=\u00a0\u00bbdefault\u00a0\u00bb column_direction_phone=\u00a0\u00bbdefault\u00a0\u00bb scene_position=\u00a0\u00bbcenter\u00a0\u00bb bottom_padding=\u00a0\u00bb10%\u00a0\u00bb text_color=\u00a0\u00bbdark\u00a0\u00bb text_align=\u00a0\u00bbleft\u00a0\u00bb row_border_radius=\u00a0\u00bbnone\u00a0\u00bb row_border_radius_applies=\u00a0\u00bbbg\u00a0\u00bb overflow=\u00a0\u00bbvisible\u00a0\u00bb overlay_strength=\u00a0\u00bb0.3&Prime; gradient_direction=\u00a0\u00bbleft_to_right\u00a0\u00bb shape_divider_position=\u00a0\u00bbbottom\u00a0\u00bb bg_image_animation=\u00a0\u00bbnone\u00a0\u00bb gradient_type=\u00a0\u00bbdefault\u00a0\u00bb shape_type=\u00a0\u00bb\u00a0\u00bb][vc_column column_padding=\u00a0\u00bbno-extra-padding\u00a0\u00bb column_padding_tablet=\u00a0\u00bbinherit\u00a0\u00bb column_padding_phone=\u00a0\u00bbinherit\u00a0\u00bb column_padding_position=\u00a0\u00bball\u00a0\u00bb column_element_direction_desktop=\u00a0\u00bbdefault\u00a0\u00bb column_element_spacing=\u00a0\u00bbdefault\u00a0\u00bb desktop_text_alignment=\u00a0\u00bbdefault\u00a0\u00bb tablet_text_alignment=\u00a0\u00bbdefault\u00a0\u00bb phone_text_alignment=\u00a0\u00bbdefault\u00a0\u00bb background_color_opacity=\u00a0\u00bb1&Prime; background_hover_color_opacity=\u00a0\u00bb1&Prime; column_backdrop_filter=\u00a0\u00bbnone\u00a0\u00bb column_shadow=\u00a0\u00bbnone\u00a0\u00bb column_border_radius=\u00a0\u00bbnone\u00a0\u00bb column_link_target=\u00a0\u00bb_self\u00a0\u00bb column_position=\u00a0\u00bbdefault\u00a0\u00bb gradient_direction=\u00a0\u00bbleft_to_right\u00a0\u00bb overlay_strength=\u00a0\u00bb0.3&Prime; width=\u00a0\u00bb1\/1&Prime; tablet_width_inherit=\u00a0\u00bbdefault\u00a0\u00bb animation_type=\u00a0\u00bbdefault\u00a0\u00bb bg_image_animation=\u00a0\u00bbnone\u00a0\u00bb border_type=\u00a0\u00bbsimple\u00a0\u00bb column_border_width=\u00a0\u00bbnone\u00a0\u00bb column_border_style=\u00a0\u00bbsolid\u00a0\u00bb][\/vc_column][\/vc_row]\n","protected":false},"excerpt":{"rendered":"<p>[vc_row type=\u00a0\u00bbin_container\u00a0\u00bb full_screen_row_position=\u00a0\u00bbmiddle\u00a0\u00bb column_margin=\u00a0\u00bbdefault\u00a0\u00bb column_direction=\u00a0\u00bbdefault\u00a0\u00bb column_direction_tablet=\u00a0\u00bbdefault\u00a0\u00bb column_direction_phone=\u00a0\u00bbdefault\u00a0\u00bb scene_position=\u00a0\u00bbcenter\u00a0\u00bb text_color=\u00a0\u00bbdark\u00a0\u00bb text_align=\u00a0\u00bbleft\u00a0\u00bb row_border_radius=\u00a0\u00bbnone\u00a0\u00bb row_border_radius_applies=\u00a0\u00bbbg\u00a0\u00bb overflow=\u00a0\u00bbvisible\u00a0\u00bb overlay_strength=\u00a0\u00bb0.3&Prime; gradient_direction=\u00a0\u00bbleft_to_right\u00a0\u00bb shape_divider_position=\u00a0\u00bbbottom\u00a0\u00bb bg_image_animation=\u00a0\u00bbnone\u00a0\u00bb][vc_column column_padding=\u00a0\u00bbno-extra-padding\u00a0\u00bb column_padding_tablet=\u00a0\u00bbinherit\u00a0\u00bb column_padding_phone=\u00a0\u00bbinherit\u00a0\u00bb column_padding_position=\u00a0\u00bball\u00a0\u00bb column_element_direction_desktop=\u00a0\u00bbdefault\u00a0\u00bb column_element_spacing=\u00a0\u00bbdefault\u00a0\u00bb desktop_text_alignment=\u00a0\u00bbdefault\u00a0\u00bb tablet_text_alignment=\u00a0\u00bbdefault\u00a0\u00bb phone_text_alignment=\u00a0\u00bbdefault\u00a0\u00bb background_color_opacity=\u00a0\u00bb1&Prime; background_hover_color_opacity=\u00a0\u00bb1&Prime; column_backdrop_filter=\u00a0\u00bbnone\u00a0\u00bb column_shadow=\u00a0\u00bbnone\u00a0\u00bb&#8230;<\/p>\n","protected":false},"author":1,"featured_media":0,"parent":1210,"menu_order":0,"comment_status":"closed","ping_status":"closed","template":"","meta":{"_acf_changed":false,"inline_featured_image":false,"footnotes":""},"class_list":["post-1216","page","type-page","status-publish"],"acf":[],"yoast_head":"<!-- This site is optimized with the Yoast SEO plugin v26.6 - https:\/\/yoast.com\/wordpress\/plugins\/seo\/ -->\n<title>Pass\u00e9 - Europhras<\/title>\n<meta name=\"robots\" content=\"index, follow, max-snippet:-1, max-image-preview:large, max-video-preview:-1\" \/>\n<link rel=\"canonical\" href=\"https:\/\/europhras.org\/fr\/conferences\/passe\/\" \/>\n<meta property=\"og:locale\" content=\"fr_FR\" \/>\n<meta property=\"og:type\" content=\"article\" \/>\n<meta property=\"og:title\" content=\"Pass\u00e9 - Europhras\" \/>\n<meta property=\"og:description\" content=\"[vc_row type=\u00a0\u00bbin_container\u00a0\u00bb full_screen_row_position=\u00a0\u00bbmiddle\u00a0\u00bb column_margin=\u00a0\u00bbdefault\u00a0\u00bb column_direction=\u00a0\u00bbdefault\u00a0\u00bb column_direction_tablet=\u00a0\u00bbdefault\u00a0\u00bb column_direction_phone=\u00a0\u00bbdefault\u00a0\u00bb scene_position=\u00a0\u00bbcenter\u00a0\u00bb text_color=\u00a0\u00bbdark\u00a0\u00bb text_align=\u00a0\u00bbleft\u00a0\u00bb row_border_radius=\u00a0\u00bbnone\u00a0\u00bb row_border_radius_applies=\u00a0\u00bbbg\u00a0\u00bb overflow=\u00a0\u00bbvisible\u00a0\u00bb overlay_strength=\u00a0\u00bb0.3&Prime; gradient_direction=\u00a0\u00bbleft_to_right\u00a0\u00bb shape_divider_position=\u00a0\u00bbbottom\u00a0\u00bb bg_image_animation=\u00a0\u00bbnone\u00a0\u00bb][vc_column column_padding=\u00a0\u00bbno-extra-padding\u00a0\u00bb column_padding_tablet=\u00a0\u00bbinherit\u00a0\u00bb column_padding_phone=\u00a0\u00bbinherit\u00a0\u00bb column_padding_position=\u00a0\u00bball\u00a0\u00bb column_element_direction_desktop=\u00a0\u00bbdefault\u00a0\u00bb column_element_spacing=\u00a0\u00bbdefault\u00a0\u00bb desktop_text_alignment=\u00a0\u00bbdefault\u00a0\u00bb tablet_text_alignment=\u00a0\u00bbdefault\u00a0\u00bb phone_text_alignment=\u00a0\u00bbdefault\u00a0\u00bb background_color_opacity=\u00a0\u00bb1&Prime; background_hover_color_opacity=\u00a0\u00bb1&Prime; column_backdrop_filter=\u00a0\u00bbnone\u00a0\u00bb column_shadow=\u00a0\u00bbnone\u00a0\u00bb...\" \/>\n<meta property=\"og:url\" content=\"https:\/\/europhras.org\/fr\/conferences\/passe\/\" \/>\n<meta property=\"og:site_name\" content=\"Europhras\" \/>\n<meta property=\"article:modified_time\" content=\"2025-05-18T13:44:03+00:00\" \/>\n<meta name=\"twitter:card\" content=\"summary_large_image\" \/>\n<meta name=\"twitter:label1\" content=\"Dur\u00e9e de lecture estim\u00e9e\" \/>\n\t<meta name=\"twitter:data1\" content=\"3 minutes\" \/>\n<script type=\"application\/ld+json\" class=\"yoast-schema-graph\">{\"@context\":\"https:\/\/schema.org\",\"@graph\":[{\"@type\":\"WebPage\",\"@id\":\"https:\/\/europhras.org\/fr\/conferences\/passe\/\",\"url\":\"https:\/\/europhras.org\/fr\/conferences\/passe\/\",\"name\":\"Pass\u00e9 - Europhras\",\"isPartOf\":{\"@id\":\"https:\/\/europhras.org\/fr\/#website\"},\"datePublished\":\"2024-10-09T08:45:50+00:00\",\"dateModified\":\"2025-05-18T13:44:03+00:00\",\"breadcrumb\":{\"@id\":\"https:\/\/europhras.org\/fr\/conferences\/passe\/#breadcrumb\"},\"inLanguage\":\"fr-FR\",\"potentialAction\":[{\"@type\":\"ReadAction\",\"target\":[\"https:\/\/europhras.org\/fr\/conferences\/passe\/\"]}]},{\"@type\":\"BreadcrumbList\",\"@id\":\"https:\/\/europhras.org\/fr\/conferences\/passe\/#breadcrumb\",\"itemListElement\":[{\"@type\":\"ListItem\",\"position\":1,\"name\":\"Accueil\",\"item\":\"https:\/\/europhras.org\/fr\/page-daccueil\/\"},{\"@type\":\"ListItem\",\"position\":2,\"name\":\"Conf\u00e9rences\",\"item\":\"https:\/\/europhras.org\/fr\/conferences\/\"},{\"@type\":\"ListItem\",\"position\":3,\"name\":\"Pass\u00e9\"}]},{\"@type\":\"WebSite\",\"@id\":\"https:\/\/europhras.org\/fr\/#website\",\"url\":\"https:\/\/europhras.org\/fr\/\",\"name\":\"Europhras\",\"description\":\"\",\"publisher\":{\"@id\":\"https:\/\/europhras.org\/fr\/#organization\"},\"potentialAction\":[{\"@type\":\"SearchAction\",\"target\":{\"@type\":\"EntryPoint\",\"urlTemplate\":\"https:\/\/europhras.org\/fr\/?s={search_term_string}\"},\"query-input\":{\"@type\":\"PropertyValueSpecification\",\"valueRequired\":true,\"valueName\":\"search_term_string\"}}],\"inLanguage\":\"fr-FR\"},{\"@type\":\"Organization\",\"@id\":\"https:\/\/europhras.org\/fr\/#organization\",\"name\":\"Europhras\",\"url\":\"https:\/\/europhras.org\/fr\/\",\"logo\":{\"@type\":\"ImageObject\",\"inLanguage\":\"fr-FR\",\"@id\":\"https:\/\/europhras.org\/fr\/#\/schema\/logo\/image\/\",\"url\":\"https:\/\/europhras.org\/wp-content\/uploads\/2024\/10\/ep-logo_2x.png\",\"contentUrl\":\"https:\/\/europhras.org\/wp-content\/uploads\/2024\/10\/ep-logo_2x.png\",\"width\":1231,\"height\":220,\"caption\":\"Europhras\"},\"image\":{\"@id\":\"https:\/\/europhras.org\/fr\/#\/schema\/logo\/image\/\"}}]}<\/script>\n<!-- \/ Yoast SEO plugin. -->","yoast_head_json":{"title":"Pass\u00e9 - Europhras","robots":{"index":"index","follow":"follow","max-snippet":"max-snippet:-1","max-image-preview":"max-image-preview:large","max-video-preview":"max-video-preview:-1"},"canonical":"https:\/\/europhras.org\/fr\/conferences\/passe\/","og_locale":"fr_FR","og_type":"article","og_title":"Pass\u00e9 - Europhras","og_description":"[vc_row type=\u00a0\u00bbin_container\u00a0\u00bb full_screen_row_position=\u00a0\u00bbmiddle\u00a0\u00bb column_margin=\u00a0\u00bbdefault\u00a0\u00bb column_direction=\u00a0\u00bbdefault\u00a0\u00bb column_direction_tablet=\u00a0\u00bbdefault\u00a0\u00bb column_direction_phone=\u00a0\u00bbdefault\u00a0\u00bb scene_position=\u00a0\u00bbcenter\u00a0\u00bb text_color=\u00a0\u00bbdark\u00a0\u00bb text_align=\u00a0\u00bbleft\u00a0\u00bb row_border_radius=\u00a0\u00bbnone\u00a0\u00bb row_border_radius_applies=\u00a0\u00bbbg\u00a0\u00bb overflow=\u00a0\u00bbvisible\u00a0\u00bb overlay_strength=\u00a0\u00bb0.3&Prime; gradient_direction=\u00a0\u00bbleft_to_right\u00a0\u00bb shape_divider_position=\u00a0\u00bbbottom\u00a0\u00bb bg_image_animation=\u00a0\u00bbnone\u00a0\u00bb][vc_column column_padding=\u00a0\u00bbno-extra-padding\u00a0\u00bb column_padding_tablet=\u00a0\u00bbinherit\u00a0\u00bb column_padding_phone=\u00a0\u00bbinherit\u00a0\u00bb column_padding_position=\u00a0\u00bball\u00a0\u00bb column_element_direction_desktop=\u00a0\u00bbdefault\u00a0\u00bb column_element_spacing=\u00a0\u00bbdefault\u00a0\u00bb desktop_text_alignment=\u00a0\u00bbdefault\u00a0\u00bb tablet_text_alignment=\u00a0\u00bbdefault\u00a0\u00bb phone_text_alignment=\u00a0\u00bbdefault\u00a0\u00bb background_color_opacity=\u00a0\u00bb1&Prime; background_hover_color_opacity=\u00a0\u00bb1&Prime; column_backdrop_filter=\u00a0\u00bbnone\u00a0\u00bb column_shadow=\u00a0\u00bbnone\u00a0\u00bb...","og_url":"https:\/\/europhras.org\/fr\/conferences\/passe\/","og_site_name":"Europhras","article_modified_time":"2025-05-18T13:44:03+00:00","twitter_card":"summary_large_image","twitter_misc":{"Dur\u00e9e de lecture estim\u00e9e":"3 minutes"},"schema":{"@context":"https:\/\/schema.org","@graph":[{"@type":"WebPage","@id":"https:\/\/europhras.org\/fr\/conferences\/passe\/","url":"https:\/\/europhras.org\/fr\/conferences\/passe\/","name":"Pass\u00e9 - Europhras","isPartOf":{"@id":"https:\/\/europhras.org\/fr\/#website"},"datePublished":"2024-10-09T08:45:50+00:00","dateModified":"2025-05-18T13:44:03+00:00","breadcrumb":{"@id":"https:\/\/europhras.org\/fr\/conferences\/passe\/#breadcrumb"},"inLanguage":"fr-FR","potentialAction":[{"@type":"ReadAction","target":["https:\/\/europhras.org\/fr\/conferences\/passe\/"]}]},{"@type":"BreadcrumbList","@id":"https:\/\/europhras.org\/fr\/conferences\/passe\/#breadcrumb","itemListElement":[{"@type":"ListItem","position":1,"name":"Accueil","item":"https:\/\/europhras.org\/fr\/page-daccueil\/"},{"@type":"ListItem","position":2,"name":"Conf\u00e9rences","item":"https:\/\/europhras.org\/fr\/conferences\/"},{"@type":"ListItem","position":3,"name":"Pass\u00e9"}]},{"@type":"WebSite","@id":"https:\/\/europhras.org\/fr\/#website","url":"https:\/\/europhras.org\/fr\/","name":"Europhras","description":"","publisher":{"@id":"https:\/\/europhras.org\/fr\/#organization"},"potentialAction":[{"@type":"SearchAction","target":{"@type":"EntryPoint","urlTemplate":"https:\/\/europhras.org\/fr\/?s={search_term_string}"},"query-input":{"@type":"PropertyValueSpecification","valueRequired":true,"valueName":"search_term_string"}}],"inLanguage":"fr-FR"},{"@type":"Organization","@id":"https:\/\/europhras.org\/fr\/#organization","name":"Europhras","url":"https:\/\/europhras.org\/fr\/","logo":{"@type":"ImageObject","inLanguage":"fr-FR","@id":"https:\/\/europhras.org\/fr\/#\/schema\/logo\/image\/","url":"https:\/\/europhras.org\/wp-content\/uploads\/2024\/10\/ep-logo_2x.png","contentUrl":"https:\/\/europhras.org\/wp-content\/uploads\/2024\/10\/ep-logo_2x.png","width":1231,"height":220,"caption":"Europhras"},"image":{"@id":"https:\/\/europhras.org\/fr\/#\/schema\/logo\/image\/"}}]}},"_links":{"self":[{"href":"https:\/\/europhras.org\/fr\/wp-json\/wp\/v2\/pages\/1216","targetHints":{"allow":["GET"]}}],"collection":[{"href":"https:\/\/europhras.org\/fr\/wp-json\/wp\/v2\/pages"}],"about":[{"href":"https:\/\/europhras.org\/fr\/wp-json\/wp\/v2\/types\/page"}],"author":[{"embeddable":true,"href":"https:\/\/europhras.org\/fr\/wp-json\/wp\/v2\/users\/1"}],"replies":[{"embeddable":true,"href":"https:\/\/europhras.org\/fr\/wp-json\/wp\/v2\/comments?post=1216"}],"version-history":[{"count":0,"href":"https:\/\/europhras.org\/fr\/wp-json\/wp\/v2\/pages\/1216\/revisions"}],"up":[{"embeddable":true,"href":"https:\/\/europhras.org\/fr\/wp-json\/wp\/v2\/pages\/1210"}],"wp:attachment":[{"href":"https:\/\/europhras.org\/fr\/wp-json\/wp\/v2\/media?parent=1216"}],"curies":[{"name":"wp","href":"https:\/\/api.w.org\/{rel}","templated":true}]}}