{"id":1709,"date":"2025-06-03T16:25:16","date_gmt":"2025-06-03T14:25:16","guid":{"rendered":"https:\/\/europhras.org\/series-y-revistas\/"},"modified":"2025-06-06T15:19:48","modified_gmt":"2025-06-06T13:19:48","slug":"series-y-revistas","status":"publish","type":"page","link":"https:\/\/europhras.org\/es\/series-y-revistas\/","title":{"rendered":"Series y revistas"},"content":{"rendered":"[vc_row type=\u00bbin_container\u00bb full_screen_row_position=\u00bbmiddle\u00bb column_margin=\u00bbdefault\u00bb column_direction=\u00bbdefault\u00bb column_direction_tablet=\u00bbdefault\u00bb column_direction_phone=\u00bbdefault\u00bb scene_position=\u00bbcenter\u00bb text_color=\u00bbdark\u00bb text_align=\u00bbleft\u00bb row_border_radius=\u00bbnone\u00bb row_border_radius_applies=\u00bbbg\u00bb overflow=\u00bbvisible\u00bb overlay_strength=\u00bb0.3&#8243; gradient_direction=\u00bbleft_to_right\u00bb shape_divider_position=\u00bbbottom\u00bb bg_image_animation=\u00bbnone\u00bb][vc_column column_padding=\u00bbno-extra-padding\u00bb column_padding_tablet=\u00bbinherit\u00bb column_padding_phone=\u00bbinherit\u00bb column_padding_position=\u00bball\u00bb column_element_direction_desktop=\u00bbdefault\u00bb column_element_spacing=\u00bbdefault\u00bb desktop_text_alignment=\u00bbdefault\u00bb tablet_text_alignment=\u00bbdefault\u00bb phone_text_alignment=\u00bbdefault\u00bb background_color_opacity=\u00bb1&#8243; background_hover_color_opacity=\u00bb1&#8243; column_backdrop_filter=\u00bbnone\u00bb column_shadow=\u00bbnone\u00bb column_border_radius=\u00bbnone\u00bb column_link_target=\u00bb_self\u00bb column_position=\u00bbdefault\u00bb gradient_direction=\u00bbleft_to_right\u00bb overlay_strength=\u00bb0.3&#8243; width=\u00bb1\/1&#8243; tablet_width_inherit=\u00bbdefault\u00bb animation_type=\u00bbdefault\u00bb bg_image_animation=\u00bbnone\u00bb border_type=\u00bbsimple\u00bb column_border_width=\u00bbnone\u00bb column_border_style=\u00bbsolid\u00bb][split_line_heading animation_type=\u00bbline-reveal-by-space\u00bb font_style=\u00bbh1&#8243; text_color=\u00bb#062c80&#8243; line_reveal_by_space_text_effect=\u00bbdefault\u00bb content_alignment=\u00bbdefault\u00bb mobile_content_alignment=\u00bbinherit\u00bb link_target=\u00bb_self\u00bb text_content=\u00bbSerie de libros EUROPHRAS\u00bb text_direction=\u00bbdefault\u00bb][\/split_line_heading][\/vc_column][\/vc_row][vc_row type=\u00bbin_container\u00bb full_screen_row_position=\u00bbmiddle\u00bb column_margin=\u00bbdefault\u00bb column_direction=\u00bbdefault\u00bb column_direction_tablet=\u00bbdefault\u00bb column_direction_phone=\u00bbdefault\u00bb scene_position=\u00bbcenter\u00bb text_color=\u00bbdark\u00bb text_align=\u00bbleft\u00bb row_border_radius=\u00bbnone\u00bb row_border_radius_applies=\u00bbbg\u00bb overflow=\u00bbvisible\u00bb overlay_strength=\u00bb0.3&#8243; gradient_direction=\u00bbleft_to_right\u00bb shape_divider_position=\u00bbbottom\u00bb bg_image_animation=\u00bbnone\u00bb][vc_column column_padding=\u00bbno-extra-padding\u00bb column_padding_tablet=\u00bbinherit\u00bb column_padding_phone=\u00bbinherit\u00bb column_padding_position=\u00bball\u00bb column_element_direction_desktop=\u00bbdefault\u00bb column_element_spacing=\u00bbdefault\u00bb desktop_text_alignment=\u00bbdefault\u00bb tablet_text_alignment=\u00bbdefault\u00bb phone_text_alignment=\u00bbdefault\u00bb background_color_opacity=\u00bb1&#8243; background_hover_color_opacity=\u00bb1&#8243; column_backdrop_filter=\u00bbnone\u00bb column_shadow=\u00bbnone\u00bb column_border_radius=\u00bbnone\u00bb column_link_target=\u00bb_self\u00bb column_position=\u00bbdefault\u00bb gradient_direction=\u00bbleft_to_right\u00bb overlay_strength=\u00bb0.3&#8243; width=\u00bb1\/1&#8243; tablet_width_inherit=\u00bbdefault\u00bb animation_type=\u00bbdefault\u00bb bg_image_animation=\u00bbnone\u00bb border_type=\u00bbsimple\u00bb column_border_width=\u00bbnone\u00bb column_border_style=\u00bbsolid\u00bb][vc_column_text css=\u00bb\u00bb text_direction=\u00bbdefault\u00bb]<ul class=\"newspaper-grid\">\r\n<li class=\"newspaper\">\r\n\t<div class=\"newspaper-image\"><img decoding=\"async\" width=\"207\" height=\"26\" src=\"https:\/\/europhras.org\/wp-content\/uploads\/2025\/06\/phras_and_par_klein.jpg\" class=\"attachment-full size-full\" alt=\"\" \/><\/div>\r\n\t<ul class=\"newspaper-meta\">\r\n\t\t<li><h2>Phraseologie und Par\u00f6miologie<\/h2><\/li>\r\n\t\t<li class=\"newspaper-description\"><p>Hrsg. von Wolfgang Eismann; Christian Grandl; Wolfgang Mieder, Schneider Verlag Hohengehren<\/p>\n<p>Die Reihe\u00a0<strong>Phraseologie und Par\u00f6miologie<\/strong>\u00a0setzt die\u00a0<em>Studien zur Phraseologie und Par\u00f6miologie<\/em>\u00a0(1994\u20131998) fort. Durch die Herausgabe von Monographien und Sammelb\u00e4nden soll ein internationales Forum f\u00fcr alle geboten werden, die an Phraseologie, Sprichwortforschung und verwandten Themen interessiert sind. Die Herausgeber gehen von einer Konzeption aus, die sich der \u00dcberg\u00e4nge zwischen Phraseologismen, sprichw\u00f6rtlichen Redensarten, Sprichw\u00f6rtern und anderen \u201eEinfachen Formen\u201c sowie deren \u201eKondensationen\u201c bis hin zum einzelnen Lexem bewusst ist. Deshalb sollen auch Arbeiten zu anderen \u201eKleinen Formen\u201c Platz finden, die Ber\u00fchrungspunkte mit Phraseologismen und Sprichw\u00f6rtern haben.<\/p>\n<p><em>EUROPHRAS-Mitglieder erhalten 20% Rabatt beim Kauf von Ver\u00f6ffentlichungen dieser Reihe.<\/em><\/p>\n<\/li>\r\n\t\t\r\n\t\t<li><\/li>\r\n\t\t<li><\/li>\r\n\t<\/ul>\r\n<\/li>\r\n\r\n<li class=\"newspaper\">\r\n\t<div class=\"newspaper-image\"><img decoding=\"async\" width=\"302\" height=\"75\" src=\"https:\/\/europhras.org\/wp-content\/uploads\/2025\/06\/proverbium_klein.jpg\" class=\"attachment-full size-full\" alt=\"\" srcset=\"https:\/\/europhras.org\/wp-content\/uploads\/2025\/06\/proverbium_klein.jpg 302w, https:\/\/europhras.org\/wp-content\/uploads\/2025\/06\/proverbium_klein-300x75.jpg 300w\" sizes=\"(max-width: 302px) 100vw, 302px\" \/><\/div>\r\n\t<ul class=\"newspaper-meta\">\r\n\t\t<li><h2>PROVERBIUM &#8211; Yearbook of International Proverb Scholarship<\/h2><\/li>\r\n\t\t<li class=\"newspaper-description\"><p>Ed. by Hrisztalina Hrisztova-Gotthardt and Melita Aleksa Varga (University of Osijek, Faculty of Humanities and Social Sciences)<\/p>\n<p>The journal is open to original scientific papers, preliminary communications, obituaries, book reviews, and bibliographies dedicated to the broad field of paremiology. The newly launched website corresponds to the journal\u2019s policy and is accessible in the journal\u2019s five languages as well.<\/p>\n<\/li>\r\n\t\t\r\n\t\t<li><\/li>\r\n\t\t<li><\/li>\r\n\t<\/ul>\r\n<\/li>\r\n\r\n<li class=\"newspaper\">\r\n\t<div class=\"newspaper-image\"><img decoding=\"async\" width=\"150\" height=\"223\" src=\"https:\/\/europhras.org\/wp-content\/uploads\/2025\/06\/Formelhafte_Sprache2018.jpg\" class=\"attachment-full size-full\" alt=\"\" \/><\/div>\r\n\t<ul class=\"newspaper-meta\">\r\n\t\t<li><h2>Formelhafte Sprache \/ Formulaic language<\/h2><\/li>\r\n\t\t<li class=\"newspaper-description\"><p>Hrsg. von Natalia Filatkina; Kathrin Steyer; S\u00f6ren Stumpf (De Gruyter)<\/p>\n<p>Die Reihe\u00a0<strong>Formelhafte Sprache<\/strong>\u00a0\/\u00a0<strong>Formulaic Language<\/strong>\u00a0bietet einintegratives Forum f\u00fcr innovative Publikationen, die sprachliche, kognitiveund konzeptuelle Vorgeformtheit in den Mittelpunkt ihrer Betrachtungenr\u00fccken. Sie ist f\u00fcr Studien offen, die sich mit Vorgepr\u00e4gtheit, Musterhaftigkeit bzw. Formelhaftigkeit auf allen sprachlichen Ebenen (im System wie in der Sprachverwendung) und au\u00dfersprachlicher Natur (etwa beider kulturbasierten und kulturspezifischen Wissensgestaltung und -tradierung) besch\u00e4ftigen.<\/p>\n<\/li>\r\n\t\t\r\n\t\t<li><\/li>\r\n\t\t<li><\/li>\r\n\t<\/ul>\r\n<\/li>\r\n\r\n<li class=\"newspaper\">\r\n\t<div class=\"newspaper-image\"><img decoding=\"async\" width=\"486\" height=\"684\" src=\"https:\/\/europhras.org\/wp-content\/uploads\/2025\/06\/Multiword_expressionsBuchdeckel2018.png\" class=\"attachment-full size-full\" alt=\"\" srcset=\"https:\/\/europhras.org\/wp-content\/uploads\/2025\/06\/Multiword_expressionsBuchdeckel2018.png 486w, https:\/\/europhras.org\/wp-content\/uploads\/2025\/06\/Multiword_expressionsBuchdeckel2018-213x300.png 213w\" sizes=\"(max-width: 486px) 100vw, 486px\" \/><\/div>\r\n\t<ul class=\"newspaper-meta\">\r\n\t\t<li><h2>Phraseology and Multiword Expressions<\/h2><\/li>\r\n\t\t<li class=\"newspaper-description\"><p>Ed. by Agata Savary; Manfred Sailer; Yannick Parmentier; Victoria Ros\u00e9n; Mike Rosner (Language Science Press)<\/p>\n<p>This series aims to publish high quality books about conventionalized, idiosyncratic combinations of words. Within the field of phraseology such word combinations are sometimes called phrasemes, while the computational linguistics community uses the term multiword expressions for them.<\/p>\n<\/li>\r\n\t\t\r\n\t\t<li><\/li>\r\n\t\t<li><\/li>\r\n\t<\/ul>\r\n<\/li>\r\n\r\n<li class=\"newspaper\">\r\n\t<div class=\"newspaper-image\"><img decoding=\"async\" width=\"349\" height=\"80\" src=\"https:\/\/europhras.org\/wp-content\/uploads\/2025\/06\/Cadernos_klein.jpg\" class=\"attachment-full size-full\" alt=\"\" srcset=\"https:\/\/europhras.org\/wp-content\/uploads\/2025\/06\/Cadernos_klein.jpg 349w, https:\/\/europhras.org\/wp-content\/uploads\/2025\/06\/Cadernos_klein-300x69.jpg 300w\" sizes=\"(max-width: 349px) 100vw, 349px\" \/><\/div>\r\n\t<ul class=\"newspaper-meta\">\r\n\t\t<li><h2>Cadernos de Fraseolox\u00eda Galega<\/h2><\/li>\r\n\t\t<li class=\"newspaper-description\"><p>ist eine phraseologische Zeitschrift in galizischer Sprache, die j\u00e4hrlich vom \u00abCentro Ram\u00f3n Pi\u00f1eiro para a Investigaci\u00f3n en Humanidades\u00bb, einem linguistischen Forschungsinstitut zur F\u00f6rderung des Galicischen, ver\u00f6ffentlicht wird. Artikel und Rezensionen auf Deutsch, Englisch, Franz\u00f6sisch, Galicisch, Italienisch, Spanisch und Portugiesisch zu theoretischen und praktischen Fragestellungen zur Phraseologie jeder Sprache der Welt sind herzlich willkommen. Die zur Publikation angenommenen Beitr\u00e4ge werden vom Redaktionskomitee ins Galicische \u00fcbersetzt.<\/p>\n<p>Die Ausgaben der Zeitschrift ist sowie galizische \u00dcbersetzungen weiterer phraseologischer Werke sind online frei verf\u00fcgbar unter\u00a0<a href=\"https:\/\/web.archive.org\/web\/20240422142459\/http:\/\/www.cirp.es\/w3\/cfg\/\" target=\"_blank\" rel=\"noopener\">http:\/\/www.cirp.es\/w3\/cfg\/<\/a><\/p>\n<\/li>\r\n\t\t\r\n\t\t<li><\/li>\r\n\t\t<li><\/li>\r\n\t<\/ul>\r\n<\/li>\r\n<\/ul>[\/vc_column_text][\/vc_column][\/vc_row][vc_row type=\u00bbin_container\u00bb full_screen_row_position=\u00bbmiddle\u00bb column_margin=\u00bbdefault\u00bb column_direction=\u00bbdefault\u00bb column_direction_tablet=\u00bbdefault\u00bb column_direction_phone=\u00bbdefault\u00bb scene_position=\u00bbcenter\u00bb bottom_padding=\u00bb5%\u00bb text_color=\u00bbdark\u00bb text_align=\u00bbleft\u00bb row_border_radius=\u00bbnone\u00bb row_border_radius_applies=\u00bbbg\u00bb overflow=\u00bbvisible\u00bb overlay_strength=\u00bb0.3&#8243; gradient_direction=\u00bbleft_to_right\u00bb shape_divider_position=\u00bbbottom\u00bb bg_image_animation=\u00bbnone\u00bb gradient_type=\u00bbdefault\u00bb shape_type=\u00bb\u00bb][vc_column column_padding=\u00bbno-extra-padding\u00bb column_padding_tablet=\u00bbinherit\u00bb column_padding_phone=\u00bbinherit\u00bb column_padding_position=\u00bball\u00bb column_element_direction_desktop=\u00bbdefault\u00bb column_element_spacing=\u00bbdefault\u00bb desktop_text_alignment=\u00bbdefault\u00bb tablet_text_alignment=\u00bbdefault\u00bb phone_text_alignment=\u00bbdefault\u00bb background_color_opacity=\u00bb1&#8243; background_hover_color_opacity=\u00bb1&#8243; column_backdrop_filter=\u00bbnone\u00bb column_shadow=\u00bbnone\u00bb column_border_radius=\u00bbnone\u00bb column_link_target=\u00bb_self\u00bb column_position=\u00bbdefault\u00bb gradient_direction=\u00bbleft_to_right\u00bb overlay_strength=\u00bb0.3&#8243; width=\u00bb1\/1&#8243; tablet_width_inherit=\u00bbdefault\u00bb animation_type=\u00bbdefault\u00bb bg_image_animation=\u00bbnone\u00bb border_type=\u00bbsimple\u00bb column_border_width=\u00bbnone\u00bb column_border_style=\u00bbsolid\u00bb][\/vc_column][\/vc_row]\n","protected":false},"excerpt":{"rendered":"<p>[vc_row type=\u00bbin_container\u00bb full_screen_row_position=\u00bbmiddle\u00bb column_margin=\u00bbdefault\u00bb column_direction=\u00bbdefault\u00bb column_direction_tablet=\u00bbdefault\u00bb column_direction_phone=\u00bbdefault\u00bb scene_position=\u00bbcenter\u00bb text_color=\u00bbdark\u00bb text_align=\u00bbleft\u00bb row_border_radius=\u00bbnone\u00bb row_border_radius_applies=\u00bbbg\u00bb overflow=\u00bbvisible\u00bb overlay_strength=\u00bb0.3&#8243; gradient_direction=\u00bbleft_to_right\u00bb shape_divider_position=\u00bbbottom\u00bb bg_image_animation=\u00bbnone\u00bb][vc_column column_padding=\u00bbno-extra-padding\u00bb column_padding_tablet=\u00bbinherit\u00bb column_padding_phone=\u00bbinherit\u00bb column_padding_position=\u00bball\u00bb column_element_direction_desktop=\u00bbdefault\u00bb column_element_spacing=\u00bbdefault\u00bb desktop_text_alignment=\u00bbdefault\u00bb tablet_text_alignment=\u00bbdefault\u00bb phone_text_alignment=\u00bbdefault\u00bb background_color_opacity=\u00bb1&#8243; background_hover_color_opacity=\u00bb1&#8243; column_backdrop_filter=\u00bbnone\u00bb column_shadow=\u00bbnone\u00bb&#8230;<\/p>\n","protected":false},"author":1,"featured_media":0,"parent":0,"menu_order":0,"comment_status":"closed","ping_status":"closed","template":"","meta":{"_acf_changed":false,"inline_featured_image":false,"footnotes":""},"class_list":["post-1709","page","type-page","status-publish"],"acf":[],"yoast_head":"<!-- This site is optimized with the Yoast SEO plugin v26.6 - https:\/\/yoast.com\/wordpress\/plugins\/seo\/ -->\n<title>Series y revistas - Europhras<\/title>\n<meta name=\"robots\" content=\"index, follow, max-snippet:-1, max-image-preview:large, max-video-preview:-1\" \/>\n<link rel=\"canonical\" href=\"https:\/\/europhras.org\/es\/series-y-revistas\/\" \/>\n<meta property=\"og:locale\" content=\"es_ES\" \/>\n<meta property=\"og:type\" content=\"article\" \/>\n<meta property=\"og:title\" content=\"Series y revistas - Europhras\" \/>\n<meta property=\"og:description\" content=\"[vc_row type=\u00bbin_container\u00bb full_screen_row_position=\u00bbmiddle\u00bb column_margin=\u00bbdefault\u00bb column_direction=\u00bbdefault\u00bb column_direction_tablet=\u00bbdefault\u00bb column_direction_phone=\u00bbdefault\u00bb scene_position=\u00bbcenter\u00bb text_color=\u00bbdark\u00bb text_align=\u00bbleft\u00bb row_border_radius=\u00bbnone\u00bb row_border_radius_applies=\u00bbbg\u00bb overflow=\u00bbvisible\u00bb overlay_strength=\u00bb0.3&#8243; gradient_direction=\u00bbleft_to_right\u00bb shape_divider_position=\u00bbbottom\u00bb bg_image_animation=\u00bbnone\u00bb][vc_column column_padding=\u00bbno-extra-padding\u00bb column_padding_tablet=\u00bbinherit\u00bb column_padding_phone=\u00bbinherit\u00bb column_padding_position=\u00bball\u00bb column_element_direction_desktop=\u00bbdefault\u00bb column_element_spacing=\u00bbdefault\u00bb desktop_text_alignment=\u00bbdefault\u00bb tablet_text_alignment=\u00bbdefault\u00bb phone_text_alignment=\u00bbdefault\u00bb background_color_opacity=\u00bb1&#8243; background_hover_color_opacity=\u00bb1&#8243; column_backdrop_filter=\u00bbnone\u00bb column_shadow=\u00bbnone\u00bb...\" \/>\n<meta property=\"og:url\" content=\"https:\/\/europhras.org\/es\/series-y-revistas\/\" \/>\n<meta property=\"og:site_name\" content=\"Europhras\" \/>\n<meta property=\"article:modified_time\" content=\"2025-06-06T13:19:48+00:00\" \/>\n<meta name=\"twitter:card\" content=\"summary_large_image\" \/>\n<meta name=\"twitter:label1\" content=\"Tiempo de lectura\" \/>\n\t<meta name=\"twitter:data1\" content=\"3 minutos\" \/>\n<script type=\"application\/ld+json\" class=\"yoast-schema-graph\">{\"@context\":\"https:\/\/schema.org\",\"@graph\":[{\"@type\":\"WebPage\",\"@id\":\"https:\/\/europhras.org\/es\/series-y-revistas\/\",\"url\":\"https:\/\/europhras.org\/es\/series-y-revistas\/\",\"name\":\"Series y revistas - Europhras\",\"isPartOf\":{\"@id\":\"https:\/\/europhras.org\/es\/#website\"},\"datePublished\":\"2025-06-03T14:25:16+00:00\",\"dateModified\":\"2025-06-06T13:19:48+00:00\",\"breadcrumb\":{\"@id\":\"https:\/\/europhras.org\/es\/series-y-revistas\/#breadcrumb\"},\"inLanguage\":\"es\",\"potentialAction\":[{\"@type\":\"ReadAction\",\"target\":[\"https:\/\/europhras.org\/es\/series-y-revistas\/\"]}]},{\"@type\":\"BreadcrumbList\",\"@id\":\"https:\/\/europhras.org\/es\/series-y-revistas\/#breadcrumb\",\"itemListElement\":[{\"@type\":\"ListItem\",\"position\":1,\"name\":\"Inicio\",\"item\":\"https:\/\/europhras.org\/es\/pagina-de-inicio\/\"},{\"@type\":\"ListItem\",\"position\":2,\"name\":\"Series y revistas\"}]},{\"@type\":\"WebSite\",\"@id\":\"https:\/\/europhras.org\/es\/#website\",\"url\":\"https:\/\/europhras.org\/es\/\",\"name\":\"Europhras\",\"description\":\"\",\"publisher\":{\"@id\":\"https:\/\/europhras.org\/es\/#organization\"},\"potentialAction\":[{\"@type\":\"SearchAction\",\"target\":{\"@type\":\"EntryPoint\",\"urlTemplate\":\"https:\/\/europhras.org\/es\/?s={search_term_string}\"},\"query-input\":{\"@type\":\"PropertyValueSpecification\",\"valueRequired\":true,\"valueName\":\"search_term_string\"}}],\"inLanguage\":\"es\"},{\"@type\":\"Organization\",\"@id\":\"https:\/\/europhras.org\/es\/#organization\",\"name\":\"Europhras\",\"url\":\"https:\/\/europhras.org\/es\/\",\"logo\":{\"@type\":\"ImageObject\",\"inLanguage\":\"es\",\"@id\":\"https:\/\/europhras.org\/es\/#\/schema\/logo\/image\/\",\"url\":\"https:\/\/europhras.org\/wp-content\/uploads\/2024\/10\/ep-logo_2x.png\",\"contentUrl\":\"https:\/\/europhras.org\/wp-content\/uploads\/2024\/10\/ep-logo_2x.png\",\"width\":1231,\"height\":220,\"caption\":\"Europhras\"},\"image\":{\"@id\":\"https:\/\/europhras.org\/es\/#\/schema\/logo\/image\/\"}}]}<\/script>\n<!-- \/ Yoast SEO plugin. -->","yoast_head_json":{"title":"Series y revistas - Europhras","robots":{"index":"index","follow":"follow","max-snippet":"max-snippet:-1","max-image-preview":"max-image-preview:large","max-video-preview":"max-video-preview:-1"},"canonical":"https:\/\/europhras.org\/es\/series-y-revistas\/","og_locale":"es_ES","og_type":"article","og_title":"Series y revistas - Europhras","og_description":"[vc_row type=\u00bbin_container\u00bb full_screen_row_position=\u00bbmiddle\u00bb column_margin=\u00bbdefault\u00bb column_direction=\u00bbdefault\u00bb column_direction_tablet=\u00bbdefault\u00bb column_direction_phone=\u00bbdefault\u00bb scene_position=\u00bbcenter\u00bb text_color=\u00bbdark\u00bb text_align=\u00bbleft\u00bb row_border_radius=\u00bbnone\u00bb row_border_radius_applies=\u00bbbg\u00bb overflow=\u00bbvisible\u00bb overlay_strength=\u00bb0.3&#8243; gradient_direction=\u00bbleft_to_right\u00bb shape_divider_position=\u00bbbottom\u00bb bg_image_animation=\u00bbnone\u00bb][vc_column column_padding=\u00bbno-extra-padding\u00bb column_padding_tablet=\u00bbinherit\u00bb column_padding_phone=\u00bbinherit\u00bb column_padding_position=\u00bball\u00bb column_element_direction_desktop=\u00bbdefault\u00bb column_element_spacing=\u00bbdefault\u00bb desktop_text_alignment=\u00bbdefault\u00bb tablet_text_alignment=\u00bbdefault\u00bb phone_text_alignment=\u00bbdefault\u00bb background_color_opacity=\u00bb1&#8243; background_hover_color_opacity=\u00bb1&#8243; column_backdrop_filter=\u00bbnone\u00bb column_shadow=\u00bbnone\u00bb...","og_url":"https:\/\/europhras.org\/es\/series-y-revistas\/","og_site_name":"Europhras","article_modified_time":"2025-06-06T13:19:48+00:00","twitter_card":"summary_large_image","twitter_misc":{"Tiempo de lectura":"3 minutos"},"schema":{"@context":"https:\/\/schema.org","@graph":[{"@type":"WebPage","@id":"https:\/\/europhras.org\/es\/series-y-revistas\/","url":"https:\/\/europhras.org\/es\/series-y-revistas\/","name":"Series y revistas - Europhras","isPartOf":{"@id":"https:\/\/europhras.org\/es\/#website"},"datePublished":"2025-06-03T14:25:16+00:00","dateModified":"2025-06-06T13:19:48+00:00","breadcrumb":{"@id":"https:\/\/europhras.org\/es\/series-y-revistas\/#breadcrumb"},"inLanguage":"es","potentialAction":[{"@type":"ReadAction","target":["https:\/\/europhras.org\/es\/series-y-revistas\/"]}]},{"@type":"BreadcrumbList","@id":"https:\/\/europhras.org\/es\/series-y-revistas\/#breadcrumb","itemListElement":[{"@type":"ListItem","position":1,"name":"Inicio","item":"https:\/\/europhras.org\/es\/pagina-de-inicio\/"},{"@type":"ListItem","position":2,"name":"Series y revistas"}]},{"@type":"WebSite","@id":"https:\/\/europhras.org\/es\/#website","url":"https:\/\/europhras.org\/es\/","name":"Europhras","description":"","publisher":{"@id":"https:\/\/europhras.org\/es\/#organization"},"potentialAction":[{"@type":"SearchAction","target":{"@type":"EntryPoint","urlTemplate":"https:\/\/europhras.org\/es\/?s={search_term_string}"},"query-input":{"@type":"PropertyValueSpecification","valueRequired":true,"valueName":"search_term_string"}}],"inLanguage":"es"},{"@type":"Organization","@id":"https:\/\/europhras.org\/es\/#organization","name":"Europhras","url":"https:\/\/europhras.org\/es\/","logo":{"@type":"ImageObject","inLanguage":"es","@id":"https:\/\/europhras.org\/es\/#\/schema\/logo\/image\/","url":"https:\/\/europhras.org\/wp-content\/uploads\/2024\/10\/ep-logo_2x.png","contentUrl":"https:\/\/europhras.org\/wp-content\/uploads\/2024\/10\/ep-logo_2x.png","width":1231,"height":220,"caption":"Europhras"},"image":{"@id":"https:\/\/europhras.org\/es\/#\/schema\/logo\/image\/"}}]}},"_links":{"self":[{"href":"https:\/\/europhras.org\/es\/wp-json\/wp\/v2\/pages\/1709","targetHints":{"allow":["GET"]}}],"collection":[{"href":"https:\/\/europhras.org\/es\/wp-json\/wp\/v2\/pages"}],"about":[{"href":"https:\/\/europhras.org\/es\/wp-json\/wp\/v2\/types\/page"}],"author":[{"embeddable":true,"href":"https:\/\/europhras.org\/es\/wp-json\/wp\/v2\/users\/1"}],"replies":[{"embeddable":true,"href":"https:\/\/europhras.org\/es\/wp-json\/wp\/v2\/comments?post=1709"}],"version-history":[{"count":2,"href":"https:\/\/europhras.org\/es\/wp-json\/wp\/v2\/pages\/1709\/revisions"}],"predecessor-version":[{"id":1711,"href":"https:\/\/europhras.org\/es\/wp-json\/wp\/v2\/pages\/1709\/revisions\/1711"}],"wp:attachment":[{"href":"https:\/\/europhras.org\/es\/wp-json\/wp\/v2\/media?parent=1709"}],"curies":[{"name":"wp","href":"https:\/\/api.w.org\/{rel}","templated":true}]}}