{"id":1358,"date":"2024-10-09T08:02:25","date_gmt":"2024-10-09T06:02:25","guid":{"rendered":"https:\/\/europhras.cuco.dev\/?page_id=1358"},"modified":"2025-05-18T17:35:11","modified_gmt":"2025-05-18T15:35:11","slug":"proteccion-de-datos","status":"publish","type":"page","link":"https:\/\/europhras.org\/es\/proteccion-de-datos\/","title":{"rendered":"Protecci\u00f3n de datos"},"content":{"rendered":"<p>Solo tratamos sus datos personales (en lo sucesivo, \u00abDatos\u00bb) en la medida en que sea necesario y con el fin de ofrecer un sitio web funcional y f\u00e1cil de usar, en particular en lo que respecta a su contenido y a los servicios ofrecidos.<\/p>\n<p>De conformidad con el art\u00edculo 4, apartado 1, del Reglamento (UE) 2016\/679, el Reglamento General de Protecci\u00f3n de Datos (en lo sucesivo, \u00abRGPD\u00bb) se refiere a toda operaci\u00f3n o conjunto de operaciones con datos personales, ya sean tratados mediante procesos automatizados o no, como la recogida, el registro, organizaci\u00f3n, estructuraci\u00f3n, conservaci\u00f3n, adaptaci\u00f3n o modificaci\u00f3n, lectura, consulta, utilizaci\u00f3n, comunicaci\u00f3n por transmisi\u00f3n, difusi\u00f3n o cualquier otra forma de habilitaci\u00f3n de acceso, cotejo o interconexi\u00f3n, limitaci\u00f3n, supresi\u00f3n o destrucci\u00f3n.<\/p>\n<p>Nuestra pol\u00edtica de confidencialidad le proporciona principalmente informaci\u00f3n relativa a la naturaleza, el alcance, la finalidad, la duraci\u00f3n y la base legal del tratamiento de los datos personales, en la medida en que decidimos los objetivos y los medios del tratamiento, solos o con otros socios. Tambi\u00e9n le informamos sobre los socios externos con los que colaboramos con el fin de optimizar y mejorar la calidad de uso, cuando estos tratan los datos bajo su propia responsabilidad.<\/p>\n<p>Nuestra pol\u00edtica de privacidad est\u00e1 estructurada de la siguiente manera:<\/p>\n<p>I. Informaci\u00f3n sobre nosotros como responsables<\/p>\n<p>II. Derechos del usuario y de los interesados<\/p>\n<p>III. Informaci\u00f3n sobre el tratamiento de datos<\/p>\n<p><strong>I. Informaci\u00f3n sobre nosotros como responsables<\/strong><\/p>\n<p>En materia de protecci\u00f3n de datos, el proveedor responsable de este sitio web es:<\/p>\n<p>Univ.-Prof. Dr. Natalia Filatkina<\/p>\n<p>Fakult\u00e4t der Geisteswissenschaften<\/p>\n<p>SLM I, Institut f\u00fcr Germanistik<\/p>\n<p>Linguistik des Deutschen<\/p>\n<p>Digitale historische Sprachwissenschaft<\/p>\n<p>\u00dcberseering 35, Postfach #15<\/p>\n<p>22297 Hamburgo<\/p>\n<p>Raum 8054 S\u00fcd<\/p>\n<p>El responsable de la protecci\u00f3n de datos del proveedor es:<\/p>\n<p>S\u00f6ren Stumpf<\/p>\n<p>&#115;&#x74;&#117;&#x6d;&#112;&#x66;&#64;&#x67;e&#114;&#x6d;&#97;&#x6e;&#105;&#x73;t&#x69;k&#46;&#x75;&#110;&#x69;&#45;&#x6d;&#117;&#x65;n&#x63;h&#101;&#x6e;&#46;&#x64;&#101;<\/p>\n<p><strong>II. Derechos del usuario y de las partes interesadas<\/strong><\/p>\n<p>En relaci\u00f3n con el tratamiento de datos que se describe con m\u00e1s detalle a continuaci\u00f3n, los usuarios y las personas afectadas tienen derecho a:<\/p>\n<ul>\n<li>Obtener la confirmaci\u00f3n de que los datos est\u00e1n siendo tratados, saber qu\u00e9 tipo de datos se tratan, obtener informaci\u00f3n adicional sobre el tratamiento de los datos y copias de los datos (v\u00e9ase tambi\u00e9n el art. 15 del RGPD).<\/li>\n<li>Corregir o completar datos err\u00f3neos o incompletos (v\u00e9ase el art. 16 del RGPD).<\/li>\n<li>A suprimir inmediatamente los datos que les conciernen (v\u00e9ase tambi\u00e9n el art. 17 del RGPD), o a saber si se requiere un tratamiento adicional, de conformidad con el art. 17, apartado 3, del RGPD. A limitar el tratamiento, de conformidad con el art. 18 del RGPD.<\/li>\n<li>A obtener los datos que les conciernen y que han facilitado, y a saber si dichos datos han sido transmitidos a otros prestadores\/autoridades (v\u00e9ase tambi\u00e9n el art. 20 del RGPD);<\/li>\n<li>A presentar una reclamaci\u00f3n ante las autoridades de control si consideran que el proveedor infringe la normativa en materia de protecci\u00f3n de datos (v\u00e9ase tambi\u00e9n el art. 77 del RGPD).<\/li>\n<\/ul>\n<p>Adem\u00e1s, el proveedor est\u00e1 obligado a informar a todos los destinatarios a los que se hayan comunicado los datos de cualquier modificaci\u00f3n, supresi\u00f3n o restricci\u00f3n del tratamiento, de conformidad con los art\u00edculos 16, 17, apartado 1, y 18 del RGPD. No obstante, esta obligaci\u00f3n no se aplica si la comunicaci\u00f3n de la informaci\u00f3n resulta imposible o implica un esfuerzo desproporcionado. No obstante, el usuario tiene derecho a obtener informaci\u00f3n sobre dichos destinatarios.<\/p>\n<p><strong>Asimismo, en virtud del art\u00edculo 21 del RGPD, los usuarios y las personas afectadas pueden oponerse al tratamiento posterior de sus datos si estos son tratados por el proveedor de conformidad con el art\u00edculo 6, apartado 1, letra f) del RGPD. En particular, se permite oponerse al tratamiento de datos con fines de publicidad directa.<\/strong><\/p>\n<p><strong>III. Informaci\u00f3n sobre el tratamiento de datos<\/strong><\/p>\n<p>Sus datos tratados durante el uso de nuestro sitio web se eliminar\u00e1n o bloquear\u00e1n tan pronto como deje de existir el motivo para su conservaci\u00f3n, siempre que su eliminaci\u00f3n no entre en conflicto con los requisitos legales de conservaci\u00f3n. No se proporcionar\u00e1 posteriormente ninguna otra informaci\u00f3n sobre los m\u00e9todos de tratamiento individuales.<\/p>\n<h4>Gestor de cookies<\/h4>\n<p>Para obtener el consentimiento para el uso de cookies t\u00e9cnicamente no necesarias en el sitio web, el proveedor utiliza un gestor de cookies.<\/p>\n<p>Al abrir el sitio web, se almacena una cookie con la informaci\u00f3n de configuraci\u00f3n en el dispositivo del usuario, de modo que no es necesario solicitar el consentimiento en visitas posteriores.<\/p>\n<p>La cookie es necesaria para obtener el consentimiento legal del usuario.<\/p>\n<p>El usuario puede impedir o incluso interrumpir la instalaci\u00f3n de cookies en cualquier momento ajustando la configuraci\u00f3n de su navegador.<\/p>\n<h4>Cookies<\/h4>\n<h5><strong>a) Cookies de sesi\u00f3n<\/strong><\/h5>\n<p>Utilizamos cookies en nuestro sitio web. Las cookies son peque\u00f1os archivos de texto u otras tecnolog\u00edas de almacenamiento que el navegador que utiliza deposita y almacena en su dispositivo. Estas cookies procesan cierta informaci\u00f3n sobre usted, como su navegador, su ubicaci\u00f3n o su direcci\u00f3n IP.<\/p>\n<p>Este tratamiento hace que nuestro sitio web sea m\u00e1s f\u00e1cil de usar, m\u00e1s eficaz y m\u00e1s seguro, ya que nos permite, por ejemplo, reproducir nuestro sitio web en diferentes idiomas u ofrecer una funci\u00f3n de cesta de la compra.<\/p>\n<p>La base jur\u00eddica de este tratamiento es el art\u00edculo 6, apartado 1, letra b) del RGPD, en la medida en que estas cookies se utilizan para tratar o ejecutar el contrato.<\/p>\n<p>Cuando el tratamiento de los datos no sirve para tramitar o ejecutar el contrato, nuestro inter\u00e9s leg\u00edtimo reside en mejorar la funcionalidad de nuestro sitio web. La base jur\u00eddica es entonces el art. 6, apartado 1, letra f) del RGPD.<\/p>\n<p>Cuando cierras tu navegador, las cookies se eliminan.<\/p>\n<h5><strong>b) Cookies de terceros<\/strong><\/h5>\n<p>Nuestro sitio web tambi\u00e9n utiliza, en caso necesario, cookies de empresas asociadas con las que colaboramos con fines publicitarios, de an\u00e1lisis o de funcionamiento de nuestro sitio web.<\/p>\n<p>Si desea obtener m\u00e1s informaci\u00f3n, en particular sobre los objetivos y las bases legales del tratamiento de estas cookies de terceros proveedores, consulte la informaci\u00f3n que figura a continuaci\u00f3n.<\/p>\n<h5><strong>c) Medidas de eliminaci\u00f3n<\/strong><\/h5>\n<p>Es posible impedir o limitar la instalaci\u00f3n de cookies mediante la configuraci\u00f3n de su navegador. Tambi\u00e9n es posible eliminar las cookies almacenadas anteriormente en cualquier momento. Sin embargo, los pasos y las medidas necesarias dependen de su navegador. Si tiene alguna pregunta, utilice la funci\u00f3n de ayuda o la documentaci\u00f3n de su navegador, o p\u00f3ngase en contacto con el fabricante o el servicio de asistencia. Sin embargo, con las cookies Flash no es posible impedir el tratamiento mediante la configuraci\u00f3n de su navegador. En este caso, debe modificar la configuraci\u00f3n de su reproductor Flash. No obstante, los pasos y las medidas necesarias dependen de su reproductor Flash. Si tiene alguna pregunta, utilice la funci\u00f3n de ayuda o la documentaci\u00f3n de su reproductor Flash, o p\u00f3ngase en contacto con el fabricante o el servicio de asistencia.<\/p>\n<p>Si impide o restringe la instalaci\u00f3n de cookies, es posible que no pueda utilizar todas las funciones de nuestro sitio web.<\/p>\n<h4>Solicitudes\/posibilidades de contacto<\/h4>\n<p>Si se pone en contacto con nosotros a trav\u00e9s de un formulario de contacto o por correo electr\u00f3nico, los datos facilitados se utilizar\u00e1n para tramitar su solicitud. El suministro de estos datos es necesario para tramitar su solicitud y responder a ella: si no los facilita, no podremos responderle o, en el mejor de los casos, lo haremos en la medida de lo posible. La base jur\u00eddica para este tratamiento es el art\u00edculo 6, apartado 1, letra b) del RGPD. Sus datos se eliminar\u00e1n posteriormente, siempre que hayamos respondido a su solicitud y que la eliminaci\u00f3n no infrinja los requisitos legales de conservaci\u00f3n, por ejemplo, para ejecutar un contrato posteriormente.<\/p>\n<h4>Datos del servidor<\/h4>\n<p>Por motivos t\u00e9cnicos, y en particular para garantizar la seguridad y la estabilidad del sitio web, los datos nos son transmitidos a trav\u00e9s de su navegador de Internet o son transmitidos a nuestro proveedor de espacio web. Los archivos de registro del servidor recopilan: el tipo y la versi\u00f3n de su navegador de Internet, su sistema operativo, el sitio web desde el que ha llegado a nuestro sitio (URL de referencia), la(s) p\u00e1gina(s) de nuestro sitio que visita, la fecha y la hora del acceso y, por \u00faltimo, la direcci\u00f3n IP de la conexi\u00f3n a Internet desde la que se ha utilizado nuestro sitio.<\/p>\n<p>Estos datos recopilados se conservar\u00e1n temporalmente, pero no se compartir\u00e1n con otros datos sobre usted.<\/p>\n<p>Esta conservaci\u00f3n se realiza de conformidad con el art\u00edculo 6, apartado 1, letra f) del RGPD. Nuestro inter\u00e9s es leg\u00edtimo, ya que estos datos contribuyen a la mejora, la estabilidad, la funcionalidad y la seguridad de nuestro sitio web.<\/p>\n<p>Los datos se eliminar\u00e1n a m\u00e1s tardar al cabo de siete d\u00edas, salvo que debamos conservarlos durante m\u00e1s tiempo con fines probatorios. En tal caso, se conservar\u00e1n todos o parte de los datos hasta la resoluci\u00f3n definitiva del problema.<\/p>\n<h4>Google Analytics<\/h4>\n<p>En nuestro sitio web utilizamos Google Analytics, un servicio de an\u00e1lisis web de Google Ireland Limited, Gordon House, Barrow Street, Dubl\u00edn 4, Irlanda, una filial de Google LLC, 1600 Amphitheatre Parkway, Mountain View, CA 94043 EE. UU., en lo sucesivo \u00abGoogle\u00bb.<\/p>\n<p>Google Analytics nos ayuda a analizar el uso del sitio web y a medir la eficacia de nuestras campa\u00f1as de marketing. La base legal es el art. 6, apartado 1, letra a del RGPD. El usuario puede revocar en cualquier momento su consentimiento para el uso de Google Analytics para un uso posterior, de conformidad con el art\u00edculo 7, apartado 3 del RGPD, a trav\u00e9s de la \u00abconfiguraci\u00f3n de cookies\u00bb de nuestro sitio web.<\/p>\n<p>La informaci\u00f3n como la hora, el lugar y la frecuencia de las visitas al sitio web, as\u00ed como las interacciones con el sitio web (por ejemplo, rutas de clics, anuncios vistos\/clicados, clics en enlaces), incluida la direcci\u00f3n IP del usuario, se transmite a un servidor de Google en los Estados Unidos y se almacena all\u00ed durante un m\u00e1ximo de 2 meses.<\/p>\n<p>Google LLC forma parte del \u00abData Privacy Framework\u00bb, para el que la Comisi\u00f3n Europea ha adoptado una decisi\u00f3n de adecuaci\u00f3n de conformidad con el art\u00edculo 45 del RGPD:<\/p>\n<p><a href=\"https:\/\/www.dataprivacyframework.gov\/list\">https:\/\/www.dataprivacyframework.gov\/list<\/a><\/p>\n<p>Google recopila adem\u00e1s \u00abcaracter\u00edsticas demogr\u00e1ficas\u00bb y puede elaborar estad\u00edsticas que permiten sacar conclusiones sobre la edad, el sexo y los intereses de los visitantes del sitio web. Esto se lleva a cabo mediante el an\u00e1lisis automatizado de la publicidad y la informaci\u00f3n de terceros proveedores.<\/p>\n<p>Si el usuario ha activado los anuncios personalizados en su cuenta de Google y acepta Google Analytics, Google puede analizar el comportamiento de uso en todos los dispositivos, es decir, en todos los dispositivos que el usuario haya asociado a su cuenta de Google. A continuaci\u00f3n, Google establece modelos de conversi\u00f3n para todos los dispositivos; para ello, solo se nos transmiten estad\u00edsticas an\u00f3nimas, no datos personales.<\/p>\n<p>Si el usuario desea desactivar este an\u00e1lisis en varios dispositivos, puede desactivar la funci\u00f3n \u00abAnuncios personalizados\u00bb en la configuraci\u00f3n de su cuenta de Google haciendo clic en el siguiente enlace:<\/p>\n<p><a href=\"https:\/\/support.google.com\/ads\/answer\/2662922?hl=de\">https:\/\/support.google.com\/ads\/answer\/2662922?hl=de<\/a><\/p>\n<p>Utilizamos Google Analytics con una funci\u00f3n de anonimizaci\u00f3n. De este modo, Google acorta la direcci\u00f3n IP de los usuarios dentro de los Estados miembros de la UE o en otros Estados signatarios del acuerdo sobre el EEE.<\/p>\n<p>Google utiliza los datos recopilados para evaluar la visita del usuario al sitio web y para proporcionarnos informes sobre la actividad del sitio. Los datos tambi\u00e9n se utilizan para prestar otros servicios relacionados con el uso del sitio web y de Internet. Google puede transmitir esta informaci\u00f3n a terceros si as\u00ed lo exige la ley o si dichos terceros tratan los datos por cuenta de Google.<\/p>\n<p>Seg\u00fan sus propias indicaciones, Google no asocia en ning\u00fan caso la direcci\u00f3n IP del usuario con otros datos de Google. Google proporciona informaci\u00f3n adicional y medios para impedir el uso de los datos en el sitio web:<\/p>\n<p><a href=\"https:\/\/www.google.com\/intl\/de\/policies\/privacy\/partners\">https:\/\/www.google.com\/intl\/de\/policies\/privacy\/partners<\/a><\/p>\n<p>Si el usuario se opone a la recopilaci\u00f3n de datos, tambi\u00e9n puede impedirlo instalando de forma permanente el complemento del navegador para desactivar Google Analytics.<\/p>\n<h4>FontAwesome<\/h4>\n<p>Para representar los caracteres y elementos visuales de nuestro sitio web, utilizamos fuentes externas de FontAwesome. FontAwesome es un servicio de<\/p>\n<p>Fonticons Inc., 6 Porter Road, Apartment 3R, Cambridge, MA 02140, EE. UU., en lo sucesivo denominado simplemente \u00abFontAwesome\u00bb.<\/p>\n<p>Al visitar nuestro sitio web, se establece una conexi\u00f3n con el servidor de FontAwesome en EE. UU. para permitir y actualizar la representaci\u00f3n de las fuentes y los elementos visuales.<\/p>\n<p>La base jur\u00eddica es el art. 6, apartado 1, letra f) del RGPD. Nuestro inter\u00e9s leg\u00edtimo reside en la optimizaci\u00f3n y la explotaci\u00f3n econ\u00f3mica de nuestro sitio web.<\/p>\n<p>Gracias a la conexi\u00f3n establecida con el servidor de FontAwesome al mostrar nuestro sitio web, FontAwesome puede determinar desde qu\u00e9 sitio web se ha enviado su solicitud y a qu\u00e9 direcci\u00f3n IP debe transmitirse la representaci\u00f3n de la fuente.<\/p>\n<p>FontAwesome proporciona<\/p>\n<p><a href=\"https:\/\/fontawesome.com\/privacy\">https:\/\/fontawesome.com\/privacy<\/a><\/p>\n<p>informaci\u00f3n adicional y, en particular, sobre las posibilidades de suprimir el uso de los datos.<\/p>\n<h4>Google Fonts<\/h4>\n<p>Utilizamos Google Fonts para mostrar fuentes externas en nuestro sitio web. Google Maps es un servicio prestado por Google Ireland Limited, Gordon House, Barrow Street, Dubl\u00edn 4, Irlanda, en lo sucesivo denominado \u00abGoogle\u00bb.<\/p>\n<p>Para poder ofrecer una representaci\u00f3n gr\u00e1fica de determinados textos, cuando visita nuestro sitio web se establece una conexi\u00f3n con el servidor de Google en Estados Unidos.<\/p>\n<p>La base jur\u00eddica es el art\u00edculo 6, apartado 1, letra f) del RGPD. Nuestro inter\u00e9s leg\u00edtimo reside en la optimizaci\u00f3n y el funcionamiento rentable de nuestro sitio web.<\/p>\n<p>La conexi\u00f3n establecida con Google al acceder a nuestro sitio web le permite determinar desde qu\u00e9 sitio web se ha enviado su solicitud y a qu\u00e9 direcci\u00f3n IP debe transmitirse la presentaci\u00f3n de la fuente.<\/p>\n<p>Google ofrece informaci\u00f3n adicional en las siguientes direcciones:<\/p>\n<p><a href=\"https:\/\/adssettings.google.com\/authenticated\">https:\/\/adssettings.google.com\/authenticated<\/a><\/p>\n<p><a href=\"https:\/\/policies.google.com\/privacy\">https:\/\/policies.google.com\/privacy<\/a><\/p>\n<p>en particular sobre las posibilidades de impedir el uso de datos.<\/p>\n<h4>Google reCAPTCHA<\/h4>\n<p>En nuestro sitio web utilizamos Google reCAPTCHA para controlar y evitar interacciones a trav\u00e9s de un acceso automatizado, por ejemplo, a trav\u00e9s de \u00abrobots\u00bb. Google Maps es un servicio prestado por Google Ireland Limited, Gordon House, Barrow Street, Dubl\u00edn 4, Irlanda, en lo sucesivo denominado \u00abGoogle\u00bb.<\/p>\n<p>A trav\u00e9s de este servicio, Google puede determinar desde qu\u00e9 sitio web se env\u00eda una solicitud y desde qu\u00e9 direcci\u00f3n IP utiliza el campo de entrada reCAPTCHA. Adem\u00e1s de su direcci\u00f3n IP, Google puede recopilar informaci\u00f3n adicional que es necesaria para ofrecer y garantizar este servicio.<\/p>\n<p>La base jur\u00eddica es el art\u00edculo 6, apartado 1, letra f) del RGPD. Nuestro inter\u00e9s leg\u00edtimo reside en la seguridad de nuestro sitio web y en la protecci\u00f3n contra accesos automatizados no deseados, en forma de spam, etc.<\/p>\n<p>Google ofrece informaci\u00f3n adicional en la direcci\u00f3n:<\/p>\n<p><a href=\"https:\/\/policies.google.com\/privacy\">https:\/\/policies.google.com\/privacy<\/a><\/p>\n<p>sobre el tratamiento general de sus datos de usuario.<\/p>\n<p><a href=\"https:\/\/www.xn--generator-datenschutzerklrung-pqc.de\/\">Ejemplo de pol\u00edtica de privacidad<\/a> del <a href=\"https:\/\/www.xn--bewertung-lschen24-n3b.de\/\">bufete de abogados Wei\u00df &amp; Partner<\/a><\/p>\n","protected":false},"excerpt":{"rendered":"<p>Solo tratamos sus datos personales (en lo sucesivo, \u00abDatos\u00bb) en la medida en que sea necesario y con el fin de ofrecer un sitio web funcional y f\u00e1cil de usar,&#8230;<\/p>\n","protected":false},"author":1,"featured_media":0,"parent":0,"menu_order":0,"comment_status":"closed","ping_status":"closed","template":"","meta":{"_acf_changed":false,"inline_featured_image":false,"footnotes":""},"class_list":["post-1358","page","type-page","status-publish"],"acf":[],"yoast_head":"<!-- This site is optimized with the Yoast SEO plugin v26.6 - https:\/\/yoast.com\/wordpress\/plugins\/seo\/ -->\n<title>Protecci\u00f3n de datos - Europhras<\/title>\n<meta name=\"robots\" content=\"index, follow, max-snippet:-1, max-image-preview:large, max-video-preview:-1\" \/>\n<link rel=\"canonical\" href=\"https:\/\/europhras.org\/es\/proteccion-de-datos\/\" \/>\n<meta property=\"og:locale\" content=\"es_ES\" \/>\n<meta property=\"og:type\" content=\"article\" \/>\n<meta property=\"og:title\" content=\"Protecci\u00f3n de datos - Europhras\" \/>\n<meta property=\"og:description\" content=\"Solo tratamos sus datos personales (en lo sucesivo, \u00abDatos\u00bb) en la medida en que sea necesario y con el fin de ofrecer un sitio web funcional y f\u00e1cil de usar,...\" \/>\n<meta property=\"og:url\" content=\"https:\/\/europhras.org\/es\/proteccion-de-datos\/\" \/>\n<meta property=\"og:site_name\" content=\"Europhras\" \/>\n<meta property=\"article:modified_time\" content=\"2025-05-18T15:35:11+00:00\" \/>\n<meta name=\"twitter:card\" content=\"summary_large_image\" \/>\n<meta name=\"twitter:label1\" content=\"Tiempo de lectura\" \/>\n\t<meta name=\"twitter:data1\" content=\"14 minutos\" \/>\n<script type=\"application\/ld+json\" class=\"yoast-schema-graph\">{\"@context\":\"https:\/\/schema.org\",\"@graph\":[{\"@type\":\"WebPage\",\"@id\":\"https:\/\/europhras.org\/es\/proteccion-de-datos\/\",\"url\":\"https:\/\/europhras.org\/es\/proteccion-de-datos\/\",\"name\":\"Protecci\u00f3n de datos - Europhras\",\"isPartOf\":{\"@id\":\"https:\/\/europhras.org\/es\/#website\"},\"datePublished\":\"2024-10-09T06:02:25+00:00\",\"dateModified\":\"2025-05-18T15:35:11+00:00\",\"breadcrumb\":{\"@id\":\"https:\/\/europhras.org\/es\/proteccion-de-datos\/#breadcrumb\"},\"inLanguage\":\"es\",\"potentialAction\":[{\"@type\":\"ReadAction\",\"target\":[\"https:\/\/europhras.org\/es\/proteccion-de-datos\/\"]}]},{\"@type\":\"BreadcrumbList\",\"@id\":\"https:\/\/europhras.org\/es\/proteccion-de-datos\/#breadcrumb\",\"itemListElement\":[{\"@type\":\"ListItem\",\"position\":1,\"name\":\"Inicio\",\"item\":\"https:\/\/europhras.org\/es\/pagina-de-inicio\/\"},{\"@type\":\"ListItem\",\"position\":2,\"name\":\"Protecci\u00f3n de datos\"}]},{\"@type\":\"WebSite\",\"@id\":\"https:\/\/europhras.org\/es\/#website\",\"url\":\"https:\/\/europhras.org\/es\/\",\"name\":\"Europhras\",\"description\":\"\",\"publisher\":{\"@id\":\"https:\/\/europhras.org\/es\/#organization\"},\"potentialAction\":[{\"@type\":\"SearchAction\",\"target\":{\"@type\":\"EntryPoint\",\"urlTemplate\":\"https:\/\/europhras.org\/es\/?s={search_term_string}\"},\"query-input\":{\"@type\":\"PropertyValueSpecification\",\"valueRequired\":true,\"valueName\":\"search_term_string\"}}],\"inLanguage\":\"es\"},{\"@type\":\"Organization\",\"@id\":\"https:\/\/europhras.org\/es\/#organization\",\"name\":\"Europhras\",\"url\":\"https:\/\/europhras.org\/es\/\",\"logo\":{\"@type\":\"ImageObject\",\"inLanguage\":\"es\",\"@id\":\"https:\/\/europhras.org\/es\/#\/schema\/logo\/image\/\",\"url\":\"https:\/\/europhras.org\/wp-content\/uploads\/2024\/10\/ep-logo_2x.png\",\"contentUrl\":\"https:\/\/europhras.org\/wp-content\/uploads\/2024\/10\/ep-logo_2x.png\",\"width\":1231,\"height\":220,\"caption\":\"Europhras\"},\"image\":{\"@id\":\"https:\/\/europhras.org\/es\/#\/schema\/logo\/image\/\"}}]}<\/script>\n<!-- \/ Yoast SEO plugin. -->","yoast_head_json":{"title":"Protecci\u00f3n de datos - Europhras","robots":{"index":"index","follow":"follow","max-snippet":"max-snippet:-1","max-image-preview":"max-image-preview:large","max-video-preview":"max-video-preview:-1"},"canonical":"https:\/\/europhras.org\/es\/proteccion-de-datos\/","og_locale":"es_ES","og_type":"article","og_title":"Protecci\u00f3n de datos - Europhras","og_description":"Solo tratamos sus datos personales (en lo sucesivo, \u00abDatos\u00bb) en la medida en que sea necesario y con el fin de ofrecer un sitio web funcional y f\u00e1cil de usar,...","og_url":"https:\/\/europhras.org\/es\/proteccion-de-datos\/","og_site_name":"Europhras","article_modified_time":"2025-05-18T15:35:11+00:00","twitter_card":"summary_large_image","twitter_misc":{"Tiempo de lectura":"14 minutos"},"schema":{"@context":"https:\/\/schema.org","@graph":[{"@type":"WebPage","@id":"https:\/\/europhras.org\/es\/proteccion-de-datos\/","url":"https:\/\/europhras.org\/es\/proteccion-de-datos\/","name":"Protecci\u00f3n de datos - Europhras","isPartOf":{"@id":"https:\/\/europhras.org\/es\/#website"},"datePublished":"2024-10-09T06:02:25+00:00","dateModified":"2025-05-18T15:35:11+00:00","breadcrumb":{"@id":"https:\/\/europhras.org\/es\/proteccion-de-datos\/#breadcrumb"},"inLanguage":"es","potentialAction":[{"@type":"ReadAction","target":["https:\/\/europhras.org\/es\/proteccion-de-datos\/"]}]},{"@type":"BreadcrumbList","@id":"https:\/\/europhras.org\/es\/proteccion-de-datos\/#breadcrumb","itemListElement":[{"@type":"ListItem","position":1,"name":"Inicio","item":"https:\/\/europhras.org\/es\/pagina-de-inicio\/"},{"@type":"ListItem","position":2,"name":"Protecci\u00f3n de datos"}]},{"@type":"WebSite","@id":"https:\/\/europhras.org\/es\/#website","url":"https:\/\/europhras.org\/es\/","name":"Europhras","description":"","publisher":{"@id":"https:\/\/europhras.org\/es\/#organization"},"potentialAction":[{"@type":"SearchAction","target":{"@type":"EntryPoint","urlTemplate":"https:\/\/europhras.org\/es\/?s={search_term_string}"},"query-input":{"@type":"PropertyValueSpecification","valueRequired":true,"valueName":"search_term_string"}}],"inLanguage":"es"},{"@type":"Organization","@id":"https:\/\/europhras.org\/es\/#organization","name":"Europhras","url":"https:\/\/europhras.org\/es\/","logo":{"@type":"ImageObject","inLanguage":"es","@id":"https:\/\/europhras.org\/es\/#\/schema\/logo\/image\/","url":"https:\/\/europhras.org\/wp-content\/uploads\/2024\/10\/ep-logo_2x.png","contentUrl":"https:\/\/europhras.org\/wp-content\/uploads\/2024\/10\/ep-logo_2x.png","width":1231,"height":220,"caption":"Europhras"},"image":{"@id":"https:\/\/europhras.org\/es\/#\/schema\/logo\/image\/"}}]}},"_links":{"self":[{"href":"https:\/\/europhras.org\/es\/wp-json\/wp\/v2\/pages\/1358","targetHints":{"allow":["GET"]}}],"collection":[{"href":"https:\/\/europhras.org\/es\/wp-json\/wp\/v2\/pages"}],"about":[{"href":"https:\/\/europhras.org\/es\/wp-json\/wp\/v2\/types\/page"}],"author":[{"embeddable":true,"href":"https:\/\/europhras.org\/es\/wp-json\/wp\/v2\/users\/1"}],"replies":[{"embeddable":true,"href":"https:\/\/europhras.org\/es\/wp-json\/wp\/v2\/comments?post=1358"}],"version-history":[{"count":0,"href":"https:\/\/europhras.org\/es\/wp-json\/wp\/v2\/pages\/1358\/revisions"}],"wp:attachment":[{"href":"https:\/\/europhras.org\/es\/wp-json\/wp\/v2\/media?parent=1358"}],"curies":[{"name":"wp","href":"https:\/\/api.w.org\/{rel}","templated":true}]}}