{"id":1334,"date":"2024-10-09T10:45:50","date_gmt":"2024-10-09T08:45:50","guid":{"rendered":"https:\/\/europhras.cuco.dev\/congresos\/pasado\/"},"modified":"2025-05-18T16:23:36","modified_gmt":"2025-05-18T14:23:36","slug":"pasado","status":"publish","type":"page","link":"https:\/\/europhras.org\/es\/congresos\/pasado\/","title":{"rendered":"Pasado"},"content":{"rendered":"[vc_row type=\u00bbin_container\u00bb full_screen_row_position=\u00bbmiddle\u00bb column_margin=\u00bbdefault\u00bb column_direction=\u00bbdefault\u00bb column_direction_tablet=\u00bbdefault\u00bb column_direction_phone=\u00bbdefault\u00bb scene_position=\u00bbcenter\u00bb text_color=\u00bbdark\u00bb text_align=\u00bbleft\u00bb row_border_radius=\u00bbnone\u00bb row_border_radius_applies=\u00bbbg\u00bb overflow=\u00bbvisible\u00bb overlay_strength=\u00bb0.3&#8243; gradient_direction=\u00bbleft_to_right\u00bb shape_divider_position=\u00bbbottom\u00bb bg_image_animation=\u00bbnone\u00bb][vc_column column_padding=\u00bbno-extra-padding\u00bb column_padding_tablet=\u00bbinherit\u00bb column_padding_phone=\u00bbinherit\u00bb column_padding_position=\u00bball\u00bb column_element_direction_desktop=\u00bbdefault\u00bb column_element_spacing=\u00bbdefault\u00bb desktop_text_alignment=\u00bbdefault\u00bb tablet_text_alignment=\u00bbdefault\u00bb phone_text_alignment=\u00bbdefault\u00bb background_color_opacity=\u00bb1&#8243; background_hover_color_opacity=\u00bb1&#8243; column_backdrop_filter=\u00bbnone\u00bb column_shadow=\u00bbnone\u00bb column_border_radius=\u00bbnone\u00bb column_link_target=\u00bb_self\u00bb column_position=\u00bbdefault\u00bb gradient_direction=\u00bbleft_to_right\u00bb overlay_strength=\u00bb0.3&#8243; width=\u00bb1\/1&#8243; tablet_width_inherit=\u00bbdefault\u00bb animation_type=\u00bbdefault\u00bb bg_image_animation=\u00bbnone\u00bb border_type=\u00bbsimple\u00bb column_border_width=\u00bbnone\u00bb column_border_style=\u00bbsolid\u00bb][split_line_heading animation_type=\u00bbline-reveal-by-space\u00bb font_style=\u00bbh1&#8243; text_color=\u00bb#062c80&#8243; line_reveal_by_space_text_effect=\u00bbdefault\u00bb content_alignment=\u00bbdefault\u00bb mobile_content_alignment=\u00bbinherit\u00bb link_target=\u00bb_self\u00bb text_content=\u00bbCongresos anteriores\u00bb text_direction=\u00bbdefault\u00bb][\/split_line_heading][\/vc_column][\/vc_row][vc_row type=\u00bbin_container\u00bb full_screen_row_position=\u00bbmiddle\u00bb column_margin=\u00bbdefault\u00bb column_direction=\u00bbdefault\u00bb column_direction_tablet=\u00bbdefault\u00bb column_direction_phone=\u00bbdefault\u00bb scene_position=\u00bbcenter\u00bb text_color=\u00bbdark\u00bb text_align=\u00bbleft\u00bb row_border_radius=\u00bbnone\u00bb row_border_radius_applies=\u00bbbg\u00bb overflow=\u00bbvisible\u00bb overlay_strength=\u00bb0.3&#8243; gradient_direction=\u00bbleft_to_right\u00bb shape_divider_position=\u00bbbottom\u00bb bg_image_animation=\u00bbnone\u00bb][vc_column column_padding=\u00bbno-extra-padding\u00bb column_padding_tablet=\u00bbinherit\u00bb column_padding_phone=\u00bbinherit\u00bb column_padding_position=\u00bball\u00bb column_element_direction_desktop=\u00bbdefault\u00bb column_element_spacing=\u00bbdefault\u00bb desktop_text_alignment=\u00bbdefault\u00bb tablet_text_alignment=\u00bbdefault\u00bb phone_text_alignment=\u00bbdefault\u00bb background_color_opacity=\u00bb1&#8243; background_hover_color_opacity=\u00bb1&#8243; column_backdrop_filter=\u00bbnone\u00bb column_shadow=\u00bbnone\u00bb column_border_radius=\u00bbnone\u00bb column_link_target=\u00bb_self\u00bb column_position=\u00bbdefault\u00bb gradient_direction=\u00bbleft_to_right\u00bb overlay_strength=\u00bb0.3&#8243; width=\u00bb1\/1&#8243; tablet_width_inherit=\u00bbdefault\u00bb animation_type=\u00bbdefault\u00bb bg_image_animation=\u00bbnone\u00bb border_type=\u00bbsimple\u00bb column_border_width=\u00bbnone\u00bb column_border_style=\u00bbsolid\u00bb][vc_column_text css=\u00bb\u00bb text_direction=\u00bbdefault\u00bb]<div id=\"vsel\" class=\"vsel-shortcode vsel-shortcode-past-events\"><div id=\"event-814\" class=\"vsel-content vsel-past\"><div class=\"vsel-meta vsel-alignleft\" style=\"width:36%;\"><div class=\"vsel-meta-combine\"><div class=\"vsel-meta-date-icon vsel-meta-combined-date-icon\"><div class=\"vsel-start-icon\"><span class=\"vsel-month vsel-month-top\">May<\/span><span class=\"vsel-day\">19<\/span><span class=\"vsel-year\">2025<\/span><\/div><div class=\"vsel-end-icon\"><span class=\"vsel-month vsel-month-top\">May<\/span><span class=\"vsel-day\">22<\/span><span class=\"vsel-year\">2025<\/span><\/div><\/div><h3 class=\"vsel-meta-title\"><a href=\"https:\/\/europhras.org\/es\/event\/europhras-2025-phraseologie-und-kommunikation-formelhafte-sprache-in-der-kommunikation\/\" rel=\"bookmark\" title=\"EUROPHRAS 2025: Phraseologie und Kommunikation \u2013 Formelhafte Sprache in der Kommunikation\">EUROPHRAS 2025: Phraseologie und Kommunikation \u2013 Formelhafte Sprache in der Kommunikation<\/a><\/h3><div class=\"vsel-meta-time vsel-meta-all-day\">All-day event<\/div><div class=\"vsel-meta-location\">Localizaci\u00f3n: <span>Aarhus<\/span><\/div><\/div><\/div><div class=\"vsel-info vsel-alignright\" style=\"width:60%;\"><div class=\"vsel-text\"><a class=\"vsel-read-more\" href=\"https:\/\/europhras.org\/es\/event\/europhras-2025-phraseologie-und-kommunikation-formelhafte-sprache-in-der-kommunikation\/\" rel=\"bookmark\">Read more<\/a><\/div><\/div><\/div><div id=\"event-930\" class=\"vsel-content vsel-past\"><div class=\"vsel-meta vsel-alignleft\" style=\"width:36%;\"><div class=\"vsel-meta-combine\"><div class=\"vsel-meta-date-icon vsel-meta-combined-date-icon\"><div class=\"vsel-start-icon\"><span class=\"vsel-month vsel-month-top\">May<\/span><span class=\"vsel-day\">29<\/span><span class=\"vsel-year\">2023<\/span><\/div><div class=\"vsel-end-icon\"><span class=\"vsel-month vsel-month-top\">Jun<\/span><span class=\"vsel-day\">1<\/span><span class=\"vsel-year\">2023<\/span><\/div><\/div><h3 class=\"vsel-meta-title\"><a href=\"https:\/\/europhras.org\/es\/event\/europhras-2023-new-trends-in-phraseology-languages-and-cultures-in-comparison\/\" rel=\"bookmark\" title=\"EUROPHRAS 2023: New Trends in Phraseology: Languages and Cultures in Comparison\">EUROPHRAS 2023: New Trends in Phraseology: Languages and Cultures in Comparison<\/a><\/h3><div class=\"vsel-meta-time vsel-meta-all-day\">All-day event<\/div><div class=\"vsel-meta-location\">Localizaci\u00f3n: <span>Mailand<\/span><\/div><\/div><\/div><div class=\"vsel-info vsel-alignright\" style=\"width:60%;\"><div class=\"vsel-text\"><a class=\"vsel-read-more\" href=\"https:\/\/europhras.org\/es\/event\/europhras-2023-new-trends-in-phraseology-languages-and-cultures-in-comparison\/\" rel=\"bookmark\">Read more<\/a><\/div><\/div><\/div><div id=\"event-936\" class=\"vsel-content vsel-past\"><div class=\"vsel-meta vsel-alignleft\" style=\"width:36%;\"><div class=\"vsel-meta-combine\"><div class=\"vsel-meta-date-icon vsel-meta-combined-date-icon\"><div class=\"vsel-start-icon\"><span class=\"vsel-month vsel-month-top\">Mar<\/span><span class=\"vsel-day\">23<\/span><span class=\"vsel-year\">2023<\/span><\/div><div class=\"vsel-end-icon\"><span class=\"vsel-month vsel-month-top\">Mar<\/span><span class=\"vsel-day\">25<\/span><span class=\"vsel-year\">2023<\/span><\/div><\/div><h3 class=\"vsel-meta-title\"><a href=\"https:\/\/europhras.org\/es\/event\/interkulturelles-und-interdisziplinaeres-in-der-phraseologie-und-paroemiologie\/\" rel=\"bookmark\" title=\"Interkulturelles und Interdisziplin\u00e4res in der Phraseologie und Par\u00f6miologie\">Interkulturelles und Interdisziplin\u00e4res in der Phraseologie und Par\u00f6miologie<\/a><\/h3><div class=\"vsel-meta-time vsel-meta-all-day\">All-day event<\/div><div class=\"vsel-meta-location\">Localizaci\u00f3n: <span>Wroclaw<\/span><\/div><\/div><\/div><div class=\"vsel-info vsel-alignright\" style=\"width:60%;\"><div class=\"vsel-text\"><p>Sehr geehrte Damen und Herren, mit gro\u00dfer Freude teilen wir Ihnen mit, dass unsere f\u00fcr M\u00e4rz 2023 an der Universit\u00e4t Wroclaw in Polen geplante 4. Tagung zur Phraseologie und Par\u00f6miologie&#8230;<\/p>\n<a class=\"vsel-read-more\" href=\"https:\/\/europhras.org\/es\/event\/interkulturelles-und-interdisziplinaeres-in-der-phraseologie-und-paroemiologie\/\" rel=\"bookmark\">Read more<\/a><\/div><\/div><\/div><div id=\"event-929\" class=\"vsel-content vsel-past\"><div class=\"vsel-meta vsel-alignleft\" style=\"width:36%;\"><div class=\"vsel-meta-combine\"><div class=\"vsel-meta-date-icon vsel-meta-combined-date-icon\"><div class=\"vsel-start-icon\"><span class=\"vsel-month vsel-month-top\">Sep<\/span><span class=\"vsel-day\">28<\/span><span class=\"vsel-year\">2022<\/span><\/div><div class=\"vsel-end-icon\"><span class=\"vsel-month vsel-month-top\">Sep<\/span><span class=\"vsel-day\">30<\/span><span class=\"vsel-year\">2022<\/span><\/div><\/div><h3 class=\"vsel-meta-title\"><a href=\"https:\/\/europhras.org\/es\/event\/europhras-2022-international-conference-computational-and-corpus-based-phraseology\/\" rel=\"bookmark\" title=\"EUROPHRAS 2022: International Conference \u2018Computational and Corpus-based Phraseology\u2019\">EUROPHRAS 2022: International Conference \u2018Computational and Corpus-based Phraseology\u2019<\/a><\/h3><div class=\"vsel-meta-time vsel-meta-all-day\">All-day event<\/div><div class=\"vsel-meta-location\">Localizaci\u00f3n: <span>M\u00e1laga<\/span><\/div><\/div><\/div><div class=\"vsel-info vsel-alignright\" style=\"width:60%;\"><div class=\"vsel-text\"><p>Conference topics The conference will focus on interdisciplinary approaches to phraseology and invites submissions on a wide range of topics, covering, but not limited to: computational, corpus-based, psycholinguistic and cognitive&#8230;<\/p>\n<a class=\"vsel-read-more\" href=\"https:\/\/europhras.org\/es\/event\/europhras-2022-international-conference-computational-and-corpus-based-phraseology\/\" rel=\"bookmark\">Read more<\/a><\/div><\/div><\/div><div id=\"event-928\" class=\"vsel-content vsel-past\"><div class=\"vsel-meta vsel-alignleft\" style=\"width:36%;\"><div class=\"vsel-meta-combine\"><div class=\"vsel-meta-date-icon vsel-meta-combined-date-icon\"><div class=\"vsel-start-icon\"><span class=\"vsel-month vsel-month-top\">Sep<\/span><span class=\"vsel-day\">6<\/span><span class=\"vsel-year\">2021<\/span><\/div><div class=\"vsel-end-icon\"><span class=\"vsel-month vsel-month-top\">Sep<\/span><span class=\"vsel-day\">9<\/span><span class=\"vsel-year\">2021<\/span><\/div><\/div><h3 class=\"vsel-meta-title\"><a href=\"https:\/\/europhras.org\/es\/event\/europhras-2021\/\" rel=\"bookmark\" title=\"EUROPHRAS 2021\">EUROPHRAS 2021<\/a><\/h3><div class=\"vsel-meta-time vsel-meta-all-day\">All-day event<\/div><div class=\"vsel-meta-location\">Localizaci\u00f3n: <span>online<\/span><\/div><\/div><\/div><div class=\"vsel-info vsel-alignright\" style=\"width:60%;\"><div class=\"vsel-text\"><a class=\"vsel-read-more\" href=\"https:\/\/europhras.org\/es\/event\/europhras-2021\/\" rel=\"bookmark\">Read more<\/a><\/div><\/div><\/div><div id=\"event-935\" class=\"vsel-content vsel-past\"><div class=\"vsel-meta vsel-alignleft\" style=\"width:36%;\"><div class=\"vsel-meta-combine\"><div class=\"vsel-meta-date-icon vsel-meta-combined-date-icon\"><div class=\"vsel-start-icon\"><span class=\"vsel-month vsel-month-top\">Sep<\/span><span class=\"vsel-day\">25<\/span><span class=\"vsel-year\">2019<\/span><\/div><div class=\"vsel-end-icon\"><span class=\"vsel-month vsel-month-top\">Sep<\/span><span class=\"vsel-day\">27<\/span><span class=\"vsel-year\">2019<\/span><\/div><\/div><h3 class=\"vsel-meta-title\"><a href=\"https:\/\/europhras.org\/es\/event\/europhras-malaga-2019\/\" rel=\"bookmark\" title=\"EUROPHRAS M\u00e1laga 2019\">EUROPHRAS M\u00e1laga 2019<\/a><\/h3><div class=\"vsel-meta-time vsel-meta-all-day\">All-day event<\/div><div class=\"vsel-meta-location\">Localizaci\u00f3n: <span>M\u00e1laga<\/span><\/div><\/div><\/div><div class=\"vsel-info vsel-alignright\" style=\"width:60%;\"><div class=\"vsel-text\"><a class=\"vsel-read-more\" href=\"https:\/\/europhras.org\/es\/event\/europhras-malaga-2019\/\" rel=\"bookmark\">Read more<\/a><\/div><\/div><\/div><div class=\"vsel-nav\"><a href=\"https:\/\/europhras.org\/es\/wp-json\/wp\/v2\/pages\/1334\/page\/2\/\" class=\"vsel-next\">Siguiente &raquo;<\/a><\/div><\/div>[\/vc_column_text][\/vc_column][\/vc_row][vc_row type=\u00bbin_container\u00bb full_screen_row_position=\u00bbmiddle\u00bb column_margin=\u00bbdefault\u00bb column_direction=\u00bbdefault\u00bb column_direction_tablet=\u00bbdefault\u00bb column_direction_phone=\u00bbdefault\u00bb scene_position=\u00bbcenter\u00bb bottom_padding=\u00bb10%\u00bb text_color=\u00bbdark\u00bb text_align=\u00bbleft\u00bb row_border_radius=\u00bbnone\u00bb row_border_radius_applies=\u00bbbg\u00bb overflow=\u00bbvisible\u00bb overlay_strength=\u00bb0.3&#8243; gradient_direction=\u00bbleft_to_right\u00bb shape_divider_position=\u00bbbottom\u00bb bg_image_animation=\u00bbnone\u00bb gradient_type=\u00bbdefault\u00bb shape_type=\u00bb\u00bb][vc_column column_padding=\u00bbno-extra-padding\u00bb column_padding_tablet=\u00bbinherit\u00bb column_padding_phone=\u00bbinherit\u00bb column_padding_position=\u00bball\u00bb column_element_direction_desktop=\u00bbdefault\u00bb column_element_spacing=\u00bbdefault\u00bb desktop_text_alignment=\u00bbdefault\u00bb tablet_text_alignment=\u00bbdefault\u00bb phone_text_alignment=\u00bbdefault\u00bb background_color_opacity=\u00bb1&#8243; background_hover_color_opacity=\u00bb1&#8243; column_backdrop_filter=\u00bbnone\u00bb column_shadow=\u00bbnone\u00bb column_border_radius=\u00bbnone\u00bb column_link_target=\u00bb_self\u00bb column_position=\u00bbdefault\u00bb gradient_direction=\u00bbleft_to_right\u00bb overlay_strength=\u00bb0.3&#8243; width=\u00bb1\/1&#8243; tablet_width_inherit=\u00bbdefault\u00bb animation_type=\u00bbdefault\u00bb bg_image_animation=\u00bbnone\u00bb border_type=\u00bbsimple\u00bb column_border_width=\u00bbnone\u00bb column_border_style=\u00bbsolid\u00bb][\/vc_column][\/vc_row]\n","protected":false},"excerpt":{"rendered":"<p>[vc_row type=\u00bbin_container\u00bb full_screen_row_position=\u00bbmiddle\u00bb column_margin=\u00bbdefault\u00bb column_direction=\u00bbdefault\u00bb column_direction_tablet=\u00bbdefault\u00bb column_direction_phone=\u00bbdefault\u00bb scene_position=\u00bbcenter\u00bb text_color=\u00bbdark\u00bb text_align=\u00bbleft\u00bb row_border_radius=\u00bbnone\u00bb row_border_radius_applies=\u00bbbg\u00bb overflow=\u00bbvisible\u00bb overlay_strength=\u00bb0.3&#8243; gradient_direction=\u00bbleft_to_right\u00bb shape_divider_position=\u00bbbottom\u00bb bg_image_animation=\u00bbnone\u00bb][vc_column column_padding=\u00bbno-extra-padding\u00bb column_padding_tablet=\u00bbinherit\u00bb column_padding_phone=\u00bbinherit\u00bb column_padding_position=\u00bball\u00bb column_element_direction_desktop=\u00bbdefault\u00bb column_element_spacing=\u00bbdefault\u00bb desktop_text_alignment=\u00bbdefault\u00bb tablet_text_alignment=\u00bbdefault\u00bb phone_text_alignment=\u00bbdefault\u00bb background_color_opacity=\u00bb1&#8243; background_hover_color_opacity=\u00bb1&#8243; column_backdrop_filter=\u00bbnone\u00bb column_shadow=\u00bbnone\u00bb&#8230;<\/p>\n","protected":false},"author":1,"featured_media":0,"parent":1306,"menu_order":0,"comment_status":"closed","ping_status":"closed","template":"","meta":{"_acf_changed":false,"inline_featured_image":false,"footnotes":""},"class_list":["post-1334","page","type-page","status-publish"],"acf":[],"yoast_head":"<!-- This site is optimized with the Yoast SEO plugin v26.6 - https:\/\/yoast.com\/wordpress\/plugins\/seo\/ -->\n<title>Pasado - Europhras<\/title>\n<meta name=\"robots\" content=\"index, follow, max-snippet:-1, max-image-preview:large, max-video-preview:-1\" \/>\n<link rel=\"canonical\" href=\"https:\/\/europhras.org\/es\/congresos\/pasado\/\" \/>\n<meta property=\"og:locale\" content=\"es_ES\" \/>\n<meta property=\"og:type\" content=\"article\" \/>\n<meta property=\"og:title\" content=\"Pasado - Europhras\" \/>\n<meta property=\"og:description\" content=\"[vc_row type=\u00bbin_container\u00bb full_screen_row_position=\u00bbmiddle\u00bb column_margin=\u00bbdefault\u00bb column_direction=\u00bbdefault\u00bb column_direction_tablet=\u00bbdefault\u00bb column_direction_phone=\u00bbdefault\u00bb scene_position=\u00bbcenter\u00bb text_color=\u00bbdark\u00bb text_align=\u00bbleft\u00bb row_border_radius=\u00bbnone\u00bb row_border_radius_applies=\u00bbbg\u00bb overflow=\u00bbvisible\u00bb overlay_strength=\u00bb0.3&#8243; gradient_direction=\u00bbleft_to_right\u00bb shape_divider_position=\u00bbbottom\u00bb bg_image_animation=\u00bbnone\u00bb][vc_column column_padding=\u00bbno-extra-padding\u00bb column_padding_tablet=\u00bbinherit\u00bb column_padding_phone=\u00bbinherit\u00bb column_padding_position=\u00bball\u00bb column_element_direction_desktop=\u00bbdefault\u00bb column_element_spacing=\u00bbdefault\u00bb desktop_text_alignment=\u00bbdefault\u00bb tablet_text_alignment=\u00bbdefault\u00bb phone_text_alignment=\u00bbdefault\u00bb background_color_opacity=\u00bb1&#8243; background_hover_color_opacity=\u00bb1&#8243; column_backdrop_filter=\u00bbnone\u00bb column_shadow=\u00bbnone\u00bb...\" \/>\n<meta property=\"og:url\" content=\"https:\/\/europhras.org\/es\/congresos\/pasado\/\" \/>\n<meta property=\"og:site_name\" content=\"Europhras\" \/>\n<meta property=\"article:modified_time\" content=\"2025-05-18T14:23:36+00:00\" \/>\n<meta name=\"twitter:card\" content=\"summary_large_image\" \/>\n<meta name=\"twitter:label1\" content=\"Tiempo de lectura\" \/>\n\t<meta name=\"twitter:data1\" content=\"3 minutos\" \/>\n<script type=\"application\/ld+json\" class=\"yoast-schema-graph\">{\"@context\":\"https:\/\/schema.org\",\"@graph\":[{\"@type\":\"WebPage\",\"@id\":\"https:\/\/europhras.org\/es\/congresos\/pasado\/\",\"url\":\"https:\/\/europhras.org\/es\/congresos\/pasado\/\",\"name\":\"Pasado - Europhras\",\"isPartOf\":{\"@id\":\"https:\/\/europhras.org\/es\/#website\"},\"datePublished\":\"2024-10-09T08:45:50+00:00\",\"dateModified\":\"2025-05-18T14:23:36+00:00\",\"breadcrumb\":{\"@id\":\"https:\/\/europhras.org\/es\/congresos\/pasado\/#breadcrumb\"},\"inLanguage\":\"es\",\"potentialAction\":[{\"@type\":\"ReadAction\",\"target\":[\"https:\/\/europhras.org\/es\/congresos\/pasado\/\"]}]},{\"@type\":\"BreadcrumbList\",\"@id\":\"https:\/\/europhras.org\/es\/congresos\/pasado\/#breadcrumb\",\"itemListElement\":[{\"@type\":\"ListItem\",\"position\":1,\"name\":\"Inicio\",\"item\":\"https:\/\/europhras.org\/es\/pagina-de-inicio\/\"},{\"@type\":\"ListItem\",\"position\":2,\"name\":\"Congresos\",\"item\":\"https:\/\/europhras.org\/es\/congresos\/\"},{\"@type\":\"ListItem\",\"position\":3,\"name\":\"Pasado\"}]},{\"@type\":\"WebSite\",\"@id\":\"https:\/\/europhras.org\/es\/#website\",\"url\":\"https:\/\/europhras.org\/es\/\",\"name\":\"Europhras\",\"description\":\"\",\"publisher\":{\"@id\":\"https:\/\/europhras.org\/es\/#organization\"},\"potentialAction\":[{\"@type\":\"SearchAction\",\"target\":{\"@type\":\"EntryPoint\",\"urlTemplate\":\"https:\/\/europhras.org\/es\/?s={search_term_string}\"},\"query-input\":{\"@type\":\"PropertyValueSpecification\",\"valueRequired\":true,\"valueName\":\"search_term_string\"}}],\"inLanguage\":\"es\"},{\"@type\":\"Organization\",\"@id\":\"https:\/\/europhras.org\/es\/#organization\",\"name\":\"Europhras\",\"url\":\"https:\/\/europhras.org\/es\/\",\"logo\":{\"@type\":\"ImageObject\",\"inLanguage\":\"es\",\"@id\":\"https:\/\/europhras.org\/es\/#\/schema\/logo\/image\/\",\"url\":\"https:\/\/europhras.org\/wp-content\/uploads\/2024\/10\/ep-logo_2x.png\",\"contentUrl\":\"https:\/\/europhras.org\/wp-content\/uploads\/2024\/10\/ep-logo_2x.png\",\"width\":1231,\"height\":220,\"caption\":\"Europhras\"},\"image\":{\"@id\":\"https:\/\/europhras.org\/es\/#\/schema\/logo\/image\/\"}}]}<\/script>\n<!-- \/ Yoast SEO plugin. -->","yoast_head_json":{"title":"Pasado - Europhras","robots":{"index":"index","follow":"follow","max-snippet":"max-snippet:-1","max-image-preview":"max-image-preview:large","max-video-preview":"max-video-preview:-1"},"canonical":"https:\/\/europhras.org\/es\/congresos\/pasado\/","og_locale":"es_ES","og_type":"article","og_title":"Pasado - Europhras","og_description":"[vc_row type=\u00bbin_container\u00bb full_screen_row_position=\u00bbmiddle\u00bb column_margin=\u00bbdefault\u00bb column_direction=\u00bbdefault\u00bb column_direction_tablet=\u00bbdefault\u00bb column_direction_phone=\u00bbdefault\u00bb scene_position=\u00bbcenter\u00bb text_color=\u00bbdark\u00bb text_align=\u00bbleft\u00bb row_border_radius=\u00bbnone\u00bb row_border_radius_applies=\u00bbbg\u00bb overflow=\u00bbvisible\u00bb overlay_strength=\u00bb0.3&#8243; gradient_direction=\u00bbleft_to_right\u00bb shape_divider_position=\u00bbbottom\u00bb bg_image_animation=\u00bbnone\u00bb][vc_column column_padding=\u00bbno-extra-padding\u00bb column_padding_tablet=\u00bbinherit\u00bb column_padding_phone=\u00bbinherit\u00bb column_padding_position=\u00bball\u00bb column_element_direction_desktop=\u00bbdefault\u00bb column_element_spacing=\u00bbdefault\u00bb desktop_text_alignment=\u00bbdefault\u00bb tablet_text_alignment=\u00bbdefault\u00bb phone_text_alignment=\u00bbdefault\u00bb background_color_opacity=\u00bb1&#8243; background_hover_color_opacity=\u00bb1&#8243; column_backdrop_filter=\u00bbnone\u00bb column_shadow=\u00bbnone\u00bb...","og_url":"https:\/\/europhras.org\/es\/congresos\/pasado\/","og_site_name":"Europhras","article_modified_time":"2025-05-18T14:23:36+00:00","twitter_card":"summary_large_image","twitter_misc":{"Tiempo de lectura":"3 minutos"},"schema":{"@context":"https:\/\/schema.org","@graph":[{"@type":"WebPage","@id":"https:\/\/europhras.org\/es\/congresos\/pasado\/","url":"https:\/\/europhras.org\/es\/congresos\/pasado\/","name":"Pasado - Europhras","isPartOf":{"@id":"https:\/\/europhras.org\/es\/#website"},"datePublished":"2024-10-09T08:45:50+00:00","dateModified":"2025-05-18T14:23:36+00:00","breadcrumb":{"@id":"https:\/\/europhras.org\/es\/congresos\/pasado\/#breadcrumb"},"inLanguage":"es","potentialAction":[{"@type":"ReadAction","target":["https:\/\/europhras.org\/es\/congresos\/pasado\/"]}]},{"@type":"BreadcrumbList","@id":"https:\/\/europhras.org\/es\/congresos\/pasado\/#breadcrumb","itemListElement":[{"@type":"ListItem","position":1,"name":"Inicio","item":"https:\/\/europhras.org\/es\/pagina-de-inicio\/"},{"@type":"ListItem","position":2,"name":"Congresos","item":"https:\/\/europhras.org\/es\/congresos\/"},{"@type":"ListItem","position":3,"name":"Pasado"}]},{"@type":"WebSite","@id":"https:\/\/europhras.org\/es\/#website","url":"https:\/\/europhras.org\/es\/","name":"Europhras","description":"","publisher":{"@id":"https:\/\/europhras.org\/es\/#organization"},"potentialAction":[{"@type":"SearchAction","target":{"@type":"EntryPoint","urlTemplate":"https:\/\/europhras.org\/es\/?s={search_term_string}"},"query-input":{"@type":"PropertyValueSpecification","valueRequired":true,"valueName":"search_term_string"}}],"inLanguage":"es"},{"@type":"Organization","@id":"https:\/\/europhras.org\/es\/#organization","name":"Europhras","url":"https:\/\/europhras.org\/es\/","logo":{"@type":"ImageObject","inLanguage":"es","@id":"https:\/\/europhras.org\/es\/#\/schema\/logo\/image\/","url":"https:\/\/europhras.org\/wp-content\/uploads\/2024\/10\/ep-logo_2x.png","contentUrl":"https:\/\/europhras.org\/wp-content\/uploads\/2024\/10\/ep-logo_2x.png","width":1231,"height":220,"caption":"Europhras"},"image":{"@id":"https:\/\/europhras.org\/es\/#\/schema\/logo\/image\/"}}]}},"_links":{"self":[{"href":"https:\/\/europhras.org\/es\/wp-json\/wp\/v2\/pages\/1334","targetHints":{"allow":["GET"]}}],"collection":[{"href":"https:\/\/europhras.org\/es\/wp-json\/wp\/v2\/pages"}],"about":[{"href":"https:\/\/europhras.org\/es\/wp-json\/wp\/v2\/types\/page"}],"author":[{"embeddable":true,"href":"https:\/\/europhras.org\/es\/wp-json\/wp\/v2\/users\/1"}],"replies":[{"embeddable":true,"href":"https:\/\/europhras.org\/es\/wp-json\/wp\/v2\/comments?post=1334"}],"version-history":[{"count":0,"href":"https:\/\/europhras.org\/es\/wp-json\/wp\/v2\/pages\/1334\/revisions"}],"up":[{"embeddable":true,"href":"https:\/\/europhras.org\/es\/wp-json\/wp\/v2\/pages\/1306"}],"wp:attachment":[{"href":"https:\/\/europhras.org\/es\/wp-json\/wp\/v2\/media?parent=1334"}],"curies":[{"name":"wp","href":"https:\/\/api.w.org\/{rel}","templated":true}]}}