{"id":16,"date":"2024-10-09T10:44:32","date_gmt":"2024-10-09T10:44:32","guid":{"rendered":"https:\/\/europhras.cuco.dev\/?page_id=16"},"modified":"2025-05-14T16:55:35","modified_gmt":"2025-05-14T14:55:35","slug":"statuten","status":"publish","type":"page","link":"https:\/\/europhras.org\/de\/europhras\/statuten\/","title":{"rendered":"Statuten"},"content":{"rendered":"[vc_row type=&#8220;in_container&#8220; full_screen_row_position=&#8220;middle&#8220; column_margin=&#8220;default&#8220; column_direction=&#8220;default&#8220; column_direction_tablet=&#8220;default&#8220; column_direction_phone=&#8220;default&#8220; scene_position=&#8220;center&#8220; text_color=&#8220;dark&#8220; text_align=&#8220;left&#8220; row_border_radius=&#8220;none&#8220; row_border_radius_applies=&#8220;bg&#8220; overflow=&#8220;visible&#8220; overlay_strength=&#8220;0.3&#8243; gradient_direction=&#8220;left_to_right&#8220; shape_divider_position=&#8220;bottom&#8220; bg_image_animation=&#8220;none&#8220;][vc_column column_padding=&#8220;no-extra-padding&#8220; column_padding_tablet=&#8220;inherit&#8220; column_padding_phone=&#8220;inherit&#8220; column_padding_position=&#8220;all&#8220; column_element_direction_desktop=&#8220;default&#8220; column_element_spacing=&#8220;default&#8220; desktop_text_alignment=&#8220;default&#8220; tablet_text_alignment=&#8220;default&#8220; phone_text_alignment=&#8220;default&#8220; background_color_opacity=&#8220;1&#8243; background_hover_color_opacity=&#8220;1&#8243; column_backdrop_filter=&#8220;none&#8220; column_shadow=&#8220;none&#8220; column_border_radius=&#8220;none&#8220; column_link_target=&#8220;_self&#8220; column_position=&#8220;default&#8220; gradient_direction=&#8220;left_to_right&#8220; overlay_strength=&#8220;0.3&#8243; width=&#8220;1\/1&#8243; tablet_width_inherit=&#8220;default&#8220; animation_type=&#8220;default&#8220; bg_image_animation=&#8220;none&#8220; border_type=&#8220;simple&#8220; column_border_width=&#8220;none&#8220; column_border_style=&#8220;solid&#8220;][split_line_heading animation_type=&#8220;line-reveal-by-space&#8220; font_style=&#8220;h1&#8243; text_color=&#8220;#062c80&#8243; line_reveal_by_space_text_effect=&#8220;default&#8220; content_alignment=&#8220;default&#8220; mobile_content_alignment=&#8220;inherit&#8220; link_target=&#8220;_self&#8220; text_content=&#8220;Statuten&#8220; text_direction=&#8220;default&#8220;][\/split_line_heading][\/vc_column][\/vc_row][vc_row type=&#8220;in_container&#8220; full_screen_row_position=&#8220;middle&#8220; column_margin=&#8220;default&#8220; column_direction=&#8220;default&#8220; column_direction_tablet=&#8220;default&#8220; column_direction_phone=&#8220;default&#8220; scene_position=&#8220;center&#8220; text_color=&#8220;dark&#8220; text_align=&#8220;left&#8220; row_border_radius=&#8220;none&#8220; row_border_radius_applies=&#8220;bg&#8220; overflow=&#8220;visible&#8220; overlay_strength=&#8220;0.3&#8243; gradient_direction=&#8220;left_to_right&#8220; shape_divider_position=&#8220;bottom&#8220; bg_image_animation=&#8220;none&#8220;][vc_column column_padding=&#8220;no-extra-padding&#8220; column_padding_tablet=&#8220;inherit&#8220; column_padding_phone=&#8220;inherit&#8220; column_padding_position=&#8220;all&#8220; column_element_direction_desktop=&#8220;default&#8220; column_element_spacing=&#8220;default&#8220; desktop_text_alignment=&#8220;default&#8220; tablet_text_alignment=&#8220;default&#8220; phone_text_alignment=&#8220;default&#8220; background_color_opacity=&#8220;1&#8243; background_hover_color_opacity=&#8220;1&#8243; column_backdrop_filter=&#8220;none&#8220; column_shadow=&#8220;none&#8220; column_border_radius=&#8220;none&#8220; column_link_target=&#8220;_self&#8220; column_position=&#8220;default&#8220; gradient_direction=&#8220;left_to_right&#8220; overlay_strength=&#8220;0.3&#8243; width=&#8220;1\/1&#8243; tablet_width_inherit=&#8220;default&#8220; animation_type=&#8220;default&#8220; bg_image_animation=&#8220;none&#8220; border_type=&#8220;simple&#8220; column_border_width=&#8220;none&#8220; column_border_style=&#8220;solid&#8220;][vc_column_text css=&#8220;&#8220; text_direction=&#8220;default&#8220;]\n<h3 class=\"bold\">Art. 1: Name<\/h3>\n<p class=\"text\">Unter dem Namen &#8222;Europ\u00e4ische Gesellschaft f\u00fcr Phraseologie\/European Society of Phraseology\/Soci\u00e9t\u00e9 Europ\u00e9enne de Phras\u00e9ologie&#8220; besteht ein gemeinn\u00fctziger Verein im Sinne von Art. 60 ff. ZGB.<\/p>\n<h3 class=\"bold\">Art. 2: Sitz<\/h3>\n<p class=\"text\">Z\u00fcrich, Schweizerisches Recht<\/p>\n<h3 class=\"bold\">Art. 3: Zweck<\/h3>\n<p class=\"text\">Die Gesellschaft bezweckt:<\/p>\n<ul>\n<li>die Ausrichtung von Tagungen zur Phraseologie im Abstand von maximal drei Jahren.<\/li>\n<li>den Informationsaustausch \u00fcber die wissenschaftlichen Aktivit\u00e4ten der europ\u00e4ischen Forschung durch ein j\u00e4hrliches Bulletin der Gesellschaft. M\u00f6gliche Sprachen des Bulletins sind Deutsch, Englisch, Franz\u00f6sisch. Berichte k\u00f6nnen auch in anderen europ\u00e4ischen Sprachen verfasst werden, wenn ihnen eine kurze Zusammenfassung in Deutsch, Englisch oder Franz\u00f6sisch hinzugef\u00fcgt wird.<\/li>\n<li>den Informationsaustausch \u00fcber die Veranstaltung von Tagungen zur Phraseologie.<\/li>\n<li>die F\u00f6rderung des wissenschaftlichen Nachwuchses und wissenschaftlicher Projekte im Bereich der Phraseologie.<\/li>\n<li>die F\u00f6rderung der internationalen Zusammenarbeit mit der Phraseologieforschung innerhalb und au\u00dferhalb Europas.<\/li>\n<li>den Kontakt zu anderen wissenschaftlichen Gesellschaften.<\/li>\n<\/ul>\n<p>Der Verein verfolgt weder Erwerbs- noch Selbsthilfezwecke.<\/p>\n<h3 class=\"bold\">Art. 4: Mitgliedschaft<\/h3>\n<p class=\"text\">Mitglieder k\u00f6nnen sein:<\/p>\n<ol>\n<li>nat\u00fcrliche Personen<\/li>\n<li>juristische Personen als Kollektivmitglieder mit einer Stimme<\/li>\n<\/ol>\n<h3 class=\"bold\">Art. 5: Aufnahme, Austritt<\/h3>\n<p>Die Mitgliedschaft wird durch Anmeldung beim Vorstand und durch Bezahlung des Mitgliederbeitrags erworben.<\/p>\n<p>Der Austritt erfolgt durch schriftliche Mitteilung an den Vorstand zum Ende des Vereinsjahres.<\/p>\n<p>Die Mitgliedschaft gilt als beendet, wenn ein Mitglied trotz Mahnung mehr als ein Jahr mit der Zahlung im R\u00fcckstand ist.<\/p>\n<h3 class=\"bold\">Art. 6: Organe des Vereins<\/h3>\n<p class=\"text\">Die Organe des Vereins sind die Mitgliederversammlung, der Vorstand, die Pr\u00e4sidentin und deren Stellvertreterin, der Beirat, die Revisorinnen.<\/p>\n<p class=\"text\">Die Mitgliederversammlung kann Aussch\u00fcsse mit besonderen Aufgaben schaffen.<\/p>\n<div class=\"text\"><\/div>\n<h3 class=\"bold\">Art. 7: Mitgliederversammlung<\/h3>\n<p>Die ordentliche Mitgliederversammlung findet alle zwei bis drei Jahre im Zusammenhang mit einer vom Vorstand ausgerichteten Phraseologietagung statt, deren Besuch allen Mitgliedern offensteht.<\/p>\n<p>Die Mitgliederversammlung ist f\u00fcr die folgenden Gesch\u00e4fte zust\u00e4ndig:<\/p>\n<ul>\n<li>Wahl des Vorstandes<\/li>\n<li>Wahl der Pr\u00e4sidentin<\/li>\n<li>Genehmigung der Jahresrechnung, des T\u00e4tigkeitsberichtes und des Berichtes der Rechnungsrevisoren, Entlastung der Organe<\/li>\n<li>Festsetzung der Mitgliederbeitr\u00e4ge<\/li>\n<li>\u00c4nderung der Statuten<\/li>\n<li>Aufl\u00f6sung des Vereins<\/li>\n<li>Ernennung von Ehrenmitgliedern<\/li>\n<li>Wahl der Beir\u00e4te<\/li>\n<li>Bestimmung der Gesch\u00e4fte, die dem Vorstand \u00fcbertragen werden.<\/li>\n<\/ul>\n<p>Eine ordentliche Mitgliederversammlung ist ohne R\u00fccksicht auf die Zahl der erschienenen Mitglieder beschlussf\u00e4hig, falls sie sich nicht mit zwei Drittel Mehrheit der Anwesenden f\u00fcr beschlussunf\u00e4hig erkl\u00e4rt.<\/p>\n<p>Die Mitgliederversammlung beschlie\u00dft mit einfacher Mehrheit der Anwesenden. Zur \u00c4nderung der Statuten und zur Aufl\u00f6sung des Vereins ist eine Zweidrittelmehrheit der Anwesenden erforderlich.<\/p>\n<p>\u00dcber die Mitgliederversammlung wird ein Beschlussprotokoll gef\u00fchrt und allen Mitgliedern zugestellt.<\/p>\n<h3 class=\"bold\">Art. 8: Vorstand<\/h3>\n<p class=\"text\">Der Vorstand besteht aus der Pr\u00e4sidentin und deren Stellvertreterin sowie drei bis f\u00fcnf Mitgliedern. Der Vorstand gibt sich eine Gesch\u00e4ftsordnung und bestimmt die Stellvertreterin der Pr\u00e4sidentin sowie die Kassiererin.<\/p>\n<p class=\"text\">Die Vorstandsmitglieder, mit Ausnahme der Pr\u00e4sidentin (s. Art. 9), werden auf die Dauer von zwei Jahren bzw. bis zum Termin der n\u00e4chsten Mitgliederversammlung gew\u00e4hlt und k\u00f6nnen h\u00f6chstens zweimal in Serie wiedergew\u00e4hlt werden.<\/p>\n<p class=\"text\">Der Vorstand tritt mindestens einmal j\u00e4hrlich zusammen.<\/p>\n<p class=\"text\">Vorstandsbeschl\u00fcsse werden mit einfacher Mehrheit der Anwesenden gef\u00e4llt, bei Stimmengleichheit hat die Pr\u00e4sidentin den Stichentscheid.<\/p>\n<p class=\"text\">Der Vorstand hat folgende Aufgaben:<\/p>\n<ul>\n<li>F\u00fchrung und Vertretung der Gesellschaft gegen au\u00dfen und Wahrung ihrer Interessen<\/li>\n<li>Festlegung der T\u00e4tigkeit der Gesellschaft gem\u00e4\u00df Zweckbestimmung, insbesondere Ausrichtung einer Phraseologietagung (gem\u00e4\u00df Art. 3); der Vorstand kann die Organisation der Tagung einem Mitglied \u00fcbertragen, das f\u00fcr den Zweck und die Dauer der Organisation dem Vorstand kooptiert wird.<\/li>\n<li>Herausgabe des Bulletins; der Vorstand kann diese Aufgabe an ein Mitglied der Gesellschaft delegieren<\/li>\n<li>Verwaltung der Finanzen der Gesellschaft<\/li>\n<li>Aufstellen von Budget und Jahresrechnung<\/li>\n<li>Durchf\u00fchrung der von der Mitgliederversammlung erteilten Auftr\u00e4ge<\/li>\n<li>Vorschl\u00e4ge f\u00fcr Mitglieder des Beirates<\/li>\n<li>Aufnahme von Mitgliedern<\/li>\n<li>Vertretung in hochschul-, wissenschafts- und forschungspolitischen Gremien<\/li>\n<li>Bildung von Arbeitsgruppen<\/li>\n<\/ul>\n<p>Die Mitglieder des Vorstandes sind ehrenamtlich t\u00e4tig und haben grunds\u00e4tzlich nur Anspruch auf Entsch\u00e4digung ihrer effektiven Spesen und Barauslagen. F\u00fcr besondere Leistungen einzelner Vorstandsmitglieder kann eine angemessene Entsch\u00e4digung ausgerichtet werden.<\/p>\n<h3>Art. 9: Pr\u00e4sidentin und deren Stellvertreterin<\/h3>\n<p>Die Pr\u00e4sidentin wird f\u00fcr zwei Jahre bzw. bis zum Termin der n\u00e4chsten Mitgliederversammlung gew\u00e4hlt und kann h\u00f6chstens zweimal in Serie wiedergew\u00e4hlt werden. Vorhergehende Mitgliedschaft im Vorstand ist die Regel, aber nicht notwendig. Eine Mitgliedschaft im Vorstand wird an die Amtszeit nicht angerechnet. Eine Stellvertreterin wird durch den Vorstand aus dem Kreise der Vorstandsmitglieder bestimmt. Deren Amtszeit ist nicht an diejenige der Pr\u00e4sidentin gebunden.<\/p>\n<h3 class=\"bold\">Art. 10: Beirat<\/h3>\n<p class=\"text\">Der Beirat dient dem Vorstand als Konsultativorgan und unterst\u00fctzt die Arbeit des Vorstandes. Im Beirat sollten daher Sprachgruppen, Forschungseinrichtungen usw. vertreten sein, die nicht bereits im Vorstand vertreten sind.<\/p>\n<p class=\"text\">Der Beirat tritt anl\u00e4sslich der Mitgliederversammlung zusammen und ber\u00e4t sich mit dem Vorstand.<\/p>\n<p class=\"text\">Beir\u00e4te werden auf die Dauer von zwei Jahren bzw. bis zum Termin der n\u00e4chsten Mitgliederversammlung gew\u00e4hlt und k\u00f6nnen h\u00f6chstens zweimal in Serie wiedergew\u00e4hlt werden.<\/p>\n<h3 class=\"bold\">Art. 11: Revisorinnen<\/h3>\n<div class=\"text\">Die Gesellschaft hat zwei Revisorinnen; sie m\u00fcssen nicht Mitglieder sein. Sie pr\u00fcfen die Jahresabrechnung der Gesellschaft und erstatten der Mitgliederversammlung Bericht.<\/div>\n<h3 class=\"bold\">Art. 12: Wahl einer Ehrenpr\u00e4sidentin oder von Ehrenmitgliedern<\/h3>\n<p class=\"text\">Die Mitgliederversammlung kann auf begr\u00fcndeten Antrag von 10 Mitgliedern eine Ehrenpr\u00e4sidentin sowie Ehrenmitglieder w\u00e4hlen. Ehrenmitglieder k\u00f6nnen auch Institutionen sein, die die Gesellschaft finanziell unterst\u00fctzen.<\/p>\n<h3 class=\"bold\">Art. 13: Einnahmen<\/h3>\n<p class=\"text\">Die Einnahmen des Vereins bestehen aus den Mitgliederbeitr\u00e4gen und sonstigen Zuwendungen.<\/p>\n<h3 class=\"bold\">Art. 14: Haftung<\/h3>\n<p class=\"text\">F\u00fcr die Verpflichtungen der Gesellschaft haftet ausschlie\u00dflich das Gesellschaftsverm\u00f6gen.<\/p>\n<h3 class=\"bold\">Art. 15: Statuten<\/h3>\n<p class=\"text\">Die Statuten werden durch die Mitgliederversammlung genehmigt. Sie k\u00f6nnen mit einer Mehrheit von zwei Dritteln der Anwesenden abge\u00e4ndert werden.<\/p>\n<h3 class=\"bold\">Art. 16: Aufl\u00f6sung der Gesellschaft<\/h3>\n<div class=\"text\">Die Aufl\u00f6sung der Gesellschaft kann durch die Mitgliederversammlung mit einer Mehrheit von zwei Dritteln aller Mitglieder beschlossen werden.<\/div>\n<p class=\"text\">Die nach Aufl\u00f6sung des Vereins verbleibenden Mittel sind einer steuerbefreiten Institution mit Sitz in der Schweiz, mit gleicher oder \u00e4hnlicher Zwecksetzung zuzuwenden. Eine Verteilung unter die Mitglieder ist ausgeschlossen.<\/p>\n<p class=\"text\">Die vorliegenden Statuten treten durch Beschluss der Mitgliederversammlung der Europ\u00e4ischen Gesellschaft f\u00fcr Phraseologie in Kraft.<\/p>\n<p class=\"text\"><em>Paris, den 10. September 2014<\/em><\/p>\n[\/vc_column_text][\/vc_column][\/vc_row][vc_row type=&#8220;in_container&#8220; full_screen_row_position=&#8220;middle&#8220; column_margin=&#8220;default&#8220; column_direction=&#8220;default&#8220; column_direction_tablet=&#8220;default&#8220; column_direction_phone=&#8220;default&#8220; scene_position=&#8220;center&#8220; bottom_padding=&#8220;10%&#8220; text_color=&#8220;dark&#8220; text_align=&#8220;left&#8220; row_border_radius=&#8220;none&#8220; row_border_radius_applies=&#8220;bg&#8220; overflow=&#8220;visible&#8220; overlay_strength=&#8220;0.3&#8243; gradient_direction=&#8220;left_to_right&#8220; shape_divider_position=&#8220;bottom&#8220; bg_image_animation=&#8220;none&#8220; gradient_type=&#8220;default&#8220; shape_type=&#8220;&#8220;][vc_column column_padding=&#8220;no-extra-padding&#8220; column_padding_tablet=&#8220;inherit&#8220; column_padding_phone=&#8220;inherit&#8220; column_padding_position=&#8220;all&#8220; column_element_direction_desktop=&#8220;default&#8220; column_element_spacing=&#8220;default&#8220; desktop_text_alignment=&#8220;default&#8220; tablet_text_alignment=&#8220;default&#8220; phone_text_alignment=&#8220;default&#8220; background_color_opacity=&#8220;1&#8243; background_hover_color_opacity=&#8220;1&#8243; column_backdrop_filter=&#8220;none&#8220; column_shadow=&#8220;none&#8220; column_border_radius=&#8220;none&#8220; column_link_target=&#8220;_self&#8220; column_position=&#8220;default&#8220; gradient_direction=&#8220;left_to_right&#8220; overlay_strength=&#8220;0.3&#8243; width=&#8220;1\/1&#8243; tablet_width_inherit=&#8220;default&#8220; animation_type=&#8220;default&#8220; bg_image_animation=&#8220;none&#8220; border_type=&#8220;simple&#8220; column_border_width=&#8220;none&#8220; column_border_style=&#8220;solid&#8220;][\/vc_column][\/vc_row]\n","protected":false},"excerpt":{"rendered":"<p>[vc_row type=&#8220;in_container&#8220; full_screen_row_position=&#8220;middle&#8220; column_margin=&#8220;default&#8220; column_direction=&#8220;default&#8220; column_direction_tablet=&#8220;default&#8220; column_direction_phone=&#8220;default&#8220; scene_position=&#8220;center&#8220; text_color=&#8220;dark&#8220; text_align=&#8220;left&#8220; row_border_radius=&#8220;none&#8220; row_border_radius_applies=&#8220;bg&#8220; overflow=&#8220;visible&#8220; overlay_strength=&#8220;0.3&#8243; gradient_direction=&#8220;left_to_right&#8220; shape_divider_position=&#8220;bottom&#8220; bg_image_animation=&#8220;none&#8220;][vc_column column_padding=&#8220;no-extra-padding&#8220; column_padding_tablet=&#8220;inherit&#8220; column_padding_phone=&#8220;inherit&#8220; column_padding_position=&#8220;all&#8220; column_element_direction_desktop=&#8220;default&#8220; column_element_spacing=&#8220;default&#8220; desktop_text_alignment=&#8220;default&#8220; tablet_text_alignment=&#8220;default&#8220; phone_text_alignment=&#8220;default&#8220; background_color_opacity=&#8220;1&#8243; background_hover_color_opacity=&#8220;1&#8243; column_backdrop_filter=&#8220;none&#8220; column_shadow=&#8220;none&#8220;&#8230;<\/p>\n","protected":false},"author":1,"featured_media":0,"parent":12,"menu_order":0,"comment_status":"closed","ping_status":"closed","template":"","meta":{"_acf_changed":false,"inline_featured_image":false,"footnotes":""},"class_list":["post-16","page","type-page","status-publish"],"acf":[],"yoast_head":"<!-- This site is optimized with the Yoast SEO plugin v26.6 - https:\/\/yoast.com\/wordpress\/plugins\/seo\/ -->\n<title>Statuten - Europhras<\/title>\n<meta name=\"robots\" content=\"index, follow, max-snippet:-1, max-image-preview:large, max-video-preview:-1\" \/>\n<link rel=\"canonical\" href=\"https:\/\/europhras.org\/de\/europhras\/statuten\/\" \/>\n<meta property=\"og:locale\" content=\"de_DE\" \/>\n<meta property=\"og:type\" content=\"article\" \/>\n<meta property=\"og:title\" content=\"Statuten - Europhras\" \/>\n<meta property=\"og:description\" content=\"[vc_row type=&#8220;in_container&#8220; full_screen_row_position=&#8220;middle&#8220; column_margin=&#8220;default&#8220; column_direction=&#8220;default&#8220; column_direction_tablet=&#8220;default&#8220; column_direction_phone=&#8220;default&#8220; scene_position=&#8220;center&#8220; text_color=&#8220;dark&#8220; text_align=&#8220;left&#8220; row_border_radius=&#8220;none&#8220; row_border_radius_applies=&#8220;bg&#8220; overflow=&#8220;visible&#8220; overlay_strength=&#8220;0.3&#8243; gradient_direction=&#8220;left_to_right&#8220; shape_divider_position=&#8220;bottom&#8220; bg_image_animation=&#8220;none&#8220;][vc_column column_padding=&#8220;no-extra-padding&#8220; column_padding_tablet=&#8220;inherit&#8220; column_padding_phone=&#8220;inherit&#8220; column_padding_position=&#8220;all&#8220; column_element_direction_desktop=&#8220;default&#8220; column_element_spacing=&#8220;default&#8220; desktop_text_alignment=&#8220;default&#8220; tablet_text_alignment=&#8220;default&#8220; phone_text_alignment=&#8220;default&#8220; background_color_opacity=&#8220;1&#8243; background_hover_color_opacity=&#8220;1&#8243; column_backdrop_filter=&#8220;none&#8220; column_shadow=&#8220;none&#8220;...\" \/>\n<meta property=\"og:url\" content=\"https:\/\/europhras.org\/de\/europhras\/statuten\/\" \/>\n<meta property=\"og:site_name\" content=\"Europhras\" \/>\n<meta property=\"article:modified_time\" content=\"2025-05-14T14:55:35+00:00\" \/>\n<meta name=\"twitter:card\" content=\"summary_large_image\" \/>\n<meta name=\"twitter:label1\" content=\"Gesch\u00e4tzte Lesezeit\" \/>\n\t<meta name=\"twitter:data1\" content=\"6\u00a0Minuten\" \/>\n<script type=\"application\/ld+json\" class=\"yoast-schema-graph\">{\"@context\":\"https:\/\/schema.org\",\"@graph\":[{\"@type\":\"WebPage\",\"@id\":\"https:\/\/europhras.org\/de\/europhras\/statuten\/\",\"url\":\"https:\/\/europhras.org\/de\/europhras\/statuten\/\",\"name\":\"Statuten - Europhras\",\"isPartOf\":{\"@id\":\"https:\/\/europhras.org\/de\/#website\"},\"datePublished\":\"2024-10-09T10:44:32+00:00\",\"dateModified\":\"2025-05-14T14:55:35+00:00\",\"breadcrumb\":{\"@id\":\"https:\/\/europhras.org\/de\/europhras\/statuten\/#breadcrumb\"},\"inLanguage\":\"de\",\"potentialAction\":[{\"@type\":\"ReadAction\",\"target\":[\"https:\/\/europhras.org\/de\/europhras\/statuten\/\"]}]},{\"@type\":\"BreadcrumbList\",\"@id\":\"https:\/\/europhras.org\/de\/europhras\/statuten\/#breadcrumb\",\"itemListElement\":[{\"@type\":\"ListItem\",\"position\":1,\"name\":\"Startseite\",\"item\":\"https:\/\/europhras.org\/de\/\"},{\"@type\":\"ListItem\",\"position\":2,\"name\":\"Europhras\",\"item\":\"https:\/\/europhras.org\/de\/europhras\/\"},{\"@type\":\"ListItem\",\"position\":3,\"name\":\"Statuten\"}]},{\"@type\":\"WebSite\",\"@id\":\"https:\/\/europhras.org\/de\/#website\",\"url\":\"https:\/\/europhras.org\/de\/\",\"name\":\"Europhras\",\"description\":\"\",\"publisher\":{\"@id\":\"https:\/\/europhras.org\/de\/#organization\"},\"potentialAction\":[{\"@type\":\"SearchAction\",\"target\":{\"@type\":\"EntryPoint\",\"urlTemplate\":\"https:\/\/europhras.org\/de\/?s={search_term_string}\"},\"query-input\":{\"@type\":\"PropertyValueSpecification\",\"valueRequired\":true,\"valueName\":\"search_term_string\"}}],\"inLanguage\":\"de\"},{\"@type\":\"Organization\",\"@id\":\"https:\/\/europhras.org\/de\/#organization\",\"name\":\"Europhras\",\"url\":\"https:\/\/europhras.org\/de\/\",\"logo\":{\"@type\":\"ImageObject\",\"inLanguage\":\"de\",\"@id\":\"https:\/\/europhras.org\/de\/#\/schema\/logo\/image\/\",\"url\":\"https:\/\/europhras.org\/wp-content\/uploads\/2024\/10\/ep-logo_2x.png\",\"contentUrl\":\"https:\/\/europhras.org\/wp-content\/uploads\/2024\/10\/ep-logo_2x.png\",\"width\":1231,\"height\":220,\"caption\":\"Europhras\"},\"image\":{\"@id\":\"https:\/\/europhras.org\/de\/#\/schema\/logo\/image\/\"}}]}<\/script>\n<!-- \/ Yoast SEO plugin. -->","yoast_head_json":{"title":"Statuten - Europhras","robots":{"index":"index","follow":"follow","max-snippet":"max-snippet:-1","max-image-preview":"max-image-preview:large","max-video-preview":"max-video-preview:-1"},"canonical":"https:\/\/europhras.org\/de\/europhras\/statuten\/","og_locale":"de_DE","og_type":"article","og_title":"Statuten - Europhras","og_description":"[vc_row type=&#8220;in_container&#8220; full_screen_row_position=&#8220;middle&#8220; column_margin=&#8220;default&#8220; column_direction=&#8220;default&#8220; column_direction_tablet=&#8220;default&#8220; column_direction_phone=&#8220;default&#8220; scene_position=&#8220;center&#8220; text_color=&#8220;dark&#8220; text_align=&#8220;left&#8220; row_border_radius=&#8220;none&#8220; row_border_radius_applies=&#8220;bg&#8220; overflow=&#8220;visible&#8220; overlay_strength=&#8220;0.3&#8243; gradient_direction=&#8220;left_to_right&#8220; shape_divider_position=&#8220;bottom&#8220; bg_image_animation=&#8220;none&#8220;][vc_column column_padding=&#8220;no-extra-padding&#8220; column_padding_tablet=&#8220;inherit&#8220; column_padding_phone=&#8220;inherit&#8220; column_padding_position=&#8220;all&#8220; column_element_direction_desktop=&#8220;default&#8220; column_element_spacing=&#8220;default&#8220; desktop_text_alignment=&#8220;default&#8220; tablet_text_alignment=&#8220;default&#8220; phone_text_alignment=&#8220;default&#8220; background_color_opacity=&#8220;1&#8243; background_hover_color_opacity=&#8220;1&#8243; column_backdrop_filter=&#8220;none&#8220; column_shadow=&#8220;none&#8220;...","og_url":"https:\/\/europhras.org\/de\/europhras\/statuten\/","og_site_name":"Europhras","article_modified_time":"2025-05-14T14:55:35+00:00","twitter_card":"summary_large_image","twitter_misc":{"Gesch\u00e4tzte Lesezeit":"6\u00a0Minuten"},"schema":{"@context":"https:\/\/schema.org","@graph":[{"@type":"WebPage","@id":"https:\/\/europhras.org\/de\/europhras\/statuten\/","url":"https:\/\/europhras.org\/de\/europhras\/statuten\/","name":"Statuten - Europhras","isPartOf":{"@id":"https:\/\/europhras.org\/de\/#website"},"datePublished":"2024-10-09T10:44:32+00:00","dateModified":"2025-05-14T14:55:35+00:00","breadcrumb":{"@id":"https:\/\/europhras.org\/de\/europhras\/statuten\/#breadcrumb"},"inLanguage":"de","potentialAction":[{"@type":"ReadAction","target":["https:\/\/europhras.org\/de\/europhras\/statuten\/"]}]},{"@type":"BreadcrumbList","@id":"https:\/\/europhras.org\/de\/europhras\/statuten\/#breadcrumb","itemListElement":[{"@type":"ListItem","position":1,"name":"Startseite","item":"https:\/\/europhras.org\/de\/"},{"@type":"ListItem","position":2,"name":"Europhras","item":"https:\/\/europhras.org\/de\/europhras\/"},{"@type":"ListItem","position":3,"name":"Statuten"}]},{"@type":"WebSite","@id":"https:\/\/europhras.org\/de\/#website","url":"https:\/\/europhras.org\/de\/","name":"Europhras","description":"","publisher":{"@id":"https:\/\/europhras.org\/de\/#organization"},"potentialAction":[{"@type":"SearchAction","target":{"@type":"EntryPoint","urlTemplate":"https:\/\/europhras.org\/de\/?s={search_term_string}"},"query-input":{"@type":"PropertyValueSpecification","valueRequired":true,"valueName":"search_term_string"}}],"inLanguage":"de"},{"@type":"Organization","@id":"https:\/\/europhras.org\/de\/#organization","name":"Europhras","url":"https:\/\/europhras.org\/de\/","logo":{"@type":"ImageObject","inLanguage":"de","@id":"https:\/\/europhras.org\/de\/#\/schema\/logo\/image\/","url":"https:\/\/europhras.org\/wp-content\/uploads\/2024\/10\/ep-logo_2x.png","contentUrl":"https:\/\/europhras.org\/wp-content\/uploads\/2024\/10\/ep-logo_2x.png","width":1231,"height":220,"caption":"Europhras"},"image":{"@id":"https:\/\/europhras.org\/de\/#\/schema\/logo\/image\/"}}]}},"_links":{"self":[{"href":"https:\/\/europhras.org\/de\/wp-json\/wp\/v2\/pages\/16","targetHints":{"allow":["GET"]}}],"collection":[{"href":"https:\/\/europhras.org\/de\/wp-json\/wp\/v2\/pages"}],"about":[{"href":"https:\/\/europhras.org\/de\/wp-json\/wp\/v2\/types\/page"}],"author":[{"embeddable":true,"href":"https:\/\/europhras.org\/de\/wp-json\/wp\/v2\/users\/1"}],"replies":[{"embeddable":true,"href":"https:\/\/europhras.org\/de\/wp-json\/wp\/v2\/comments?post=16"}],"version-history":[{"count":0,"href":"https:\/\/europhras.org\/de\/wp-json\/wp\/v2\/pages\/16\/revisions"}],"up":[{"embeddable":true,"href":"https:\/\/europhras.org\/de\/wp-json\/wp\/v2\/pages\/12"}],"wp:attachment":[{"href":"https:\/\/europhras.org\/de\/wp-json\/wp\/v2\/media?parent=16"}],"curies":[{"name":"wp","href":"https:\/\/api.w.org\/{rel}","templated":true}]}}