{"id":1566,"date":"2025-06-03T16:25:16","date_gmt":"2025-06-03T14:25:16","guid":{"rendered":"https:\/\/europhras.org\/?page_id=1566"},"modified":"2025-06-05T14:47:19","modified_gmt":"2025-06-05T12:47:19","slug":"reihen-und-zeitschriften","status":"publish","type":"page","link":"https:\/\/europhras.org\/de\/reihen-und-zeitschriften\/","title":{"rendered":"Reihen und Zeitschriften"},"content":{"rendered":"[vc_row type=&#8220;in_container&#8220; full_screen_row_position=&#8220;middle&#8220; column_margin=&#8220;default&#8220; column_direction=&#8220;default&#8220; column_direction_tablet=&#8220;default&#8220; column_direction_phone=&#8220;default&#8220; scene_position=&#8220;center&#8220; text_color=&#8220;dark&#8220; text_align=&#8220;left&#8220; row_border_radius=&#8220;none&#8220; row_border_radius_applies=&#8220;bg&#8220; overflow=&#8220;visible&#8220; overlay_strength=&#8220;0.3&#8243; gradient_direction=&#8220;left_to_right&#8220; shape_divider_position=&#8220;bottom&#8220; bg_image_animation=&#8220;none&#8220;][vc_column column_padding=&#8220;no-extra-padding&#8220; column_padding_tablet=&#8220;inherit&#8220; column_padding_phone=&#8220;inherit&#8220; column_padding_position=&#8220;all&#8220; column_element_direction_desktop=&#8220;default&#8220; column_element_spacing=&#8220;default&#8220; desktop_text_alignment=&#8220;default&#8220; tablet_text_alignment=&#8220;default&#8220; phone_text_alignment=&#8220;default&#8220; background_color_opacity=&#8220;1&#8243; background_hover_color_opacity=&#8220;1&#8243; column_backdrop_filter=&#8220;none&#8220; column_shadow=&#8220;none&#8220; column_border_radius=&#8220;none&#8220; column_link_target=&#8220;_self&#8220; column_position=&#8220;default&#8220; gradient_direction=&#8220;left_to_right&#8220; overlay_strength=&#8220;0.3&#8243; width=&#8220;1\/1&#8243; tablet_width_inherit=&#8220;default&#8220; animation_type=&#8220;default&#8220; bg_image_animation=&#8220;none&#8220; border_type=&#8220;simple&#8220; column_border_width=&#8220;none&#8220; column_border_style=&#8220;solid&#8220;][split_line_heading animation_type=&#8220;line-reveal-by-space&#8220; font_style=&#8220;h1&#8243; text_color=&#8220;#062c80&#8243; line_reveal_by_space_text_effect=&#8220;default&#8220; content_alignment=&#8220;default&#8220; mobile_content_alignment=&#8220;inherit&#8220; link_target=&#8220;_self&#8220; text_content=&#8220;Buchreihen der EUROPHRAS&#8220; text_direction=&#8220;default&#8220;][\/split_line_heading][\/vc_column][\/vc_row][vc_row type=&#8220;in_container&#8220; full_screen_row_position=&#8220;middle&#8220; column_margin=&#8220;default&#8220; column_direction=&#8220;default&#8220; column_direction_tablet=&#8220;default&#8220; column_direction_phone=&#8220;default&#8220; scene_position=&#8220;center&#8220; text_color=&#8220;dark&#8220; text_align=&#8220;left&#8220; row_border_radius=&#8220;none&#8220; row_border_radius_applies=&#8220;bg&#8220; overflow=&#8220;visible&#8220; overlay_strength=&#8220;0.3&#8243; gradient_direction=&#8220;left_to_right&#8220; shape_divider_position=&#8220;bottom&#8220; bg_image_animation=&#8220;none&#8220;][vc_column column_padding=&#8220;no-extra-padding&#8220; column_padding_tablet=&#8220;inherit&#8220; column_padding_phone=&#8220;inherit&#8220; column_padding_position=&#8220;all&#8220; column_element_direction_desktop=&#8220;default&#8220; column_element_spacing=&#8220;default&#8220; desktop_text_alignment=&#8220;default&#8220; tablet_text_alignment=&#8220;default&#8220; phone_text_alignment=&#8220;default&#8220; background_color_opacity=&#8220;1&#8243; background_hover_color_opacity=&#8220;1&#8243; column_backdrop_filter=&#8220;none&#8220; column_shadow=&#8220;none&#8220; column_border_radius=&#8220;none&#8220; column_link_target=&#8220;_self&#8220; column_position=&#8220;default&#8220; gradient_direction=&#8220;left_to_right&#8220; overlay_strength=&#8220;0.3&#8243; width=&#8220;1\/1&#8243; tablet_width_inherit=&#8220;default&#8220; animation_type=&#8220;default&#8220; bg_image_animation=&#8220;none&#8220; border_type=&#8220;simple&#8220; column_border_width=&#8220;none&#8220; column_border_style=&#8220;solid&#8220;][vc_column_text css=&#8220;&#8220; text_direction=&#8220;default&#8220;]<ul class=\"newspaper-grid\">\r\n<li class=\"newspaper\">\r\n\t<div class=\"newspaper-image\"><img decoding=\"async\" width=\"207\" height=\"26\" src=\"https:\/\/europhras.org\/wp-content\/uploads\/2025\/06\/phras_and_par_klein.jpg\" class=\"attachment-full size-full\" alt=\"\" \/><\/div>\r\n\t<ul class=\"newspaper-meta\">\r\n\t\t<li><h2>Phraseologie und Par\u00f6miologie<\/h2><\/li>\r\n\t\t<li class=\"newspaper-description\"><p>Hrsg. von Wolfgang Eismann; Christian Grandl; Wolfgang Mieder, Schneider Verlag Hohengehren<\/p>\n<p>Die Reihe\u00a0<strong>Phraseologie und Par\u00f6miologie<\/strong>\u00a0setzt die\u00a0<em>Studien zur Phraseologie und Par\u00f6miologie<\/em>\u00a0(1994\u20131998) fort. Durch die Herausgabe von Monographien und Sammelb\u00e4nden soll ein internationales Forum f\u00fcr alle geboten werden, die an Phraseologie, Sprichwortforschung und verwandten Themen interessiert sind. Die Herausgeber gehen von einer Konzeption aus, die sich der \u00dcberg\u00e4nge zwischen Phraseologismen, sprichw\u00f6rtlichen Redensarten, Sprichw\u00f6rtern und anderen \u201eEinfachen Formen\u201c sowie deren \u201eKondensationen\u201c bis hin zum einzelnen Lexem bewusst ist. Deshalb sollen auch Arbeiten zu anderen \u201eKleinen Formen\u201c Platz finden, die Ber\u00fchrungspunkte mit Phraseologismen und Sprichw\u00f6rtern haben.<\/p>\n<p><em>EUROPHRAS-Mitglieder erhalten 20% Rabatt beim Kauf von Ver\u00f6ffentlichungen dieser Reihe.<\/em><\/p>\n<\/li>\r\n\t\t\r\n\t\t<li><\/li>\r\n\t\t<li><\/li>\r\n\t<\/ul>\r\n<\/li>\r\n\r\n<li class=\"newspaper\">\r\n\t<div class=\"newspaper-image\"><img decoding=\"async\" width=\"302\" height=\"75\" src=\"https:\/\/europhras.org\/wp-content\/uploads\/2025\/06\/proverbium_klein.jpg\" class=\"attachment-full size-full\" alt=\"\" srcset=\"https:\/\/europhras.org\/wp-content\/uploads\/2025\/06\/proverbium_klein.jpg 302w, https:\/\/europhras.org\/wp-content\/uploads\/2025\/06\/proverbium_klein-300x75.jpg 300w\" sizes=\"(max-width: 302px) 100vw, 302px\" \/><\/div>\r\n\t<ul class=\"newspaper-meta\">\r\n\t\t<li><h2>PROVERBIUM &#8211; Yearbook of International Proverb Scholarship<\/h2><\/li>\r\n\t\t<li class=\"newspaper-description\"><p>Ed. by Hrisztalina Hrisztova-Gotthardt and Melita Aleksa Varga (University of Osijek, Faculty of Humanities and Social Sciences)<\/p>\n<p>The journal is open to original scientific papers, preliminary communications, obituaries, book reviews, and bibliographies dedicated to the broad field of paremiology. The newly launched website corresponds to the journal\u2019s policy and is accessible in the journal\u2019s five languages as well.<\/p>\n<\/li>\r\n\t\t\r\n\t\t<li><\/li>\r\n\t\t<li><\/li>\r\n\t<\/ul>\r\n<\/li>\r\n\r\n<li class=\"newspaper\">\r\n\t<div class=\"newspaper-image\"><img decoding=\"async\" width=\"150\" height=\"223\" src=\"https:\/\/europhras.org\/wp-content\/uploads\/2025\/06\/Formelhafte_Sprache2018.jpg\" class=\"attachment-full size-full\" alt=\"\" \/><\/div>\r\n\t<ul class=\"newspaper-meta\">\r\n\t\t<li><h2>Formelhafte Sprache \/ Formulaic language<\/h2><\/li>\r\n\t\t<li class=\"newspaper-description\"><p>Hrsg. von Natalia Filatkina; Kathrin Steyer; S\u00f6ren Stumpf (De Gruyter)<\/p>\n<p>Die Reihe\u00a0<strong>Formelhafte Sprache<\/strong>\u00a0\/\u00a0<strong>Formulaic Language<\/strong>\u00a0bietet einintegratives Forum f\u00fcr innovative Publikationen, die sprachliche, kognitiveund konzeptuelle Vorgeformtheit in den Mittelpunkt ihrer Betrachtungenr\u00fccken. Sie ist f\u00fcr Studien offen, die sich mit Vorgepr\u00e4gtheit, Musterhaftigkeit bzw. Formelhaftigkeit auf allen sprachlichen Ebenen (im System wie in der Sprachverwendung) und au\u00dfersprachlicher Natur (etwa beider kulturbasierten und kulturspezifischen Wissensgestaltung und -tradierung) besch\u00e4ftigen.<\/p>\n<\/li>\r\n\t\t\r\n\t\t<li><\/li>\r\n\t\t<li><\/li>\r\n\t<\/ul>\r\n<\/li>\r\n\r\n<li class=\"newspaper\">\r\n\t<div class=\"newspaper-image\"><img decoding=\"async\" width=\"486\" height=\"684\" src=\"https:\/\/europhras.org\/wp-content\/uploads\/2025\/06\/Multiword_expressionsBuchdeckel2018.png\" class=\"attachment-full size-full\" alt=\"\" srcset=\"https:\/\/europhras.org\/wp-content\/uploads\/2025\/06\/Multiword_expressionsBuchdeckel2018.png 486w, https:\/\/europhras.org\/wp-content\/uploads\/2025\/06\/Multiword_expressionsBuchdeckel2018-213x300.png 213w\" sizes=\"(max-width: 486px) 100vw, 486px\" \/><\/div>\r\n\t<ul class=\"newspaper-meta\">\r\n\t\t<li><h2>Phraseology and Multiword Expressions<\/h2><\/li>\r\n\t\t<li class=\"newspaper-description\"><p>Ed. by Agata Savary; Manfred Sailer; Yannick Parmentier; Victoria Ros\u00e9n; Mike Rosner (Language Science Press)<\/p>\n<p>This series aims to publish high quality books about conventionalized, idiosyncratic combinations of words. Within the field of phraseology such word combinations are sometimes called phrasemes, while the computational linguistics community uses the term multiword expressions for them.<\/p>\n<\/li>\r\n\t\t\r\n\t\t<li><\/li>\r\n\t\t<li><\/li>\r\n\t<\/ul>\r\n<\/li>\r\n\r\n<li class=\"newspaper\">\r\n\t<div class=\"newspaper-image\"><img decoding=\"async\" width=\"349\" height=\"80\" src=\"https:\/\/europhras.org\/wp-content\/uploads\/2025\/06\/Cadernos_klein.jpg\" class=\"attachment-full size-full\" alt=\"\" srcset=\"https:\/\/europhras.org\/wp-content\/uploads\/2025\/06\/Cadernos_klein.jpg 349w, https:\/\/europhras.org\/wp-content\/uploads\/2025\/06\/Cadernos_klein-300x69.jpg 300w\" sizes=\"(max-width: 349px) 100vw, 349px\" \/><\/div>\r\n\t<ul class=\"newspaper-meta\">\r\n\t\t<li><h2>Cadernos de Fraseolox\u00eda Galega<\/h2><\/li>\r\n\t\t<li class=\"newspaper-description\"><p>ist eine phraseologische Zeitschrift in galizischer Sprache, die j\u00e4hrlich vom &#8222;Centro Ram\u00f3n Pi\u00f1eiro para a Investigaci\u00f3n en Humanidades&#8220;, einem linguistischen Forschungsinstitut zur F\u00f6rderung des Galicischen, ver\u00f6ffentlicht wird. Artikel und Rezensionen auf Deutsch, Englisch, Franz\u00f6sisch, Galicisch, Italienisch, Spanisch und Portugiesisch zu theoretischen und praktischen Fragestellungen zur Phraseologie jeder Sprache der Welt sind herzlich willkommen. Die zur Publikation angenommenen Beitr\u00e4ge werden vom Redaktionskomitee ins Galicische \u00fcbersetzt.<\/p>\n<p>Die Ausgaben der Zeitschrift ist sowie galizische \u00dcbersetzungen weiterer phraseologischer Werke sind online frei verf\u00fcgbar unter\u00a0<a href=\"https:\/\/web.archive.org\/web\/20240422142459\/http:\/\/www.cirp.es\/w3\/cfg\/\" target=\"_blank\" rel=\"noopener\">http:\/\/www.cirp.es\/w3\/cfg\/<\/a><\/p>\n<\/li>\r\n\t\t\r\n\t\t<li><\/li>\r\n\t\t<li><\/li>\r\n\t<\/ul>\r\n<\/li>\r\n<\/ul>[\/vc_column_text][\/vc_column][\/vc_row][vc_row type=&#8220;in_container&#8220; full_screen_row_position=&#8220;middle&#8220; column_margin=&#8220;default&#8220; column_direction=&#8220;default&#8220; column_direction_tablet=&#8220;default&#8220; column_direction_phone=&#8220;default&#8220; scene_position=&#8220;center&#8220; bottom_padding=&#8220;5%&#8220; text_color=&#8220;dark&#8220; text_align=&#8220;left&#8220; row_border_radius=&#8220;none&#8220; row_border_radius_applies=&#8220;bg&#8220; overflow=&#8220;visible&#8220; overlay_strength=&#8220;0.3&#8243; gradient_direction=&#8220;left_to_right&#8220; shape_divider_position=&#8220;bottom&#8220; bg_image_animation=&#8220;none&#8220; gradient_type=&#8220;default&#8220; shape_type=&#8220;&#8220;][vc_column column_padding=&#8220;no-extra-padding&#8220; column_padding_tablet=&#8220;inherit&#8220; column_padding_phone=&#8220;inherit&#8220; column_padding_position=&#8220;all&#8220; column_element_direction_desktop=&#8220;default&#8220; column_element_spacing=&#8220;default&#8220; desktop_text_alignment=&#8220;default&#8220; tablet_text_alignment=&#8220;default&#8220; phone_text_alignment=&#8220;default&#8220; background_color_opacity=&#8220;1&#8243; background_hover_color_opacity=&#8220;1&#8243; column_backdrop_filter=&#8220;none&#8220; column_shadow=&#8220;none&#8220; column_border_radius=&#8220;none&#8220; column_link_target=&#8220;_self&#8220; column_position=&#8220;default&#8220; gradient_direction=&#8220;left_to_right&#8220; overlay_strength=&#8220;0.3&#8243; width=&#8220;1\/1&#8243; tablet_width_inherit=&#8220;default&#8220; animation_type=&#8220;default&#8220; bg_image_animation=&#8220;none&#8220; border_type=&#8220;simple&#8220; column_border_width=&#8220;none&#8220; column_border_style=&#8220;solid&#8220;][\/vc_column][\/vc_row]\n","protected":false},"excerpt":{"rendered":"<p>[vc_row type=&#8220;in_container&#8220; full_screen_row_position=&#8220;middle&#8220; column_margin=&#8220;default&#8220; column_direction=&#8220;default&#8220; column_direction_tablet=&#8220;default&#8220; column_direction_phone=&#8220;default&#8220; scene_position=&#8220;center&#8220; text_color=&#8220;dark&#8220; text_align=&#8220;left&#8220; row_border_radius=&#8220;none&#8220; row_border_radius_applies=&#8220;bg&#8220; overflow=&#8220;visible&#8220; overlay_strength=&#8220;0.3&#8243; gradient_direction=&#8220;left_to_right&#8220; shape_divider_position=&#8220;bottom&#8220; bg_image_animation=&#8220;none&#8220;][vc_column column_padding=&#8220;no-extra-padding&#8220; column_padding_tablet=&#8220;inherit&#8220; column_padding_phone=&#8220;inherit&#8220; column_padding_position=&#8220;all&#8220; column_element_direction_desktop=&#8220;default&#8220; column_element_spacing=&#8220;default&#8220; desktop_text_alignment=&#8220;default&#8220; tablet_text_alignment=&#8220;default&#8220; phone_text_alignment=&#8220;default&#8220; background_color_opacity=&#8220;1&#8243; background_hover_color_opacity=&#8220;1&#8243; column_backdrop_filter=&#8220;none&#8220; column_shadow=&#8220;none&#8220;&#8230;<\/p>\n","protected":false},"author":1,"featured_media":0,"parent":0,"menu_order":0,"comment_status":"closed","ping_status":"closed","template":"","meta":{"_acf_changed":false,"inline_featured_image":false,"footnotes":""},"class_list":["post-1566","page","type-page","status-publish"],"acf":[],"yoast_head":"<!-- This site is optimized with the Yoast SEO plugin v26.6 - https:\/\/yoast.com\/wordpress\/plugins\/seo\/ -->\n<title>Reihen und Zeitschriften - Europhras<\/title>\n<meta name=\"robots\" content=\"index, follow, max-snippet:-1, max-image-preview:large, max-video-preview:-1\" \/>\n<link rel=\"canonical\" href=\"https:\/\/europhras.org\/de\/reihen-und-zeitschriften\/\" \/>\n<meta property=\"og:locale\" content=\"de_DE\" \/>\n<meta property=\"og:type\" content=\"article\" \/>\n<meta property=\"og:title\" content=\"Reihen und Zeitschriften - Europhras\" \/>\n<meta property=\"og:description\" content=\"[vc_row type=&#8220;in_container&#8220; full_screen_row_position=&#8220;middle&#8220; column_margin=&#8220;default&#8220; column_direction=&#8220;default&#8220; column_direction_tablet=&#8220;default&#8220; column_direction_phone=&#8220;default&#8220; scene_position=&#8220;center&#8220; text_color=&#8220;dark&#8220; text_align=&#8220;left&#8220; row_border_radius=&#8220;none&#8220; row_border_radius_applies=&#8220;bg&#8220; overflow=&#8220;visible&#8220; overlay_strength=&#8220;0.3&#8243; gradient_direction=&#8220;left_to_right&#8220; shape_divider_position=&#8220;bottom&#8220; bg_image_animation=&#8220;none&#8220;][vc_column column_padding=&#8220;no-extra-padding&#8220; column_padding_tablet=&#8220;inherit&#8220; column_padding_phone=&#8220;inherit&#8220; column_padding_position=&#8220;all&#8220; column_element_direction_desktop=&#8220;default&#8220; column_element_spacing=&#8220;default&#8220; desktop_text_alignment=&#8220;default&#8220; tablet_text_alignment=&#8220;default&#8220; phone_text_alignment=&#8220;default&#8220; background_color_opacity=&#8220;1&#8243; background_hover_color_opacity=&#8220;1&#8243; column_backdrop_filter=&#8220;none&#8220; column_shadow=&#8220;none&#8220;...\" \/>\n<meta property=\"og:url\" content=\"https:\/\/europhras.org\/de\/reihen-und-zeitschriften\/\" \/>\n<meta property=\"og:site_name\" content=\"Europhras\" \/>\n<meta property=\"article:modified_time\" content=\"2025-06-05T12:47:19+00:00\" \/>\n<meta name=\"twitter:card\" content=\"summary_large_image\" \/>\n<meta name=\"twitter:label1\" content=\"Gesch\u00e4tzte Lesezeit\" \/>\n\t<meta name=\"twitter:data1\" content=\"1\u00a0Minute\" \/>\n<script type=\"application\/ld+json\" class=\"yoast-schema-graph\">{\"@context\":\"https:\/\/schema.org\",\"@graph\":[{\"@type\":\"WebPage\",\"@id\":\"https:\/\/europhras.org\/de\/reihen-und-zeitschriften\/\",\"url\":\"https:\/\/europhras.org\/de\/reihen-und-zeitschriften\/\",\"name\":\"Reihen und Zeitschriften - Europhras\",\"isPartOf\":{\"@id\":\"https:\/\/europhras.org\/de\/#website\"},\"datePublished\":\"2025-06-03T14:25:16+00:00\",\"dateModified\":\"2025-06-05T12:47:19+00:00\",\"breadcrumb\":{\"@id\":\"https:\/\/europhras.org\/de\/reihen-und-zeitschriften\/#breadcrumb\"},\"inLanguage\":\"de\",\"potentialAction\":[{\"@type\":\"ReadAction\",\"target\":[\"https:\/\/europhras.org\/de\/reihen-und-zeitschriften\/\"]}]},{\"@type\":\"BreadcrumbList\",\"@id\":\"https:\/\/europhras.org\/de\/reihen-und-zeitschriften\/#breadcrumb\",\"itemListElement\":[{\"@type\":\"ListItem\",\"position\":1,\"name\":\"Startseite\",\"item\":\"https:\/\/europhras.org\/de\/\"},{\"@type\":\"ListItem\",\"position\":2,\"name\":\"Reihen und Zeitschriften\"}]},{\"@type\":\"WebSite\",\"@id\":\"https:\/\/europhras.org\/de\/#website\",\"url\":\"https:\/\/europhras.org\/de\/\",\"name\":\"Europhras\",\"description\":\"\",\"publisher\":{\"@id\":\"https:\/\/europhras.org\/de\/#organization\"},\"potentialAction\":[{\"@type\":\"SearchAction\",\"target\":{\"@type\":\"EntryPoint\",\"urlTemplate\":\"https:\/\/europhras.org\/de\/?s={search_term_string}\"},\"query-input\":{\"@type\":\"PropertyValueSpecification\",\"valueRequired\":true,\"valueName\":\"search_term_string\"}}],\"inLanguage\":\"de\"},{\"@type\":\"Organization\",\"@id\":\"https:\/\/europhras.org\/de\/#organization\",\"name\":\"Europhras\",\"url\":\"https:\/\/europhras.org\/de\/\",\"logo\":{\"@type\":\"ImageObject\",\"inLanguage\":\"de\",\"@id\":\"https:\/\/europhras.org\/de\/#\/schema\/logo\/image\/\",\"url\":\"https:\/\/europhras.org\/wp-content\/uploads\/2024\/10\/ep-logo_2x.png\",\"contentUrl\":\"https:\/\/europhras.org\/wp-content\/uploads\/2024\/10\/ep-logo_2x.png\",\"width\":1231,\"height\":220,\"caption\":\"Europhras\"},\"image\":{\"@id\":\"https:\/\/europhras.org\/de\/#\/schema\/logo\/image\/\"}}]}<\/script>\n<!-- \/ Yoast SEO plugin. -->","yoast_head_json":{"title":"Reihen und Zeitschriften - Europhras","robots":{"index":"index","follow":"follow","max-snippet":"max-snippet:-1","max-image-preview":"max-image-preview:large","max-video-preview":"max-video-preview:-1"},"canonical":"https:\/\/europhras.org\/de\/reihen-und-zeitschriften\/","og_locale":"de_DE","og_type":"article","og_title":"Reihen und Zeitschriften - Europhras","og_description":"[vc_row type=&#8220;in_container&#8220; full_screen_row_position=&#8220;middle&#8220; column_margin=&#8220;default&#8220; column_direction=&#8220;default&#8220; column_direction_tablet=&#8220;default&#8220; column_direction_phone=&#8220;default&#8220; scene_position=&#8220;center&#8220; text_color=&#8220;dark&#8220; text_align=&#8220;left&#8220; row_border_radius=&#8220;none&#8220; row_border_radius_applies=&#8220;bg&#8220; overflow=&#8220;visible&#8220; overlay_strength=&#8220;0.3&#8243; gradient_direction=&#8220;left_to_right&#8220; shape_divider_position=&#8220;bottom&#8220; bg_image_animation=&#8220;none&#8220;][vc_column column_padding=&#8220;no-extra-padding&#8220; column_padding_tablet=&#8220;inherit&#8220; column_padding_phone=&#8220;inherit&#8220; column_padding_position=&#8220;all&#8220; column_element_direction_desktop=&#8220;default&#8220; column_element_spacing=&#8220;default&#8220; desktop_text_alignment=&#8220;default&#8220; tablet_text_alignment=&#8220;default&#8220; phone_text_alignment=&#8220;default&#8220; background_color_opacity=&#8220;1&#8243; background_hover_color_opacity=&#8220;1&#8243; column_backdrop_filter=&#8220;none&#8220; column_shadow=&#8220;none&#8220;...","og_url":"https:\/\/europhras.org\/de\/reihen-und-zeitschriften\/","og_site_name":"Europhras","article_modified_time":"2025-06-05T12:47:19+00:00","twitter_card":"summary_large_image","twitter_misc":{"Gesch\u00e4tzte Lesezeit":"1\u00a0Minute"},"schema":{"@context":"https:\/\/schema.org","@graph":[{"@type":"WebPage","@id":"https:\/\/europhras.org\/de\/reihen-und-zeitschriften\/","url":"https:\/\/europhras.org\/de\/reihen-und-zeitschriften\/","name":"Reihen und Zeitschriften - Europhras","isPartOf":{"@id":"https:\/\/europhras.org\/de\/#website"},"datePublished":"2025-06-03T14:25:16+00:00","dateModified":"2025-06-05T12:47:19+00:00","breadcrumb":{"@id":"https:\/\/europhras.org\/de\/reihen-und-zeitschriften\/#breadcrumb"},"inLanguage":"de","potentialAction":[{"@type":"ReadAction","target":["https:\/\/europhras.org\/de\/reihen-und-zeitschriften\/"]}]},{"@type":"BreadcrumbList","@id":"https:\/\/europhras.org\/de\/reihen-und-zeitschriften\/#breadcrumb","itemListElement":[{"@type":"ListItem","position":1,"name":"Startseite","item":"https:\/\/europhras.org\/de\/"},{"@type":"ListItem","position":2,"name":"Reihen und Zeitschriften"}]},{"@type":"WebSite","@id":"https:\/\/europhras.org\/de\/#website","url":"https:\/\/europhras.org\/de\/","name":"Europhras","description":"","publisher":{"@id":"https:\/\/europhras.org\/de\/#organization"},"potentialAction":[{"@type":"SearchAction","target":{"@type":"EntryPoint","urlTemplate":"https:\/\/europhras.org\/de\/?s={search_term_string}"},"query-input":{"@type":"PropertyValueSpecification","valueRequired":true,"valueName":"search_term_string"}}],"inLanguage":"de"},{"@type":"Organization","@id":"https:\/\/europhras.org\/de\/#organization","name":"Europhras","url":"https:\/\/europhras.org\/de\/","logo":{"@type":"ImageObject","inLanguage":"de","@id":"https:\/\/europhras.org\/de\/#\/schema\/logo\/image\/","url":"https:\/\/europhras.org\/wp-content\/uploads\/2024\/10\/ep-logo_2x.png","contentUrl":"https:\/\/europhras.org\/wp-content\/uploads\/2024\/10\/ep-logo_2x.png","width":1231,"height":220,"caption":"Europhras"},"image":{"@id":"https:\/\/europhras.org\/de\/#\/schema\/logo\/image\/"}}]}},"_links":{"self":[{"href":"https:\/\/europhras.org\/de\/wp-json\/wp\/v2\/pages\/1566","targetHints":{"allow":["GET"]}}],"collection":[{"href":"https:\/\/europhras.org\/de\/wp-json\/wp\/v2\/pages"}],"about":[{"href":"https:\/\/europhras.org\/de\/wp-json\/wp\/v2\/types\/page"}],"author":[{"embeddable":true,"href":"https:\/\/europhras.org\/de\/wp-json\/wp\/v2\/users\/1"}],"replies":[{"embeddable":true,"href":"https:\/\/europhras.org\/de\/wp-json\/wp\/v2\/comments?post=1566"}],"version-history":[{"count":5,"href":"https:\/\/europhras.org\/de\/wp-json\/wp\/v2\/pages\/1566\/revisions"}],"predecessor-version":[{"id":1609,"href":"https:\/\/europhras.org\/de\/wp-json\/wp\/v2\/pages\/1566\/revisions\/1609"}],"wp:attachment":[{"href":"https:\/\/europhras.org\/de\/wp-json\/wp\/v2\/media?parent=1566"}],"curies":[{"name":"wp","href":"https:\/\/api.w.org\/{rel}","templated":true}]}}